{"id":52585,"date":"2024-06-06T10:50:52","date_gmt":"2024-06-06T10:50:52","guid":{"rendered":"https:\/\/e.kosmolat.eu\/product\/c%d1%83%d1%81%d1%82%d0%be%d0%b5-%d0%bcue%d0%be-ae%d1%8f-ia%d0%bdc-modum-%d0%baea%d1%81%d1%81c%d0%baa-%d0%beie%d0%b5%d0%bfcoa-500-n\/"},"modified":"2025-09-20T04:42:42","modified_gmt":"2025-09-20T04:42:42","slug":"modum-klasika-biezas-pirts-ziepes-smiltserkskis-500-g","status":"publish","type":"product","link":"https:\/\/e.kosmolat.eu\/lt\/produktas\/modum-klasika-biezas-pirts-ziepes-smiltserkskis-500-g\/","title":{"rendered":"MODUM CLASSIC Tir\u0161tas vonios muilas \u0160alalankai, 500 g"},"content":{"rendered":"<p>Vis\u0173 tip\u0173 odai.<\/p>\n<p>Naudojimas: u\u017etepkite reikiam\u0105 kiek\u012f muilo ant dr\u0117gno k\u016bno ir\/ar plauk\u0173, masa\u017euokite, gerai i\u0161skalaukite dideliu kiekiu vandens.<\/p>\n<p>Laikyti nuo +5 \u00b0C iki +25 \u00b0C temperat\u016broje.<\/p>\n","protected":false},"excerpt":{"rendered":"<p>Vis\u0173 tip\u0173 odai. Naudojimas: u\u017etepkite reikiam\u0105 kiek\u012f muilo ant dr\u0117gno k\u016bno ir\/ar plauk\u0173, masa\u017euokite, gerai i\u0161skalaukite dideliu kiekiu vandens. Laikyti nuo +5 \u00b0C iki +25 \u00b0C temperat\u016broje.<\/p>\n","protected":false},"featured_media":92110,"template":"","meta":[],"product_cat":[1615],"product_tag":[],"class_list":{"0":"post-52585","1":"product","2":"type-product","3":"status-publish","4":"has-post-thumbnail","6":"product_brand-modum_by-lt","7":"product_cat-priemones-pirciai","9":"first","10":"outofstock","11":"taxable","12":"shipping-taxable","13":"product-type-simple"},"_links":{"self":[{"href":"https:\/\/e.kosmolat.eu\/lt\/wp-json\/wp\/v2\/product\/52585","targetHints":{"allow":["GET"]}}],"collection":[{"href":"https:\/\/e.kosmolat.eu\/lt\/wp-json\/wp\/v2\/product"}],"about":[{"href":"https:\/\/e.kosmolat.eu\/lt\/wp-json\/wp\/v2\/types\/product"}],"wp:featuredmedia":[{"embeddable":true,"href":"https:\/\/e.kosmolat.eu\/lt\/wp-json\/wp\/v2\/media\/92110"}],"wp:attachment":[{"href":"https:\/\/e.kosmolat.eu\/lt\/wp-json\/wp\/v2\/media?parent=52585"}],"wp:term":[{"taxonomy":"product_cat","embeddable":true,"href":"https:\/\/e.kosmolat.eu\/lt\/wp-json\/wp\/v2\/product_cat?post=52585"},{"taxonomy":"product_tag","embeddable":true,"href":"https:\/\/e.kosmolat.eu\/lt\/wp-json\/wp\/v2\/product_tag?post=52585"}],"curies":[{"name":"wp","href":"https:\/\/api.w.org\/{rel}","templated":true}]}}