{"id":52553,"date":"2024-06-06T07:20:22","date_gmt":"2024-06-06T07:20:22","guid":{"rendered":"https:\/\/e.kosmolat.eu\/?post_type=product&#038;p=52553"},"modified":"2026-04-14T16:32:33","modified_gmt":"2026-04-14T16:32:33","slug":"miss-so-love-potion-parfimerijas-udens-meza-ogas-un-jasmins-50-ml","status":"publish","type":"product","link":"https:\/\/e.kosmolat.eu\/lt\/produktas\/miss-so-love-potion-parfimerijas-udens-meza-ogas-un-jasmins-50-ml\/","title":{"rendered":"MISS SO&#8230;? Love Potion parfumuotas vanduo Laukin\u0117s uogos ir jazminai, 50 ml"},"content":{"rendered":"<p>\u012eSP\u0116JIMAS: Degi, kol i\u0161d\u017eius. Nenaudokite \u0161alia ugnies, liepsnos ar \u0161ildymo element\u0173.<\/p>\n<p>DEGUS SKYSTIS IR GARAI.<\/p>\n","protected":false},"excerpt":{"rendered":"<p>\u012eSP\u0116JIMAS: Degi, kol i\u0161d\u017eius. Nenaudokite \u0161alia ugnies, liepsnos ar \u0161ildymo element\u0173. DEGUS SKYSTIS IR GARAI.<\/p>\n","protected":false},"featured_media":92170,"template":"","meta":[],"product_cat":[1447],"product_tag":[],"class_list":{"0":"post-52553","1":"product","2":"type-product","3":"status-publish","4":"has-post-thumbnail","6":"product_brand-incos_gb-lt","7":"product_cat-kvepalai-ir-tualetinis-vanduo-moterims","9":"first","10":"instock","11":"taxable","12":"shipping-taxable","13":"product-type-simple"},"_links":{"self":[{"href":"https:\/\/e.kosmolat.eu\/lt\/wp-json\/wp\/v2\/product\/52553","targetHints":{"allow":["GET"]}}],"collection":[{"href":"https:\/\/e.kosmolat.eu\/lt\/wp-json\/wp\/v2\/product"}],"about":[{"href":"https:\/\/e.kosmolat.eu\/lt\/wp-json\/wp\/v2\/types\/product"}],"wp:featuredmedia":[{"embeddable":true,"href":"https:\/\/e.kosmolat.eu\/lt\/wp-json\/wp\/v2\/media\/92170"}],"wp:attachment":[{"href":"https:\/\/e.kosmolat.eu\/lt\/wp-json\/wp\/v2\/media?parent=52553"}],"wp:term":[{"taxonomy":"product_cat","embeddable":true,"href":"https:\/\/e.kosmolat.eu\/lt\/wp-json\/wp\/v2\/product_cat?post=52553"},{"taxonomy":"product_tag","embeddable":true,"href":"https:\/\/e.kosmolat.eu\/lt\/wp-json\/wp\/v2\/product_tag?post=52553"}],"curies":[{"name":"wp","href":"https:\/\/api.w.org\/{rel}","templated":true}]}}