{"id":52545,"date":"2024-06-06T06:36:31","date_gmt":"2024-06-06T06:36:31","guid":{"rendered":"https:\/\/e.kosmolat.eu\/?post_type=product&#038;p=52545"},"modified":"2026-04-13T12:52:21","modified_gmt":"2026-04-13T12:52:21","slug":"escentuals-parfimer-udens-zala-teja-100-ml","status":"publish","type":"product","link":"https:\/\/e.kosmolat.eu\/lt\/produktas\/escentuals-parfimer-udens-zala-teja-100-ml\/","title":{"rendered":"ESCENTUALS Parfumuotas vanduo \u017dalioji arbata, 100 ml"},"content":{"rendered":"<p>\u012eSP\u0116JIMAS: Degi, kol i\u0161d\u017eius. Nenaudokite \u0161alia ugnies, liepsnos ar \u0161ildymo element\u0173.<\/p>\n<p>DEGUS SKYSTIS IR GARAI.<\/p>\n<p>Etilo alkoholio t\u016brin\u0117 dalis 75 t\u016brio proc.<\/p>\n","protected":false},"excerpt":{"rendered":"<p>\u012eSP\u0116JIMAS: Degi, kol i\u0161d\u017eius. Nenaudokite \u0161alia ugnies, liepsnos ar \u0161ildymo element\u0173. DEGUS SKYSTIS IR GARAI. Etilo alkoholio t\u016brin\u0117 dalis 75 t\u016brio proc.<\/p>\n","protected":false},"featured_media":92186,"template":"","meta":[],"product_cat":[1447],"product_tag":[],"class_list":{"0":"post-52545","1":"product","2":"type-product","3":"status-publish","4":"has-post-thumbnail","6":"product_brand-incos_gb-lt","7":"product_cat-kvepalai-ir-tualetinis-vanduo-moterims","9":"first","10":"instock","11":"taxable","12":"shipping-taxable","13":"product-type-simple"},"_links":{"self":[{"href":"https:\/\/e.kosmolat.eu\/lt\/wp-json\/wp\/v2\/product\/52545","targetHints":{"allow":["GET"]}}],"collection":[{"href":"https:\/\/e.kosmolat.eu\/lt\/wp-json\/wp\/v2\/product"}],"about":[{"href":"https:\/\/e.kosmolat.eu\/lt\/wp-json\/wp\/v2\/types\/product"}],"wp:featuredmedia":[{"embeddable":true,"href":"https:\/\/e.kosmolat.eu\/lt\/wp-json\/wp\/v2\/media\/92186"}],"wp:attachment":[{"href":"https:\/\/e.kosmolat.eu\/lt\/wp-json\/wp\/v2\/media?parent=52545"}],"wp:term":[{"taxonomy":"product_cat","embeddable":true,"href":"https:\/\/e.kosmolat.eu\/lt\/wp-json\/wp\/v2\/product_cat?post=52545"},{"taxonomy":"product_tag","embeddable":true,"href":"https:\/\/e.kosmolat.eu\/lt\/wp-json\/wp\/v2\/product_tag?post=52545"}],"curies":[{"name":"wp","href":"https:\/\/api.w.org\/{rel}","templated":true}]}}