{"id":52513,"date":"2024-06-05T08:25:39","date_gmt":"2024-06-05T08:25:39","guid":{"rendered":"https:\/\/e.kosmolat.eu\/product\/ns-hair-evolution-dabigs-kondicionieris-d-tox-dzila-attirisana-245-ml\/"},"modified":"2025-09-19T21:33:38","modified_gmt":"2025-09-19T21:33:38","slug":"ns-hair-evolution-dabigs-kondicionieris-d-tox-dzila-attirisana-245-ml","status":"publish","type":"product","link":"https:\/\/e.kosmolat.eu\/lt\/produktas\/ns-hair-evolution-dabigs-kondicionieris-d-tox-dzila-attirisana-245-ml\/","title":{"rendered":"NS HAIR EVOLUTION kondicionierius plaukams giliai valantis D-Tox , 245 ml"},"content":{"rendered":"<p>Giliai valantis plauik\u0173 kondicionierius riebioms \u0161aknims ir sausiems galiukams. Jis giliai dr\u0117kina bei mink\u0161tina plaukus, palengvina j\u0173 \u0161ukavim\u0105 ir suteikia nat\u016bral\u0173 \u0161vyt\u0117jim\u0105. Idealiai tinka naudoti su tos pa\u010dios linijos &#8220;D-Tox&#8221; produktais.<\/p>\n","protected":false},"excerpt":{"rendered":"<p>Giliai valantis plauik\u0173 kondicionierius riebioms \u0161aknims ir sausiems galiukams. Jis giliai dr\u0117kina bei mink\u0161tina plaukus, palengvina j\u0173 \u0161ukavim\u0105 ir suteikia nat\u016bral\u0173 \u0161vyt\u0117jim\u0105. Idealiai tinka naudoti su tos pa\u010dios linijos &#8220;D-Tox&#8221; produktais.<\/p>\n","protected":false},"featured_media":85154,"template":"","meta":[],"product_cat":[1640],"product_tag":[],"class_list":{"0":"post-52513","1":"product","2":"type-product","3":"status-publish","4":"has-post-thumbnail","6":"product_brand-siberica_ee-lt","7":"product_cat-balzamai","9":"first","10":"outofstock","11":"taxable","12":"shipping-taxable","13":"product-type-simple"},"_links":{"self":[{"href":"https:\/\/e.kosmolat.eu\/lt\/wp-json\/wp\/v2\/product\/52513","targetHints":{"allow":["GET"]}}],"collection":[{"href":"https:\/\/e.kosmolat.eu\/lt\/wp-json\/wp\/v2\/product"}],"about":[{"href":"https:\/\/e.kosmolat.eu\/lt\/wp-json\/wp\/v2\/types\/product"}],"wp:featuredmedia":[{"embeddable":true,"href":"https:\/\/e.kosmolat.eu\/lt\/wp-json\/wp\/v2\/media\/85154"}],"wp:attachment":[{"href":"https:\/\/e.kosmolat.eu\/lt\/wp-json\/wp\/v2\/media?parent=52513"}],"wp:term":[{"taxonomy":"product_cat","embeddable":true,"href":"https:\/\/e.kosmolat.eu\/lt\/wp-json\/wp\/v2\/product_cat?post=52513"},{"taxonomy":"product_tag","embeddable":true,"href":"https:\/\/e.kosmolat.eu\/lt\/wp-json\/wp\/v2\/product_tag?post=52513"}],"curies":[{"name":"wp","href":"https:\/\/api.w.org\/{rel}","templated":true}]}}