{"id":52485,"date":"2024-06-05T06:59:21","date_gmt":"2024-06-05T06:59:21","guid":{"rendered":"https:\/\/e.kosmolat.eu\/product\/i%d0%be%d1%82a%d0%bdc%d0%ba-%d0%bas%d0%b5%d0%bciaea%d0%bd%d1%81cs%d1%83z%d1%89c%d0%b9a%d0%bd%d0%b5%d0%b2%d0%bd%d0%be%d0%b950%d0%bce\/"},"modified":"2025-09-20T04:42:12","modified_gmt":"2025-09-20T04:42:12","slug":"bw-veganica-botanic-lidzsvar-dienas-kr-tauk-un-kombin-adai-50-ml","status":"publish","type":"product","link":"https:\/\/e.kosmolat.eu\/lt\/produktas\/bw-veganica-botanic-lidzsvar-dienas-kr-tauk-un-kombin-adai-50-ml\/","title":{"rendered":"BIO WORLD Veganica Botanic dieninis balansuojantis veido kremas riebiai ir mi\u0161riai odai, 50 ml"},"content":{"rendered":"<p>6 aliejai ir ekstraktai (kokos\u0173, rabarbar\u0173, dygmin\u0173, imbiero, \u0161alavij\u0173, juod\u0173j\u0173 kmyn\u0173) + 2 veikliosios med\u017eiagos (MossCellTec + natrio hialuronatas). 98% nat\u016bralios kilm\u0117s ingredient\u0173.<\/p>\n<p>\u2022 Idealus pagrindas makia\u017eui<br \/>\n\u2022 Panaikina odos blizges\u012f iki 8 valand\u0173.<br \/>\n\u2022 Reguliuoja riebalini\u0173 liauk\u0173 veikl\u0105<br \/>\n\u2022 I\u0161lygina odos tekst\u016br\u0105<br \/>\n\u2022 Sutraukia poras<\/p>\n<p>Pasitik\u0117k tik gamta!<br \/>\nUnikali nat\u016brali\u0173 ingredient\u0173 sud\u0117tis suteikia ypating\u0105 prie\u017ei\u016br\u0105 riebiai ir mi\u0161riai odai, linkusiai \u012f spuogus ir komedonus. Ramina ir sutraukia poras.<\/p>\n<p>MossCellTec\u2122 (\u0160veicarija) \u2013 novatori\u0161ka formul\u0117!<br \/>\n\u2022 Stangrinimo  efektas<br \/>\n\u2022 Leid\u017eia odai prisitaikyti prie aplinkos poky\u010di\u0173<br \/>\n\u2022 Gerina odos dr\u0117kinim\u0105 net esant \u012ftemptoms s\u0105lygoms<br \/>\n\u2022 Tobulina od\u0105 ir sukuria nepriekai\u0161ting\u0105 veido spalv\u0105<br \/>\n\u2022 Padidina odos atsparum\u0105 miesto faktoriams- agresoriams<\/p>\n<p>Naudojimas: nedidel\u012f kiek\u012f kremo u\u017etepkite ant dr\u0117gnos ir i\u0161 anksto nuvalytos veido ir dekolt\u0117 odos. Paskirstykite lengvais masa\u017euojamaisiais judesiais.<\/p>\n<p>Laikyti nuo +5 \u00b0C iki +25 \u00b0C temperat\u016broje.<\/p>\n","protected":false},"excerpt":{"rendered":"<p>6 aliejai ir ekstraktai (kokos\u0173, rabarbar\u0173, dygmin\u0173, imbiero, \u0161alavij\u0173, juod\u0173j\u0173 kmyn\u0173) + 2 veikliosios med\u017eiagos (MossCellTec + natrio hialuronatas). 98% nat\u016bralios kilm\u0117s ingredient\u0173. \u2022 Idealus pagrindas makia\u017eui \u2022 Panaikina odos blizges\u012f iki 8 valand\u0173. \u2022 Reguliuoja riebalini\u0173 liauk\u0173 veikl\u0105 \u2022 I\u0161lygina odos tekst\u016br\u0105 \u2022 Sutraukia poras Pasitik\u0117k tik gamta! Unikali nat\u016brali\u0173 ingredient\u0173 sud\u0117tis suteikia ypating\u0105 [&#8230;]\n","protected":false},"featured_media":92102,"template":"","meta":[],"product_cat":[1322],"product_tag":[],"class_list":{"0":"post-52485","1":"product","2":"type-product","3":"status-publish","4":"has-post-thumbnail","6":"product_brand-matbea_sivis_by-lt","7":"product_cat-veido-kremai","9":"first","10":"outofstock","11":"taxable","12":"shipping-taxable","13":"product-type-simple"},"_links":{"self":[{"href":"https:\/\/e.kosmolat.eu\/lt\/wp-json\/wp\/v2\/product\/52485","targetHints":{"allow":["GET"]}}],"collection":[{"href":"https:\/\/e.kosmolat.eu\/lt\/wp-json\/wp\/v2\/product"}],"about":[{"href":"https:\/\/e.kosmolat.eu\/lt\/wp-json\/wp\/v2\/types\/product"}],"wp:featuredmedia":[{"embeddable":true,"href":"https:\/\/e.kosmolat.eu\/lt\/wp-json\/wp\/v2\/media\/92102"}],"wp:attachment":[{"href":"https:\/\/e.kosmolat.eu\/lt\/wp-json\/wp\/v2\/media?parent=52485"}],"wp:term":[{"taxonomy":"product_cat","embeddable":true,"href":"https:\/\/e.kosmolat.eu\/lt\/wp-json\/wp\/v2\/product_cat?post=52485"},{"taxonomy":"product_tag","embeddable":true,"href":"https:\/\/e.kosmolat.eu\/lt\/wp-json\/wp\/v2\/product_tag?post=52485"}],"curies":[{"name":"wp","href":"https:\/\/api.w.org\/{rel}","templated":true}]}}