{"id":52461,"date":"2024-06-05T04:53:08","date_gmt":"2024-06-05T04:53:08","guid":{"rendered":"https:\/\/e.kosmolat.eu\/product\/maska-zonai-ap-acim-hyaluronic-acidx3\/"},"modified":"2025-09-19T21:48:23","modified_gmt":"2025-09-19T21:48:23","slug":"maska-zonai-ap-acim-hyaluronic-acidx3","status":"publish","type":"product","link":"https:\/\/e.kosmolat.eu\/lt\/produktas\/maska-zonai-ap-acim-hyaluronic-acidx3\/","title":{"rendered":"SKINLITE Kauk\u0117 aplink akis Hyaluronic acidx3, 1 vnt"},"content":{"rendered":"<p>Inovatyvi kauk\u0117s formul\u0117 su trimat\u0117mis hialurono r\u016bg\u0161timis ir peptidais yra specialiai sukurta intensyviai veido odos prie\u017ei\u016brai. Efektyviai dr\u0117kina od\u0105, sukuria optimal\u0173 hidrobalans\u0105. Pa\u0161alina sausum\u0105, tempim\u0105 ir pleiskanojim\u0105. Akivaizd\u017eiai stangrina ir atstato odos tonus\u0105 ir elastingum\u0105. Skatina atsinaujinim\u0105, pradeda regeneracijos procesus. Ramina, mink\u0161tina, mal\u0161ina dirginim\u0105. I\u0161lygina odos atspalv\u012f, o veido spalva tampa \u017evali ir pails\u0117jusi. Kauk\u0117 idealiai tinka naudoti prie\u0161 atliekant makia\u017e\u0105, i\u0161kilming\u0105 rengin\u012f, taip pat reguliariai pri\u017ei\u016brint veid\u0105, ypa\u010d megapoli\u0173 gyventojams.&nbsp;<br \/>\nProdukto unikalumas yra d\u0117l intensyvaus poveikio visiems epidermio sluoksniams. Poveikis pasiekiamas d\u0117l didel\u0117s trij\u0173 r\u016b\u0161i\u0173 hialurono r\u016bg\u0161ties, besiskirian\u010dios molekuline mase ir molekulin\u0117s grandin\u0117s dyd\u017eiu, koncentracijos. Ma\u017eos molekulin\u0117s mas\u0117s &nbsp;hialurono r\u016bg\u0161tis prasiskverbia \u012f giliausius epidermio sluoksnius, pagerina mikrocirkuliacij\u0105 ir mityb\u0105, suteikia ilgalaik\u012f dr\u0117kinam\u0105j\u012f poveik\u012f ir suaktyvina savo kolageno gamyb\u0105. Vidutin\u0117s molekulin\u0117s mas\u0117s &nbsp;hialurono r\u016bg\u0161tis veikia giliuosiuose ir viduriniuose epidermio sluoksniuose, sulaiko vandens molekules, stimuliuoja odos atsinaujinim\u0105, mal\u0161ina dirginim\u0105 ir ramina. Didel\u0117s molekulin\u0117s mas\u0117s hialurono r\u016bg\u0161tis prisotina odos pavir\u0161inius sluoksnius, apsaugo nuo dr\u0117gm\u0117s praradimo, l\u0117tina sen\u0117jimo procesus, intensyviai dr\u0117kina, suteikia i\u0161kart matom\u0105 efekt\u0105. aktyvus sen\u0117jim\u0105 atitolinantis, antioksidacinis poveikis, efektyviai maitina ir apsaugo od\u0105 nuo neigiamo aplinkos poveikio. REZULTATAS: stangri, sudr\u0117kinta oda, gaivi, \u0161vytinti i\u0161vaizda! Naudojimas: 1. Nuvalykite veid\u0105. Atidarykite pakuot\u0119 ir i\u0161imkite kauk\u0119. 2. &Scaron;velniai u\u017ed\u0117kite kauk\u0119 paaki\u0173 srityje ir paskleiskite pir\u0161t\u0173 galiukais, palikite 20-25 min. 3. Tada nuimkite kauk\u0119, \u0161velniai tap\u0161nodami paskleiskite likusi\u0105 kauk\u0117s &nbsp;dal\u012f. Nenuplaukite.. Kad poveikis b\u016bt\u0173 geriausias, prie\u0161 naudojim\u0105 palaikykite 15 minu\u010di\u0173 \u0161aldytuve.<br \/>\nAtsargumo priemon\u0117s: 1. Nenaudokite ant pa\u017eeistos, sudirgintos odos. 2. Nenaudokite gaminio, jei j\u016bs esate jautrus vienam i\u0161 komponent\u0173. Jei ant odos atsiranda paraudimas ar dirginimas, nutraukite naudojim\u0105 ir kreipkit\u0117s \u012f gydytoj\u0105. Venkite patekimo \u012f akis, jei pateks, nuplaukite vandeniu. Laikyti vaikams nepasiekiamoje vietoje, esant 0&ndash;25 &deg; C temperat\u016brai. &nbsp;Tik i\u0161oriniam naudojimui. Nenuryti!<br \/>\n&nbsp;<\/p>\n","protected":false},"excerpt":{"rendered":"<p>Inovatyvi kauk\u0117s formul\u0117 su trimat\u0117mis hialurono r\u016bg\u0161timis ir peptidais yra specialiai sukurta intensyviai veido odos prie\u017ei\u016brai. Efektyviai dr\u0117kina od\u0105, sukuria optimal\u0173 hidrobalans\u0105. Pa\u0161alina sausum\u0105, tempim\u0105 ir pleiskanojim\u0105. Akivaizd\u017eiai stangrina ir atstato odos tonus\u0105 ir elastingum\u0105. Skatina atsinaujinim\u0105, pradeda regeneracijos procesus. Ramina, mink\u0161tina, mal\u0161ina dirginim\u0105. I\u0161lygina odos atspalv\u012f, o veido spalva tampa \u017evali ir pails\u0117jusi. Kauk\u0117 [&#8230;]\n","protected":false},"featured_media":85406,"template":"","meta":[],"product_cat":[1369],"product_tag":[],"class_list":{"0":"post-52461","1":"product","2":"type-product","3":"status-publish","4":"has-post-thumbnail","6":"product_brand-skinlite-lt","7":"product_cat-veido-kaukes","9":"first","10":"outofstock","11":"taxable","12":"shipping-taxable","13":"product-type-simple"},"_links":{"self":[{"href":"https:\/\/e.kosmolat.eu\/lt\/wp-json\/wp\/v2\/product\/52461","targetHints":{"allow":["GET"]}}],"collection":[{"href":"https:\/\/e.kosmolat.eu\/lt\/wp-json\/wp\/v2\/product"}],"about":[{"href":"https:\/\/e.kosmolat.eu\/lt\/wp-json\/wp\/v2\/types\/product"}],"wp:featuredmedia":[{"embeddable":true,"href":"https:\/\/e.kosmolat.eu\/lt\/wp-json\/wp\/v2\/media\/85406"}],"wp:attachment":[{"href":"https:\/\/e.kosmolat.eu\/lt\/wp-json\/wp\/v2\/media?parent=52461"}],"wp:term":[{"taxonomy":"product_cat","embeddable":true,"href":"https:\/\/e.kosmolat.eu\/lt\/wp-json\/wp\/v2\/product_cat?post=52461"},{"taxonomy":"product_tag","embeddable":true,"href":"https:\/\/e.kosmolat.eu\/lt\/wp-json\/wp\/v2\/product_tag?post=52461"}],"curies":[{"name":"wp","href":"https:\/\/api.w.org\/{rel}","templated":true}]}}