{"id":52453,"date":"2024-06-05T04:52:54","date_gmt":"2024-06-05T04:52:54","guid":{"rendered":"https:\/\/e.kosmolat.eu\/product\/i_dr-s-neznije-nozki-krems-kajam-barojoss-90-ml\/"},"modified":"2025-07-08T14:32:52","modified_gmt":"2025-07-08T14:32:52","slug":"i_dr-s-neznije-nozki-krems-kajam-barojoss-90-ml","status":"publish","type":"product","link":"https:\/\/e.kosmolat.eu\/lt\/produktas\/i_dr-s-neznije-nozki-krems-kajam-barojoss-90-ml\/","title":{"rendered":"DR. SANTE \u0160velnios kojyt\u0117s Koj\u0173 kremas Maitinantis, 90 ml"},"content":{"rendered":"<p>Tinka labai sausai koj\u0173 odai.<br \/>\nKakavos ir sviestmed\u017eio aliejai intensyviai maitina od\u0105, pa\u0161alina sausumo poj\u016bt\u012f. \u0160altalankio aliejus ir sojos va\u0161kas mink\u0161tina od\u0105. Karbamidas intensyviai dr\u0117kina od\u0105.<br \/>\nNaudojimo b\u016bdas: u\u017etepkite kremo ant \u0161varios ir sausos p\u0117d\u0173 odos.<br \/>\nRekomenduojama naudoti vakare.<br \/>\nLaikymo s\u0105lygos: nuo +5\u00b0\u0421 iki +25\u00b0\u0421.<\/p>\n","protected":false},"excerpt":{"rendered":"<p>Tinka labai sausai koj\u0173 odai. Kakavos ir sviestmed\u017eio aliejai intensyviai maitina od\u0105, pa\u0161alina sausumo poj\u016bt\u012f. \u0160altalankio aliejus ir sojos va\u0161kas mink\u0161tina od\u0105. Karbamidas intensyviai dr\u0117kina od\u0105. Naudojimo b\u016bdas: u\u017etepkite kremo ant \u0161varios ir sausos p\u0117d\u0173 odos. Rekomenduojama naudoti vakare. Laikymo s\u0105lygos: nuo +5\u00b0\u0421 iki +25\u00b0\u0421.<\/p>\n","protected":false},"featured_media":52455,"template":"","meta":[],"product_cat":[1763],"product_tag":[],"class_list":{"0":"post-52453","1":"product","2":"type-product","3":"status-publish","4":"has-post-thumbnail","6":"product_brand-elfa_ua-lt","7":"product_cat-koju-prieziuros-kosmetika","9":"first","10":"outofstock","11":"taxable","12":"shipping-taxable","13":"product-type-simple"},"_links":{"self":[{"href":"https:\/\/e.kosmolat.eu\/lt\/wp-json\/wp\/v2\/product\/52453","targetHints":{"allow":["GET"]}}],"collection":[{"href":"https:\/\/e.kosmolat.eu\/lt\/wp-json\/wp\/v2\/product"}],"about":[{"href":"https:\/\/e.kosmolat.eu\/lt\/wp-json\/wp\/v2\/types\/product"}],"wp:featuredmedia":[{"embeddable":true,"href":"https:\/\/e.kosmolat.eu\/lt\/wp-json\/wp\/v2\/media\/52455"}],"wp:attachment":[{"href":"https:\/\/e.kosmolat.eu\/lt\/wp-json\/wp\/v2\/media?parent=52453"}],"wp:term":[{"taxonomy":"product_cat","embeddable":true,"href":"https:\/\/e.kosmolat.eu\/lt\/wp-json\/wp\/v2\/product_cat?post=52453"},{"taxonomy":"product_tag","embeddable":true,"href":"https:\/\/e.kosmolat.eu\/lt\/wp-json\/wp\/v2\/product_tag?post=52453"}],"curies":[{"name":"wp","href":"https:\/\/api.w.org\/{rel}","templated":true}]}}