{"id":52441,"date":"2024-06-05T04:29:27","date_gmt":"2024-06-05T04:29:27","guid":{"rendered":"https:\/\/e.kosmolat.eu\/product\/shelley-tranquillity-parfimets-kermena-sprejs-75-ml\/"},"modified":"2026-04-01T06:29:27","modified_gmt":"2026-04-01T06:29:27","slug":"i_shelley-tranquillity-parfimets-kermena-sprejs-75-ml","status":"publish","type":"product","link":"https:\/\/e.kosmolat.eu\/lt\/produktas\/i_shelley-tranquillity-parfimets-kermena-sprejs-75-ml\/","title":{"rendered":"I_SHELLEY Tranquility Parfumuotas k\u016bno pur\u0161kiklis, 75 ml"},"content":{"rendered":"<p><strong>Naudojimas:<\/strong> purk&scaron;ti i&scaron; 15 cm atstumo nuo k\u016bno. Naudoti gerai v\u0117dinamose vietose. Nepurk&scaron;kite \u012f akis arba \u012f pa\u017eeist\u0105\/sudirgint\u0105 od\u0105. Nenaudoti intymiose k\u016bno vietose.<\/p>\n<p>&nbsp;<\/p>\n<p><strong><img decoding=\"async\" alt=\"\" src=\"file:\/\/\/C:\/Users\/masha\/Desktop\/GHS%2002.jpg\" style=\"height:40px; width:40px\" \/>GHS02&nbsp;Pavojinga<\/strong><br \/>\n<strong>H222<\/strong> Ypa\u010d degus aerozolis.<br \/>\n<strong>H229 <\/strong>Sl\u0117gin\u0117 talpykla. Kaitinama gali sprogti.<br \/>\nP102 Laikyti vaikams neprieinamoje vietoje<br \/>\nP210 Laikyti atokiau nuo &scaron;ilumos &scaron;altini\u0173, kar&scaron;t\u0173 pavir&scaron;i\u0173, \u017eie\u017eirb\u0173, atviros liepsnos arba kit\u0173 degimo &scaron;altini\u0173. Ner\u016bkyti.<br \/>\nP211 Nepurk&scaron;ti \u012f atvir\u0105 liepsn\u0105 arba kitus degimo &scaron;altinius.<br \/>\nP251 Nepradurti ir nedeginti net panaudoto.<br \/>\nP410+P412 Saugoti nuo saul\u0117s &scaron;viesos. Nelaikyti auk&scaron;tesn\u0117je kaip 50 &deg;C \/122 &deg;F temperat\u016broje.<br \/>\n&nbsp;<\/p>\n","protected":false},"excerpt":{"rendered":"<p>Naudojimas: purk&scaron;ti i&scaron; 15 cm atstumo nuo k\u016bno. Naudoti gerai v\u0117dinamose vietose. Nepurk&scaron;kite \u012f akis arba \u012f pa\u017eeist\u0105\/sudirgint\u0105 od\u0105. Nenaudoti intymiose k\u016bno vietose. &nbsp; GHS02&nbsp;Pavojinga H222 Ypa\u010d degus aerozolis. H229 Sl\u0117gin\u0117 talpykla. Kaitinama gali sprogti. P102 Laikyti vaikams neprieinamoje vietoje P210 Laikyti atokiau nuo &scaron;ilumos &scaron;altini\u0173, kar&scaron;t\u0173 pavir&scaron;i\u0173, \u017eie\u017eirb\u0173, atviros liepsnos arba kit\u0173 degimo &scaron;altini\u0173. [&#8230;]\n","protected":false},"featured_media":78011,"template":"","meta":[],"product_cat":[1378],"product_tag":[],"class_list":{"0":"post-52441","1":"product","2":"type-product","3":"status-publish","4":"has-post-thumbnail","6":"product_brand-statestrong_gb-lt","7":"product_cat-purskikliai-kunui","9":"first","10":"outofstock","11":"taxable","12":"shipping-taxable","13":"product-type-simple"},"_links":{"self":[{"href":"https:\/\/e.kosmolat.eu\/lt\/wp-json\/wp\/v2\/product\/52441","targetHints":{"allow":["GET"]}}],"collection":[{"href":"https:\/\/e.kosmolat.eu\/lt\/wp-json\/wp\/v2\/product"}],"about":[{"href":"https:\/\/e.kosmolat.eu\/lt\/wp-json\/wp\/v2\/types\/product"}],"wp:featuredmedia":[{"embeddable":true,"href":"https:\/\/e.kosmolat.eu\/lt\/wp-json\/wp\/v2\/media\/78011"}],"wp:attachment":[{"href":"https:\/\/e.kosmolat.eu\/lt\/wp-json\/wp\/v2\/media?parent=52441"}],"wp:term":[{"taxonomy":"product_cat","embeddable":true,"href":"https:\/\/e.kosmolat.eu\/lt\/wp-json\/wp\/v2\/product_cat?post=52441"},{"taxonomy":"product_tag","embeddable":true,"href":"https:\/\/e.kosmolat.eu\/lt\/wp-json\/wp\/v2\/product_tag?post=52441"}],"curies":[{"name":"wp","href":"https:\/\/api.w.org\/{rel}","templated":true}]}}