{"id":52425,"date":"2024-06-05T04:28:59","date_gmt":"2024-06-05T04:28:59","guid":{"rendered":"https:\/\/e.kosmolat.eu\/product\/pt-matu-laka-super-fiksacija-265-ml\/"},"modified":"2026-04-22T07:19:29","modified_gmt":"2026-04-22T07:19:29","slug":"pt-matu-laka-super-fiksacija-265-ml","status":"publish","type":"product","link":"https:\/\/e.kosmolat.eu\/lt\/produktas\/pt-matu-laka-super-fiksacija-265-ml\/","title":{"rendered":"PROFESSIONAL TOUCH Plauk\u0173 lakas Super fiksacija, 265 ml"},"content":{"rendered":"<p>Maksimalus fiksavimas tobulam stiliui. Sukurta ir patikrinta tolygi salono kokyb\u0117. Sud\u0117tyje yra provitamino B5 ir &scaron;ilko baltym\u0173 sveikiems plaukams. Sud\u0117tyje yra UV filtras, apsaugantis nuo saul\u0117s. Lengvai ir be liku\u010di\u0173 i&scaron;&scaron;ukuojamas.<\/p>\n<p><strong>Naudojimas:<\/strong> Lengvai ir tolygiai purk&scaron;ti ant plauk\u0173 i&scaron; 30 cm atstumo, vengiant patekimo \u012f akis.<\/p>\n<p><strong>Pavojinga! <\/strong>Ypa\u010d degus aerozolis. Sl\u0117gin\u0117 talpykla. Kaitinama gali sprogti. Laikyti vaikams neprieinamoje vietoje. Laikyti atokiau nuo &scaron;ilumos &scaron;altini\u0173, kar&scaron;t\u0173 pavir&scaron;i\u0173, \u017eie\u017eirb\u0173, atviros liepsnos arba kit\u0173 degimo &scaron;altini\u0173. Ner\u016bkyti. Nepradurti ir nedeginti net panaudoto. Saugoti nuo saul\u0117s &scaron;viesos. Nelaikyti auk&scaron;tesn\u0117je kaip 50 &ordm;C\/122 &ordm;F temperat\u016broje.<\/p>\n","protected":false},"excerpt":{"rendered":"<p>Maksimalus fiksavimas tobulam stiliui. Sukurta ir patikrinta tolygi salono kokyb\u0117. Sud\u0117tyje yra provitamino B5 ir &scaron;ilko baltym\u0173 sveikiems plaukams. Sud\u0117tyje yra UV filtras, apsaugantis nuo saul\u0117s. Lengvai ir be liku\u010di\u0173 i&scaron;&scaron;ukuojamas. Naudojimas: Lengvai ir tolygiai purk&scaron;ti ant plauk\u0173 i&scaron; 30 cm atstumo, vengiant patekimo \u012f akis. Pavojinga! Ypa\u010d degus aerozolis. Sl\u0117gin\u0117 talpykla. Kaitinama gali sprogti. [&#8230;]\n","protected":false},"featured_media":100208,"template":"","meta":[],"product_cat":[2181],"product_tag":[],"class_list":{"0":"post-52425","1":"product","2":"type-product","3":"status-publish","4":"has-post-thumbnail","6":"product_brand-statestrong_gb-lt","7":"product_cat-bez-kategorijas-lt","9":"first","10":"instock","11":"taxable","12":"shipping-taxable","13":"product-type-simple"},"_links":{"self":[{"href":"https:\/\/e.kosmolat.eu\/lt\/wp-json\/wp\/v2\/product\/52425","targetHints":{"allow":["GET"]}}],"collection":[{"href":"https:\/\/e.kosmolat.eu\/lt\/wp-json\/wp\/v2\/product"}],"about":[{"href":"https:\/\/e.kosmolat.eu\/lt\/wp-json\/wp\/v2\/types\/product"}],"wp:featuredmedia":[{"embeddable":true,"href":"https:\/\/e.kosmolat.eu\/lt\/wp-json\/wp\/v2\/media\/100208"}],"wp:attachment":[{"href":"https:\/\/e.kosmolat.eu\/lt\/wp-json\/wp\/v2\/media?parent=52425"}],"wp:term":[{"taxonomy":"product_cat","embeddable":true,"href":"https:\/\/e.kosmolat.eu\/lt\/wp-json\/wp\/v2\/product_cat?post=52425"},{"taxonomy":"product_tag","embeddable":true,"href":"https:\/\/e.kosmolat.eu\/lt\/wp-json\/wp\/v2\/product_tag?post=52425"}],"curies":[{"name":"wp","href":"https:\/\/api.w.org\/{rel}","templated":true}]}}