{"id":52417,"date":"2024-06-05T04:28:45","date_gmt":"2024-06-05T04:28:45","guid":{"rendered":"https:\/\/e.kosmolat.eu\/product\/skinlite-daudzfunkcionals-krems-ar-gliemezu-mucinu-100-g\/"},"modified":"2025-09-19T22:01:43","modified_gmt":"2025-09-19T22:01:43","slug":"i_skinlite-daudzfunkcionals-krems-ar-gliemezu-mucinu-100-g","status":"publish","type":"product","link":"https:\/\/e.kosmolat.eu\/lt\/produktas\/i_skinlite-daudzfunkcionals-krems-ar-gliemezu-mucinu-100-g\/","title":{"rendered":"I_SKINLITE Multifunctional Cream With Snail Mucin"},"content":{"rendered":"<p>Veidui, k\u016bnui ir plaukams;<br \/>\nSraigi\u0173 mucinas, taukmed\u017ei\u0173 ir makadamij\u0173 sviestas, lotoso \u0161aknys;<br \/>\nBet kokiam odos tipui.<br \/>\nDaugiafunkcis kremas su sraigi\u0173 mucinu sukurtas naudojant naujausius kosmetologijos pasiekimus. Sraigi\u0173 mucinas turi galing\u0105 regeneruojant\u012f, &nbsp;jauninant\u012f poveik\u012f odai.<br \/>\nKolagenas, lotos\u0173 ekstraktas, taukmed\u017ei\u0173 sviestas ir makadamijos aktyviai atkuria odos elastino skaidulas, didina jos elastingum\u0105 ir stangrum\u0105, maitina ir mink\u0161tina. Hialurono r\u016bg\u0161tis, prasiskverbianti \u012f odos l\u0105steles, u\u017etikrina dr\u0117kinim\u0105 ir dr\u0117gm\u0117s i\u0161laikym\u0105 ilg\u0105 laik\u0105.<br \/>\nD\u0117l didelio mucino kiekio kremas yra lengvos tekst\u016bros, akimirksniu susigeria \u012f od\u0105, dr\u0117kina pa\u0161alina pleiskanojim\u0105, paraudim\u0105, &nbsp;i\u0161lygina mikroreljef\u0105.<br \/>\nKremas efektyviai kovoja su strijomis, &nbsp;pirmaisiais fotosen\u0117jimo po\u017eymiais, naikina pigmentacij\u0105 ir am\u017eiaus d\u0117mes.<br \/>\nNaudojimas:<br \/>\nNaudokite kaip veido ir k\u016bno krem\u0105 ryte ir\/ar vakare. U\u017etepkite plon\u0105 sluoksn\u012f ant nuvalytos odos, leiskite susigerti. Idealiai tinka po skutimosi, depiliacijos ir kaip makia\u017eo pagrindas. Kaip kauk\u0117: u\u017etepkite stor\u0105 sluoksn\u012f ant \u0161varios veido odos, palikite 10 minu\u010di\u0173, likusi\u0105 dal\u012f nuimkite servet\u0117le. Kaip plauk\u0173 krem\u0105, tepkite ant dr\u0117gn\u0173 arba saus\u0173 plauk\u0173 galiuk\u0173, kad i\u0161vengtum\u0117te galiuk\u0173 skilin\u0117jimo ir per didelio slinkimo.<br \/>\nAtsargumo priemon\u0117s:<\/p>\n<p>\u2460 Venkite naudoti ant pa\u017eeistos, sudirgusios odos.<\/p>\n<p>\u2461 Nenaudokite produkto, jei yra jautrumas bet kuriai formul\u0117s sudedamajai daliai. Jei naudojimo metu oda parausta arba sudirgsta, nutraukite naudojim\u0105 ir kreipkit\u0117s \u012f gydytoj\u0105.<\/p>\n<p>\u2462 Venkite patekimo \u012f akis. Patekus, kruop\u0161\u010diai nuplaukite vandeniu.<\/p>\n<p>\u2463Laikyti vaikams nepasiekiamoje vietoje nuo 0 iki 25C temperat\u016broje. Venkite tiesiogini\u0173 saul\u0117s spinduli\u0173.<\/p>\n<p>\u2464 Tik i\u0161oriniam naudojimui. Nenuryti!<br \/>\n&nbsp;<\/p>\n","protected":false},"excerpt":{"rendered":"<p>Veidui, k\u016bnui ir plaukams; Sraigi\u0173 mucinas, taukmed\u017ei\u0173 ir makadamij\u0173 sviestas, lotoso \u0161aknys; Bet kokiam odos tipui. Daugiafunkcis kremas su sraigi\u0173 mucinu sukurtas naudojant naujausius kosmetologijos pasiekimus. Sraigi\u0173 mucinas turi galing\u0105 regeneruojant\u012f, &nbsp;jauninant\u012f poveik\u012f odai. Kolagenas, lotos\u0173 ekstraktas, taukmed\u017ei\u0173 sviestas ir makadamijos aktyviai atkuria odos elastino skaidulas, didina jos elastingum\u0105 ir stangrum\u0105, maitina ir mink\u0161tina. Hialurono [&#8230;]\n","protected":false},"featured_media":85694,"template":"","meta":[],"product_cat":[1322],"product_tag":[],"class_list":{"0":"post-52417","1":"product","2":"type-product","3":"status-publish","4":"has-post-thumbnail","6":"product_brand-skinlite-lt","7":"product_cat-veido-kremai","9":"first","10":"outofstock","11":"taxable","12":"shipping-taxable","13":"product-type-simple"},"_links":{"self":[{"href":"https:\/\/e.kosmolat.eu\/lt\/wp-json\/wp\/v2\/product\/52417","targetHints":{"allow":["GET"]}}],"collection":[{"href":"https:\/\/e.kosmolat.eu\/lt\/wp-json\/wp\/v2\/product"}],"about":[{"href":"https:\/\/e.kosmolat.eu\/lt\/wp-json\/wp\/v2\/types\/product"}],"wp:featuredmedia":[{"embeddable":true,"href":"https:\/\/e.kosmolat.eu\/lt\/wp-json\/wp\/v2\/media\/85694"}],"wp:attachment":[{"href":"https:\/\/e.kosmolat.eu\/lt\/wp-json\/wp\/v2\/media?parent=52417"}],"wp:term":[{"taxonomy":"product_cat","embeddable":true,"href":"https:\/\/e.kosmolat.eu\/lt\/wp-json\/wp\/v2\/product_cat?post=52417"},{"taxonomy":"product_tag","embeddable":true,"href":"https:\/\/e.kosmolat.eu\/lt\/wp-json\/wp\/v2\/product_tag?post=52417"}],"curies":[{"name":"wp","href":"https:\/\/api.w.org\/{rel}","templated":true}]}}