{"id":52409,"date":"2024-06-05T04:28:33","date_gmt":"2024-06-05T04:28:33","guid":{"rendered":"https:\/\/e.kosmolat.eu\/product\/skinlite-atlobosa-zeleja-ar-auglskabem-100-g\/"},"modified":"2026-02-11T10:30:45","modified_gmt":"2026-02-11T10:30:45","slug":"skinlite-atlobosa-zeleja-ar-auglskabem-100-g","status":"publish","type":"product","link":"https:\/\/e.kosmolat.eu\/lt\/produktas\/skinlite-atlobosa-zeleja-ar-auglskabem-100-g\/","title":{"rendered":"SKINLITE Gelinis pilingas su vaisin\u0117mis r\u016bg\u0161timis, 100 g"},"content":{"rendered":"<p>SKINLITE gelinio pilingo veikimas pagr\u012fstas vaisi\u0173 ekstrakt\u0173 ir r\u016bg&scaron;\u010di\u0173 naudojimu, kurie ne tik &scaron;velniai valo od\u0105, nat\u016braliai sumink&scaron;tina jos vir&scaron;utin\u012f sluoksn\u012f, bet ir turi odai b\u016btin\u0173 amino r\u016bg&scaron;\u010di\u0173 ir vitamin\u0173, aktyvinan\u010di\u0173 l\u0105steli\u0173 regeneracij\u0105 bei ma\u017einan\u010di\u0173 gilias ir smulkesnes &nbsp;rauk&scaron;les. Pilingo- gelio sud\u0117tyje n\u0117ra &scaron;vei\u010dian\u010di\u0173 kiet\u0173 daleli\u0173.<\/p>\n<p>SKINLITE Peeling Gel su specialiai atrinktais mink&scaron;tinan\u010diais augalais ramina ir tinka net jautriausiai odai.<\/p>\n<p>Panaudojus SKINLITE &scaron;veitimo gel\u012f j\u016bs\u0173 oda atrodo jauna, lygi ir gaivi.<\/p>\n<p><strong>Naudojimas: <\/strong>kruop&scaron;\u010diai nuvalykite veido od\u0105, tada nusausinkite rank&scaron;luos\u010diu. Tolygiai paskirstykite gel\u012f ant veido odos, i&scaron;skyrus aki\u0173 ir l\u016bp\u0173 srit\u012f. Prad\u0117kite masa\u017euoti po 1 minut\u0117s. Nuplaukite veid\u0105 &scaron;iltu vandeniu. Rekomenduojama naudoti 1-2 kartus per savait\u0119.<\/p>\n<p><strong>Atsargumo priemon\u0117s:<\/strong><\/p>\n<p>\u2460 Venkite naudoti ant pa\u017eeistos, sudirgusios ar saul\u0117s nudegusios odos.<\/p>\n<p>\u2461 Venkite patekimo \u012f akis. Patekus, kruop&scaron;\u010diai nuplaukite vandeniu.<\/p>\n<p>\u2462 Nenaudokite produkto, jei yra jautrumas bet kuriai formul\u0117s sudedamajai daliai. Jei naudojimo metu oda parausta arba sudirgsta, nutraukite naudojim\u0105 ir kreipkit\u0117s \u012f gydytoj\u0105.<\/p>\n<p>\u2463Tik i&scaron;oriniam naudojimui. Nenuryti!<\/p>\n<p>\u2464 Laikyti vaikams nepasiekiamoje vietoje.<br \/>\n&nbsp;<\/p>\n","protected":false},"excerpt":{"rendered":"<p>SKINLITE gelinio pilingo veikimas pagr\u012fstas vaisi\u0173 ekstrakt\u0173 ir r\u016bg&scaron;\u010di\u0173 naudojimu, kurie ne tik &scaron;velniai valo od\u0105, nat\u016braliai sumink&scaron;tina jos vir&scaron;utin\u012f sluoksn\u012f, bet ir turi odai b\u016btin\u0173 amino r\u016bg&scaron;\u010di\u0173 ir vitamin\u0173, aktyvinan\u010di\u0173 l\u0105steli\u0173 regeneracij\u0105 bei ma\u017einan\u010di\u0173 gilias ir smulkesnes &nbsp;rauk&scaron;les. Pilingo- gelio sud\u0117tyje n\u0117ra &scaron;vei\u010dian\u010di\u0173 kiet\u0173 daleli\u0173. SKINLITE Peeling Gel su specialiai atrinktais mink&scaron;tinan\u010diais augalais ramina [&#8230;]\n","protected":false},"featured_media":85690,"template":"","meta":[],"product_cat":[1396],"product_tag":[],"class_list":{"0":"post-52409","1":"product","2":"type-product","3":"status-publish","4":"has-post-thumbnail","6":"product_brand-skinlite-lt","7":"product_cat-veido-sveitikliai-ir-pilingai","9":"first","10":"outofstock","11":"taxable","12":"shipping-taxable","13":"product-type-simple"},"_links":{"self":[{"href":"https:\/\/e.kosmolat.eu\/lt\/wp-json\/wp\/v2\/product\/52409","targetHints":{"allow":["GET"]}}],"collection":[{"href":"https:\/\/e.kosmolat.eu\/lt\/wp-json\/wp\/v2\/product"}],"about":[{"href":"https:\/\/e.kosmolat.eu\/lt\/wp-json\/wp\/v2\/types\/product"}],"wp:featuredmedia":[{"embeddable":true,"href":"https:\/\/e.kosmolat.eu\/lt\/wp-json\/wp\/v2\/media\/85690"}],"wp:attachment":[{"href":"https:\/\/e.kosmolat.eu\/lt\/wp-json\/wp\/v2\/media?parent=52409"}],"wp:term":[{"taxonomy":"product_cat","embeddable":true,"href":"https:\/\/e.kosmolat.eu\/lt\/wp-json\/wp\/v2\/product_cat?post=52409"},{"taxonomy":"product_tag","embeddable":true,"href":"https:\/\/e.kosmolat.eu\/lt\/wp-json\/wp\/v2\/product_tag?post=52409"}],"curies":[{"name":"wp","href":"https:\/\/api.w.org\/{rel}","templated":true}]}}