{"id":52289,"date":"2024-06-04T23:50:56","date_gmt":"2024-06-04T23:50:56","guid":{"rendered":"https:\/\/e.kosmolat.eu\/product\/lv-soft-matte-601-lupu-zimulis-1-5-g\/"},"modified":"2025-09-20T05:14:54","modified_gmt":"2025-09-20T05:14:54","slug":"lv-soft-matte-601-lupu-zimulis-1-5-g","status":"publish","type":"product","link":"https:\/\/e.kosmolat.eu\/lt\/produktas\/lv-soft-matte-601-lupu-zimulis-1-5-g\/","title":{"rendered":"LUXVISAGE Soft Matte l\u016bp\u0173 pie\u0161tukas, tonas 601, 1,5 g"},"content":{"rendered":"<p><strong>Naudojimas: <\/strong>apveskite l\u016bp\u0173 kont\u016br\u0105.<\/p>\n<p>Laikyti nuo +5 &deg;C iki +25 &deg;C temperat\u016broje.<br \/>\n&nbsp;<\/p>\n","protected":false},"excerpt":{"rendered":"<p>Naudojimas: apveskite l\u016bp\u0173 kont\u016br\u0105. Laikyti nuo +5 &deg;C iki +25 &deg;C temperat\u016broje. &nbsp;<\/p>\n","protected":false},"featured_media":92662,"template":"","meta":[],"product_cat":[1287],"product_tag":[],"class_list":{"0":"post-52289","1":"product","2":"type-product","3":"status-publish","4":"has-post-thumbnail","6":"product_brand-lux-visage_by-lt","7":"product_cat-lupu-piestukai","9":"first","10":"outofstock","11":"taxable","12":"shipping-taxable","13":"product-type-simple"},"_links":{"self":[{"href":"https:\/\/e.kosmolat.eu\/lt\/wp-json\/wp\/v2\/product\/52289","targetHints":{"allow":["GET"]}}],"collection":[{"href":"https:\/\/e.kosmolat.eu\/lt\/wp-json\/wp\/v2\/product"}],"about":[{"href":"https:\/\/e.kosmolat.eu\/lt\/wp-json\/wp\/v2\/types\/product"}],"wp:featuredmedia":[{"embeddable":true,"href":"https:\/\/e.kosmolat.eu\/lt\/wp-json\/wp\/v2\/media\/92662"}],"wp:attachment":[{"href":"https:\/\/e.kosmolat.eu\/lt\/wp-json\/wp\/v2\/media?parent=52289"}],"wp:term":[{"taxonomy":"product_cat","embeddable":true,"href":"https:\/\/e.kosmolat.eu\/lt\/wp-json\/wp\/v2\/product_cat?post=52289"},{"taxonomy":"product_tag","embeddable":true,"href":"https:\/\/e.kosmolat.eu\/lt\/wp-json\/wp\/v2\/product_tag?post=52289"}],"curies":[{"name":"wp","href":"https:\/\/api.w.org\/{rel}","templated":true}]}}