{"id":52235,"date":"2024-05-31T04:02:30","date_gmt":"2024-05-31T04:02:30","guid":{"rendered":"https:\/\/e.kosmolat.eu\/product\/dilis-acumen-indigo-smarzudens-viriesiem-100-ml\/"},"modified":"2025-09-20T03:46:26","modified_gmt":"2025-09-20T03:46:26","slug":"dilis-acumen-indigo-smarzudens-viriesiem-100-ml","status":"publish","type":"product","link":"https:\/\/e.kosmolat.eu\/lt\/produktas\/dilis-acumen-indigo-smarzudens-viriesiem-100-ml\/","title":{"rendered":"DILIS Acumen Indigo Parfumuotas vanduo vyrams, 100 ml"},"content":{"rendered":"<p><strong>Vir&scaron;utin\u0117s natos:<\/strong> kiparisai, kadagi\u0173 uogos, greipfrutai, rabarbarai.<br \/>\n<strong>&Scaron;irdies natos: <\/strong>baltos g\u0117l\u0117s, ro\u017e\u0117s, sald\u016bs vaisiai.<br \/>\n<strong>Pagrindin\u0117s natos:<\/strong> sandalmedis, muskusas.<\/p>\n<p>Laikyti nuo +5 &deg;C iki +25 &deg;C temperat\u016broje. Nelaikyti kvepal\u0173 esant tiesioginiam saul\u0117s spinduli\u0173 poveikiui ir &scaron;alia &scaron;ildymo prietais\u0173.<\/p>\n<p><strong>Atsargumo priemon\u0117s: <\/strong>tik i&scaron;oriniam naudojimui. Vengti patekimo \u012f akis. Nepurk&scaron;kite &scaron;alia atviros liepsnos. &Scaron;io produkto naudojimas maistui yra pavojingas gyvybei ir sveikatai.<\/p>\n<p>Etilo alkoholio t\u016brin\u0117 dalis yra 80%.<br \/>\n&nbsp;<\/p>\n","protected":false},"excerpt":{"rendered":"<p>Vir&scaron;utin\u0117s natos: kiparisai, kadagi\u0173 uogos, greipfrutai, rabarbarai. &Scaron;irdies natos: baltos g\u0117l\u0117s, ro\u017e\u0117s, sald\u016bs vaisiai. Pagrindin\u0117s natos: sandalmedis, muskusas. Laikyti nuo +5 &deg;C iki +25 &deg;C temperat\u016broje. Nelaikyti kvepal\u0173 esant tiesioginiam saul\u0117s spinduli\u0173 poveikiui ir &scaron;alia &scaron;ildymo prietais\u0173. Atsargumo priemon\u0117s: tik i&scaron;oriniam naudojimui. Vengti patekimo \u012f akis. Nepurk&scaron;kite &scaron;alia atviros liepsnos. &Scaron;io produkto naudojimas maistui yra [&#8230;]\n","protected":false},"featured_media":91222,"template":"","meta":[],"product_cat":[2181],"product_tag":[],"class_list":{"0":"post-52235","1":"product","2":"type-product","3":"status-publish","4":"has-post-thumbnail","6":"product_brand-dilis-kosmetik_by-lt","7":"product_cat-bez-kategorijas-lt","9":"first","10":"outofstock","11":"taxable","12":"shipping-taxable","13":"product-type-simple"},"_links":{"self":[{"href":"https:\/\/e.kosmolat.eu\/lt\/wp-json\/wp\/v2\/product\/52235","targetHints":{"allow":["GET"]}}],"collection":[{"href":"https:\/\/e.kosmolat.eu\/lt\/wp-json\/wp\/v2\/product"}],"about":[{"href":"https:\/\/e.kosmolat.eu\/lt\/wp-json\/wp\/v2\/types\/product"}],"wp:featuredmedia":[{"embeddable":true,"href":"https:\/\/e.kosmolat.eu\/lt\/wp-json\/wp\/v2\/media\/91222"}],"wp:attachment":[{"href":"https:\/\/e.kosmolat.eu\/lt\/wp-json\/wp\/v2\/media?parent=52235"}],"wp:term":[{"taxonomy":"product_cat","embeddable":true,"href":"https:\/\/e.kosmolat.eu\/lt\/wp-json\/wp\/v2\/product_cat?post=52235"},{"taxonomy":"product_tag","embeddable":true,"href":"https:\/\/e.kosmolat.eu\/lt\/wp-json\/wp\/v2\/product_tag?post=52235"}],"curies":[{"name":"wp","href":"https:\/\/api.w.org\/{rel}","templated":true}]}}