{"id":52226,"date":"2024-05-30T04:02:30","date_gmt":"2024-05-30T04:02:30","guid":{"rendered":"https:\/\/e.kosmolat.eu\/product\/vollare-age-creator-atjaun-pretgrumbu-kr-70-renew-creator-50-ml\/"},"modified":"2025-09-19T23:46:33","modified_gmt":"2025-09-19T23:46:33","slug":"vollare-age-creator-atjaun-pretgrumbu-kr-70-renew-creator-50-ml","status":"publish","type":"product","link":"https:\/\/e.kosmolat.eu\/lt\/produktas\/vollare-age-creator-atjaun-pretgrumbu-kr-70-renew-creator-50-ml\/","title":{"rendered":"VOLLARE Age Creator Naujinantis kremas nuo rauk\u0161li\u0173 70+ Renew Creator, 50 ml"},"content":{"rendered":"<p>Atgaivinantis dieninis ir naktinis veido kremas nuo rauk&scaron;li\u0173, sukurtas kaip kasdien\u0117s odos prie\u017ei\u016bros dalis moterims, vyresn\u0117ms nei 70 met\u0173, nepriklausomai nuo j\u0173 odos tipo. Intensyviai dr\u0117kina, regeneruoja ir stiprina od\u0105. Ypatinga veikli\u0173j\u0173 med\u017eiag\u0173 sud\u0117tis efektyviai atkuria ir pagerina jo elastingum\u0105. Suma\u017eina rauk&scaron;les ir pagerina veido kont\u016brus. D\u0117l to oda tampa &scaron;velni ir aksomin\u0117.<\/p>\n<ul>\n<li>SNAP-8 yra peptidas, kuris neutralizuoja nuolatin\u0119 odos \u012ftamp\u0105, ma\u017eina rauk&scaron;li\u0173 atsiradim\u0105.<\/li>\n<li>Kolagenas &ndash; dr\u0117kina od\u0105, didina jos stangrum\u0105 ir elastingum\u0105.<\/li>\n<li>Argano aliejus &ndash; efektyviai atkuria ir stiprina od\u0105, u\u017ekertant keli\u0105 epidermio dr\u0117gm\u0117s praradimui.<\/li>\n<\/ul>\n<p><strong>Naudojimas:<\/strong> tepkite krem\u0105 ant &scaron;varios veido, kaklo ir dekolt\u0117 odos ryte ir vakare.<br \/>\n&nbsp;<\/p>\n","protected":false},"excerpt":{"rendered":"<p>Atgaivinantis dieninis ir naktinis veido kremas nuo rauk&scaron;li\u0173, sukurtas kaip kasdien\u0117s odos prie\u017ei\u016bros dalis moterims, vyresn\u0117ms nei 70 met\u0173, nepriklausomai nuo j\u0173 odos tipo. Intensyviai dr\u0117kina, regeneruoja ir stiprina od\u0105. Ypatinga veikli\u0173j\u0173 med\u017eiag\u0173 sud\u0117tis efektyviai atkuria ir pagerina jo elastingum\u0105. Suma\u017eina rauk&scaron;les ir pagerina veido kont\u016brus. D\u0117l to oda tampa &scaron;velni ir aksomin\u0117. SNAP-8 yra [&#8230;]\n","protected":false},"featured_media":87390,"template":"","meta":[],"product_cat":[1322],"product_tag":[],"class_list":{"0":"post-52226","1":"product","2":"type-product","3":"status-publish","4":"has-post-thumbnail","6":"product_brand-malina-akcija-lt","7":"product_cat-veido-kremai","9":"first","10":"outofstock","11":"taxable","12":"shipping-taxable","13":"product-type-simple"},"_links":{"self":[{"href":"https:\/\/e.kosmolat.eu\/lt\/wp-json\/wp\/v2\/product\/52226","targetHints":{"allow":["GET"]}}],"collection":[{"href":"https:\/\/e.kosmolat.eu\/lt\/wp-json\/wp\/v2\/product"}],"about":[{"href":"https:\/\/e.kosmolat.eu\/lt\/wp-json\/wp\/v2\/types\/product"}],"wp:featuredmedia":[{"embeddable":true,"href":"https:\/\/e.kosmolat.eu\/lt\/wp-json\/wp\/v2\/media\/87390"}],"wp:attachment":[{"href":"https:\/\/e.kosmolat.eu\/lt\/wp-json\/wp\/v2\/media?parent=52226"}],"wp:term":[{"taxonomy":"product_cat","embeddable":true,"href":"https:\/\/e.kosmolat.eu\/lt\/wp-json\/wp\/v2\/product_cat?post=52226"},{"taxonomy":"product_tag","embeddable":true,"href":"https:\/\/e.kosmolat.eu\/lt\/wp-json\/wp\/v2\/product_tag?post=52226"}],"curies":[{"name":"wp","href":"https:\/\/api.w.org\/{rel}","templated":true}]}}