{"id":52193,"date":"2024-05-29T12:22:46","date_gmt":"2024-05-29T12:22:46","guid":{"rendered":"https:\/\/e.kosmolat.eu\/?post_type=product&#038;p=52193"},"modified":"2026-04-24T06:02:07","modified_gmt":"2026-04-24T06:02:07","slug":"leriny-notur-matu-kremkr-5-76-grezns-kastanis-50-50-15-ml","status":"publish","type":"product","link":"https:\/\/e.kosmolat.eu\/lt\/produktas\/leriny-notur-matu-kremkr-5-76-grezns-kastanis-50-50-15-ml\/","title":{"rendered":"L`ERINY Kreminiai da\u017eai plaukams 5.76 Prabangus ka\u0161tonas, 50\/50\/15 ml"},"content":{"rendered":"<p>Inovatyv\u016bs kreminiai plauk\u0173 da\u017eai, turintys atkuriam\u0173j\u0173 savybi\u0173, apsaugo plaukus nuo pa\u017eeidim\u0173 da\u017eant. Sud\u0117tyje yra hialurono r\u016bg&scaron;ties ir augalinio keratino, kurie u\u017etikrina maksimal\u0173 dr\u0117kinim\u0105 ir atkuria pa\u017eeistus plaukus. Idealiai tinka da\u017eyti \u017eilus plaukus, paliekant sruogas &scaron;velnias, &scaron;ilkines ir blizgan\u010dias. &nbsp;Patvarumo lygis &ndash; 3. Nenusiplauna. Puiki ir gyvybinga plauk\u0173 spalva nuo &scaron;akn\u0173 iki galiuk\u0173. Storiems ir ilgiems plaukams rekomenduojama naudoti dvi pakuotes kremini\u0173 da\u017e\u0173.<\/p>\n<p><strong>Pakuot\u0117je:<\/strong> Kreminiai plauk\u0173 da\u017eai 50 ml, oksidacin\u0117 emulsija 50 ml (vandenilio peroksido mas\u0117s dalis, \u017er. ant pakuot\u0117s), kauk\u0117-balzamas 15 ml, p\/e pir&scaron;tin\u0117s &#8211; 1 pora, instrukcija 2 vnt.<\/p>\n<p><strong>Naudojimas:<\/strong> atid\u017eiai perskaitykite instrukcijas ir laikykit\u0117s j\u0173.<\/p>\n<p><strong>Atsargumo priemon\u0117s:<\/strong> D\u0116MESIO! Sud\u0117tyje yra amoniako, vandenilio peroksido; fenilendiamin\u0173 &nbsp;(i&scaron;skyrus atspalvius 6.46, 6.61, 7.17, 8.11, 8.16, 8.32, 8.33, 9.37). Sud\u0117tyje yra fenilendiamin\u0173 (toluendiamin\u0173) (i&scaron;skyrus atspalvius 1.07, 2.15, 4.12, 4.52, 5.52, 6.46, 7.53, 8.32, 9.21, 10.12). Sud\u0117tyje yra rezorcinolio (i&scaron;skyrus atspalvius 2.15, 4.12, 4.52, 5.52, 6.61, 6.46, 7.53, 8.11, 8.16, 8.32, 9.37).<\/p>\n<p>Gali sukelti sunki\u0105 alergin\u0119 reakcij\u0105. 48 valandas prie&scaron; naudojim\u0105 atlikite alergijos test\u0105. Nenaudoti jaunesniems nei 16 met\u0173 asmenims. Laikinos juodosios chna tatuiruot\u0117s padidina alergin\u0117s reakcijos rizik\u0105. Nenaudoti, jei: i&scaron;b\u0117r\u0117 veid\u0105, jautri, pa\u017eeista, sudirgusi galvos oda, pasirei&scaron;k\u0117 alergin\u0117 reakcija \u012f juodos chna da\u017eus ar laikin\u0105 tatuiruot\u0119. Vengti patekimo \u012f akis. Patekus \u012f akis, nedelsiant gausiai praplauti vandeniu. Nenaudoti antakiams ir blakstienoms da\u017eyti. Naudokite apsaugines pir&scaron;tines. Pasibaigus ekspozicijos laikui, mi&scaron;in\u012f gerai nuplaukite. Laikyti vaikams nepasiekiamoje vietoje. Kauk\u0117-balzamas sud\u0117tyje yra vitamino A. Prie&scaron; naudojant atsi\u017evelgti \u012f paros doze. Laikyti nuo +5 &deg;\u0421 iki +25 &deg;\u0421 temperat\u016broje, saugoti nuo tiesiogini\u0173 saul\u0117s spinduli\u0173.<\/p>\n<p><strong>Geriausias:<\/strong> 36 m\u0117nesiai nuo pagaminimo datos.<\/p>\n","protected":false},"excerpt":{"rendered":"<p>Inovatyv\u016bs kreminiai plauk\u0173 da\u017eai, turintys atkuriam\u0173j\u0173 savybi\u0173, apsaugo plaukus nuo pa\u017eeidim\u0173 da\u017eant. Sud\u0117tyje yra hialurono r\u016bg&scaron;ties ir augalinio keratino, kurie u\u017etikrina maksimal\u0173 dr\u0117kinim\u0105 ir atkuria pa\u017eeistus plaukus. Idealiai tinka da\u017eyti \u017eilus plaukus, paliekant sruogas &scaron;velnias, &scaron;ilkines ir blizgan\u010dias. &nbsp;Patvarumo lygis &ndash; 3. Nenusiplauna. Puiki ir gyvybinga plauk\u0173 spalva nuo &scaron;akn\u0173 iki galiuk\u0173. Storiems ir ilgiems [&#8230;]\n","protected":false},"featured_media":78478,"template":"","meta":[],"product_cat":[1442],"product_tag":[],"class_list":{"0":"post-52193","1":"product","2":"type-product","3":"status-publish","4":"has-post-thumbnail","6":"product_brand-kombi_ua-lt","7":"product_cat-plauku-dazai-plauku-dazai","9":"first","10":"instock","11":"taxable","12":"shipping-taxable","13":"product-type-simple"},"_links":{"self":[{"href":"https:\/\/e.kosmolat.eu\/lt\/wp-json\/wp\/v2\/product\/52193","targetHints":{"allow":["GET"]}}],"collection":[{"href":"https:\/\/e.kosmolat.eu\/lt\/wp-json\/wp\/v2\/product"}],"about":[{"href":"https:\/\/e.kosmolat.eu\/lt\/wp-json\/wp\/v2\/types\/product"}],"wp:featuredmedia":[{"embeddable":true,"href":"https:\/\/e.kosmolat.eu\/lt\/wp-json\/wp\/v2\/media\/78478"}],"wp:attachment":[{"href":"https:\/\/e.kosmolat.eu\/lt\/wp-json\/wp\/v2\/media?parent=52193"}],"wp:term":[{"taxonomy":"product_cat","embeddable":true,"href":"https:\/\/e.kosmolat.eu\/lt\/wp-json\/wp\/v2\/product_cat?post=52193"},{"taxonomy":"product_tag","embeddable":true,"href":"https:\/\/e.kosmolat.eu\/lt\/wp-json\/wp\/v2\/product_tag?post=52193"}],"curies":[{"name":"wp","href":"https:\/\/api.w.org\/{rel}","templated":true}]}}