{"id":52129,"date":"2024-05-29T06:52:40","date_gmt":"2024-05-29T06:52:40","guid":{"rendered":"https:\/\/e.kosmolat.eu\/?post_type=product&#038;p=52129"},"modified":"2026-04-02T06:31:57","modified_gmt":"2026-04-02T06:31:57","slug":"leriny-notur-matu-kremkr-1-07-burvigi-melns-50-50-15-ml","status":"publish","type":"product","link":"https:\/\/e.kosmolat.eu\/lt\/produktas\/leriny-notur-matu-kremkr-1-07-burvigi-melns-50-50-15-ml\/","title":{"rendered":"L`ERINY Kreminiai da\u017eai plaukams 1.07 \u017davi juoda, 50\/50\/15 ml"},"content":{"rendered":"<p>Inovatyv\u016bs kreminiai plauk\u0173 da\u017eai, turintys atkuriam\u0173j\u0173 savybi\u0173, apsaugo plaukus nuo pa\u017eeidim\u0173 da\u017eant. Sud\u0117tyje yra hialurono r\u016bg\u0161ties ir augalinio keratino, kurie u\u017etikrina maksimal\u0173 dr\u0117kinim\u0105 ir atkuria pa\u017eeistus plaukus. Idealiai tinka da\u017eyti \u017eilus plaukus, paliekant sruogas \u0161velnias, \u0161ilkines ir blizgan\u010dias.<\/p>\n<p>Patvarumo lygis \u2013 3.<\/p>\n<p>Nenusiplauna. Puiki ir gyvybinga plauk\u0173 spalva nuo \u0161akn\u0173 iki galiuk\u0173.<\/p>\n<p>Storiems ir ilgiems plaukams rekomenduojama naudoti dvi pakuotes kremini\u0173 da\u017e\u0173.<\/p>\n<p>Pakuot\u0117je: Kreminiai plauk\u0173 da\u017eai 50 ml, oksidacin\u0117 emulsija 50 ml (vandenilio peroksido mas\u0117s dalis, \u017er. ant pakuot\u0117s), kauk\u0117-balzamas 15 ml, p\/e pir\u0161tin\u0117s &#8211; 1 pora, instrukcija 2 vnt. <\/p>\n<p>Naudojimas: atid\u017eiai perskaitykite instrukcijas ir laikykit\u0117s j\u0173.<\/p>\n<p>Atsargumo priemon\u0117s: D\u0116MESIO! Sud\u0117tyje yra amoniako, vandenilio peroksido, rezorcinolio, fenilendiamin\u0173 (toluendiamin\u0173). Gali sukelti sunki\u0105 alergin\u0119 reakcij\u0105. 48 valandas prie\u0161 naudojim\u0105 atlikite alergijos test\u0105. Nenaudoti jaunesniems nei 16 met\u0173 asmenims. Laikinos juodosios chna tatuiruot\u0117s padidina alergin\u0117s reakcijos rizik\u0105. Nenaudoti, jei: i\u0161b\u0117r\u0117 veid\u0105, jautri, pa\u017eeista, sudirgusi galvos oda, pasirei\u0161k\u0117 alergin\u0117 reakcija \u012f juodos chna da\u017eus ar laikin\u0105 tatuiruot\u0119. Vengti patekimo \u012f akis. Patekus \u012f akis, nedelsiant gausiai praplauti vandeniu. Nenaudoti antakiams ir blakstienoms da\u017eyti.  Naudokite apsaugines pir\u0161tines. Pasibaigus ekspozicijos laikui, mi\u0161in\u012f gerai nuplaukite. Laikyti vaikams nepasiekiamoje vietoje.<\/p>\n<p>Kauk\u0117-balzamas sud\u0117tyje yra vitamino A. Prie\u0161 naudojant atsi\u017evelgti \u012f paros doze.<\/p>\n<p>Laikyti nuo +5 \u00b0\u0421 iki +25 \u00b0\u0421 temperat\u016broje, saugoti nuo tiesiogini\u0173 saul\u0117s spinduli\u0173.<\/p>\n<p>Geriausias: 36 m\u0117nesiai nuo pagaminimo datos.<\/p>\n","protected":false},"excerpt":{"rendered":"<p>Inovatyv\u016bs kreminiai plauk\u0173 da\u017eai, turintys atkuriam\u0173j\u0173 savybi\u0173, apsaugo plaukus nuo pa\u017eeidim\u0173 da\u017eant. Sud\u0117tyje yra hialurono r\u016bg\u0161ties ir augalinio keratino, kurie u\u017etikrina maksimal\u0173 dr\u0117kinim\u0105 ir atkuria pa\u017eeistus plaukus. Idealiai tinka da\u017eyti \u017eilus plaukus, paliekant sruogas \u0161velnias, \u0161ilkines ir blizgan\u010dias. Patvarumo lygis \u2013 3. Nenusiplauna. Puiki ir gyvybinga plauk\u0173 spalva nuo \u0161akn\u0173 iki galiuk\u0173. Storiems ir ilgiems [&#8230;]\n","protected":false},"featured_media":78470,"template":"","meta":[],"product_cat":[2181],"product_tag":[],"class_list":{"0":"post-52129","1":"product","2":"type-product","3":"status-publish","4":"has-post-thumbnail","6":"product_brand-kombi_ua-lt","7":"product_cat-bez-kategorijas-lt","9":"first","10":"instock","11":"taxable","12":"shipping-taxable","13":"product-type-simple"},"_links":{"self":[{"href":"https:\/\/e.kosmolat.eu\/lt\/wp-json\/wp\/v2\/product\/52129","targetHints":{"allow":["GET"]}}],"collection":[{"href":"https:\/\/e.kosmolat.eu\/lt\/wp-json\/wp\/v2\/product"}],"about":[{"href":"https:\/\/e.kosmolat.eu\/lt\/wp-json\/wp\/v2\/types\/product"}],"wp:featuredmedia":[{"embeddable":true,"href":"https:\/\/e.kosmolat.eu\/lt\/wp-json\/wp\/v2\/media\/78470"}],"wp:attachment":[{"href":"https:\/\/e.kosmolat.eu\/lt\/wp-json\/wp\/v2\/media?parent=52129"}],"wp:term":[{"taxonomy":"product_cat","embeddable":true,"href":"https:\/\/e.kosmolat.eu\/lt\/wp-json\/wp\/v2\/product_cat?post=52129"},{"taxonomy":"product_tag","embeddable":true,"href":"https:\/\/e.kosmolat.eu\/lt\/wp-json\/wp\/v2\/product_tag?post=52129"}],"curies":[{"name":"wp","href":"https:\/\/api.w.org\/{rel}","templated":true}]}}