{"id":52057,"date":"2024-05-28T04:02:27","date_gmt":"2024-05-28T04:02:27","guid":{"rendered":"https:\/\/e.kosmolat.eu\/product\/gp-micelar-skidums-3-in-1-auzas-un-hialuronskabe-500-ml\/"},"modified":"2025-09-15T11:13:38","modified_gmt":"2025-09-15T11:13:38","slug":"i_gp-micelar-skidums-3-in-1-auzas-un-hialuronskabe-500-ml","status":"publish","type":"product","link":"https:\/\/e.kosmolat.eu\/lt\/produktas\/i_gp-micelar-skidums-3-in-1-auzas-un-hialuronskabe-500-ml\/","title":{"rendered":"I_GREEN PHARMACY Micelinis tirpalas 3 in 1 Avi\u017eos ir Hialurono r\u016bg\u0161tis, 500 ml"},"content":{"rendered":"<p>Be kvapo. Pasi\u017eymi trigubu poveikiu: valo, tonizuoja ir dr\u0117kina. Vegani&scaron;kas produktas.<\/p>\n<p><strong>\u012esp\u0117jimas:<\/strong>&nbsp;&scaron;iame produkte yra nat\u016brali\u0173 ekstrakt\u0173 ir tai gali sukelti nuos\u0117d\u0173 susidarym\u0105. Dermatologi&scaron;kai patikrintas.<\/p>\n<p><strong>Atsargumo priemon\u0117s:<\/strong> galimas individualus jautrumas atskiroms sudedamosioms dalims.<\/p>\n<p><strong>Naudojimas:<\/strong> nedidel\u012f kiek\u012f priemon\u0117s u\u017etepkite ant vatos diskelio ir &scaron;velniai nuvalykite od\u0105 aplink akis, veid\u0105, kakl\u0105 ir dekolt\u0117 srit\u012f. Kartokite proced\u016br\u0105 su naujais vatos diskeliais, kol oda bus visi&scaron;kai &scaron;vari. Tinka ne&scaron;iojantiems kontaktinius l\u0119&scaron;ius.<\/p>\n<p>Laikyti nuo +5 &deg;C iki +25 &deg;C temperat\u016broje.<\/p>\n<p><strong>Geriausias:<\/strong> 30 m\u0117nesiai nuo pagaminimo datos.<br \/>\n&nbsp;<\/p>\n","protected":false},"excerpt":{"rendered":"<p>Be kvapo. Pasi\u017eymi trigubu poveikiu: valo, tonizuoja ir dr\u0117kina. Vegani&scaron;kas produktas. \u012esp\u0117jimas:&nbsp;&scaron;iame produkte yra nat\u016brali\u0173 ekstrakt\u0173 ir tai gali sukelti nuos\u0117d\u0173 susidarym\u0105. Dermatologi&scaron;kai patikrintas. Atsargumo priemon\u0117s: galimas individualus jautrumas atskiroms sudedamosioms dalims. Naudojimas: nedidel\u012f kiek\u012f priemon\u0117s u\u017etepkite ant vatos diskelio ir &scaron;velniai nuvalykite od\u0105 aplink akis, veid\u0105, kakl\u0105 ir dekolt\u0117 srit\u012f. Kartokite proced\u016br\u0105 su naujais [&#8230;]\n","protected":false},"featured_media":0,"template":"","meta":[],"product_cat":[1570],"product_tag":[],"class_list":{"0":"post-52057","1":"product","2":"type-product","3":"status-publish","5":"product_brand-elfa_ua-lt","6":"product_cat-micelinis-vanduo","8":"first","9":"outofstock","10":"taxable","11":"shipping-taxable","12":"product-type-simple"},"_links":{"self":[{"href":"https:\/\/e.kosmolat.eu\/lt\/wp-json\/wp\/v2\/product\/52057","targetHints":{"allow":["GET"]}}],"collection":[{"href":"https:\/\/e.kosmolat.eu\/lt\/wp-json\/wp\/v2\/product"}],"about":[{"href":"https:\/\/e.kosmolat.eu\/lt\/wp-json\/wp\/v2\/types\/product"}],"wp:attachment":[{"href":"https:\/\/e.kosmolat.eu\/lt\/wp-json\/wp\/v2\/media?parent=52057"}],"wp:term":[{"taxonomy":"product_cat","embeddable":true,"href":"https:\/\/e.kosmolat.eu\/lt\/wp-json\/wp\/v2\/product_cat?post=52057"},{"taxonomy":"product_tag","embeddable":true,"href":"https:\/\/e.kosmolat.eu\/lt\/wp-json\/wp\/v2\/product_tag?post=52057"}],"curies":[{"name":"wp","href":"https:\/\/api.w.org\/{rel}","templated":true}]}}