{"id":52048,"date":"2024-05-27T10:52:30","date_gmt":"2024-05-27T10:52:30","guid":{"rendered":"https:\/\/e.kosmolat.eu\/product\/%d0%be%d1%82i%d0%b5ec%d0%b2a%d1%82%d0%b5eu-c-%d0%bf%d1%8f%d1%82%d0%bd%d0%be%d0%b2u%d0%b2%d0%beac%d1%82%d0%b5eu-ae%d1%8f-%d1%82%d0%baa%d0%bd%d0%b5%d0%b9\/"},"modified":"2026-04-24T07:29:27","modified_gmt":"2026-04-24T07:29:27","slug":"sila-oxi-velas-balinatajs-un-traipu-tirisanas-lidz-900-g","status":"publish","type":"product","link":"https:\/\/e.kosmolat.eu\/lt\/produktas\/sila-oxi-velas-balinatajs-un-traipu-tirisanas-lidz-900-g\/","title":{"rendered":"SILA OXI Audini\u0173 balintojas ir d\u0117mi\u0173 valiklis, 900 g"},"content":{"rendered":"<p>Baliklis gali b\u016bti naudojamas tiek atskirai, tiek kaip skalbimo milteli\u0173 stipriklis. Prie&scaron; naudodami perskaitykite instrukcijas. Sud\u0117tyje n\u0117ra fosfat\u0173 ir chloro.<\/p>\n<p><strong>Naudojimas:<\/strong><br \/>\n<strong>Skalbimas skalbykl\u0117je:<\/strong> supilkite reikiam\u0105 produkto kiek\u012f kartu su skalbimo milteliais \u012f pagrindin\u012f skalbimo ma&scaron;inos skyri\u0173. Skalbkite audinio etiket\u0117se nurodytoje temperat\u016broje. Skalbimo ma&scaron;ina ciklo s\u0105naudos (4-5 kg saus\u0173 skalbini\u0173): ma\u017eai\/vidutini&scaron;kai ne&scaron;variems skalbiniams &ndash; 40-60 g produkto mink&scaron;tame arba vidutinio kietumo vandenyje, 60-70 g produkto kietame vandenyje. Labai ne&scaron;variems skalbiniams padidinkite nurodytas normas 10-30 g.<br \/>\n<strong>Skalbimas rankomis: <\/strong>visi&scaron;kai i&scaron;tirpinkite 40-60 g produkto kartu su skalbimo milteliais 10 litr\u0173 vandens, kurio temperat\u016bra nurodyta ant audinio etiket\u0117se. Palikite skalbinius tirpale 15-20 minu\u010di\u0173, retkar\u010diais pamai&scaron;ydami. Tada kruop&scaron;\u010diai skalbkite ir skalaukite.<br \/>\n<strong>Mirkymas:<\/strong> visi&scaron;kai i&scaron;tirpinkite 40-60 g produkto (priklausomai nuo u\u017eter&scaron;tumo laipsnio) 10 litr\u0173 vandens, kurio temperat\u016bra nurodyta audinio etiket\u0117se. Palikite skalbinius tirpale 30-60 minu\u010di\u0173, retkar\u010diais pamai&scaron;ydami. Po to nuplaukite.<br \/>\n<strong>I&scaron;ankstinis sunkiai \u012fveikiam\u0173 d\u0117mi\u0173 apdorojimas:<\/strong> 40-60 g produkto sumai&scaron;ykite su nedideliu kiekiu &scaron;ilto vandens (30-40 &deg;C), kol susidarys pastos pavidalo med\u017eiaga. U\u017etepkite ant d\u0117m\u0117s, &scaron;velniai patrinkite, palikite 15-30 minu\u010di\u0173, tada i&scaron;skalbkite.<br \/>\nAtid\u017eiai perskaitykite informacij\u0105 ant drabu\u017ei\u0173, kuriuos ketinate skalbti, etiket\u0117se. Prad\u0117kite skalbti rankomis, kai milteliai visi&scaron;kai i&scaron;tirps.<\/p>\n<p><strong>Laikymo s\u0105lygos:<\/strong> laikyti ne auk&scaron;tesn\u0117je kaip +35 &ordm;C temperat\u016broje, kai oro dr\u0117gnumas ne didesnis kaip 95%, saugoti nuo tiesiogini\u0173 saul\u0117s spinduli\u0173, maisto ir gyv\u016bn\u0173 pa&scaron;aro.&nbsp;<\/p>\n<p><strong>Geriausias:<\/strong> 36 m\u0117n. Nuo pagaminimo datos.<\/p>\n<p><strong>Sud\u0117tis:<\/strong> 30 % ir daugiau deguonies pagrindo balinimo priemoni\u0173, 30 % ir daugiau natrio sulfatas, 5 % arba daugiau, bet ma\u017eiau kaip 15 % &nbsp;natrio karbonatas, ma\u017eiau kaip 5 % anijonini\u0173 &nbsp;aktyvi\u0173j\u0173 pavir&scaron;iaus med\u017eiagos. Fermentai. Optiniai balikliai. Kvapai.<\/p>\n<p>\n<strong><img decoding=\"async\" alt=\"\" src=\"file:\/\/\/C:\/Users\/masha\/Desktop\/GHS05.jpg\" style=\"height:40px; width:40px\" \/>GHS05&nbsp;Pavojinga<\/strong><br \/>\n<strong>H318<\/strong> Smarkiai pa\u017eeid\u017eia akis<br \/>\n<strong><img decoding=\"async\" alt=\"\" src=\"file:\/\/\/C:\/Users\/masha\/Desktop\/GHS07.png\" style=\"height:40px; width:40px\" \/>GHS07&nbsp;Atsargiai<\/strong><br \/>\n<strong>H302<\/strong> Kenksminga prarijus.<br \/>\nP102 Laikyti vaikams neprieinamoje vietoje<br \/>\nP264 Po naudojimo kruop&scaron;\u010diai nuplaukite rankas<br \/>\nP270 Naudojant &scaron;\u012f produkt\u0105, nevalgyti, negerti ir ner\u016bkyti.<br \/>\nP280 M\u016bv\u0117ti apsaugines pir&scaron;tines\/naudoti aki\u0173 apsaugos priemones.<br \/>\nP305+P351+P338 PATEKUS \u012e AKIS: Kelias minutes atsargiai plauti vandeniu. I&scaron;imti kontaktinius l\u0119&scaron;ius, jeigu jie yra ir jeigu lengvai galima tai padaryti. Toliau plauti akis.<br \/>\nP310 Nedelsiant skambinti \u012f APSINUODIJIM\u0172 KONTROL\u0116S IR INFORMACIJOS BIUR\u0104 arba kreiptis \u012f gydytoj\u0105.<br \/>\nP301+P312 PRARIJUS: pasijutus blogai, skambinti \u012f APSINUODIJIM\u0172 KONTROL\u0116S IR INFORMACIJOS BIUR\u0104 \/ kreiptis \u012f gydytoj\u0105.<br \/>\n\u0420330 I&scaron;skalauti burn\u0105.<br \/>\nP501Turin\u012f\/talpykl\u0105 i&scaron;pilti (i&scaron;mesti) &#8211; sunaudot\u0105 &nbsp;pakuot\u0117 utilizuoti &nbsp;kaip buitines atliekas.<br \/>\n&nbsp;<\/p>\n","protected":false},"excerpt":{"rendered":"<p>Baliklis gali b\u016bti naudojamas tiek atskirai, tiek kaip skalbimo milteli\u0173 stipriklis. Prie&scaron; naudodami perskaitykite instrukcijas. Sud\u0117tyje n\u0117ra fosfat\u0173 ir chloro. Naudojimas: Skalbimas skalbykl\u0117je: supilkite reikiam\u0105 produkto kiek\u012f kartu su skalbimo milteliais \u012f pagrindin\u012f skalbimo ma&scaron;inos skyri\u0173. Skalbkite audinio etiket\u0117se nurodytoje temperat\u016broje. Skalbimo ma&scaron;ina ciklo s\u0105naudos (4-5 kg saus\u0173 skalbini\u0173): ma\u017eai\/vidutini&scaron;kai ne&scaron;variems skalbiniams &ndash; 40-60 g [&#8230;]\n","protected":false},"featured_media":92654,"template":"","meta":[],"product_cat":[1483],"product_tag":[],"class_list":{"0":"post-52048","1":"product","2":"type-product","3":"status-publish","4":"has-post-thumbnail","6":"product_brand-slobozanskij-milovar_ua-lt","7":"product_cat-plovikliai","9":"first","10":"instock","11":"taxable","12":"shipping-taxable","13":"product-type-simple"},"_links":{"self":[{"href":"https:\/\/e.kosmolat.eu\/lt\/wp-json\/wp\/v2\/product\/52048","targetHints":{"allow":["GET"]}}],"collection":[{"href":"https:\/\/e.kosmolat.eu\/lt\/wp-json\/wp\/v2\/product"}],"about":[{"href":"https:\/\/e.kosmolat.eu\/lt\/wp-json\/wp\/v2\/types\/product"}],"wp:featuredmedia":[{"embeddable":true,"href":"https:\/\/e.kosmolat.eu\/lt\/wp-json\/wp\/v2\/media\/92654"}],"wp:attachment":[{"href":"https:\/\/e.kosmolat.eu\/lt\/wp-json\/wp\/v2\/media?parent=52048"}],"wp:term":[{"taxonomy":"product_cat","embeddable":true,"href":"https:\/\/e.kosmolat.eu\/lt\/wp-json\/wp\/v2\/product_cat?post=52048"},{"taxonomy":"product_tag","embeddable":true,"href":"https:\/\/e.kosmolat.eu\/lt\/wp-json\/wp\/v2\/product_tag?post=52048"}],"curies":[{"name":"wp","href":"https:\/\/api.w.org\/{rel}","templated":true}]}}