{"id":52033,"date":"2024-05-24T10:06:32","date_gmt":"2024-05-24T10:06:32","guid":{"rendered":"https:\/\/e.kosmolat.eu\/product\/blyskavka-furniture-polish-lemon-300-ml\/"},"modified":"2026-04-23T14:14:08","modified_gmt":"2026-04-23T14:14:08","slug":"i_blyskavka-mebelu-pules-lidz-ar-citrona-arom-300-ml","status":"publish","type":"product","link":"https:\/\/e.kosmolat.eu\/lt\/produktas\/i_blyskavka-mebelu-pules-lidz-ar-citrona-arom-300-ml\/","title":{"rendered":"I_BLISKAVKA Bald\u0173 polirolis su citrinos kvapu, 300 ml"},"content":{"rendered":"<p><html><br \/>\n<head><br \/>\n\t<title><\/title><br \/>\n<\/head><br \/>\n<body><\/p>\n<p>Bald\u0173 poliravimas pa&scaron;alina ne&scaron;varumus, dulkes d\u0117mes nepa\u017eeisdamas medini\u0173 bald\u0173. Lakuotas pavir&scaron;ius ilgai i&scaron;laiko blizges\u012f. Unikali formul\u0117 turi malon\u0173 aromat\u0105.<\/p>\n<p>Naudojimas: prie&scaron; naudojim\u0105 supurtykite skardin\u0119, laikykite j\u0105 vertikaliai ir purk&scaron;kite i&scaron; 10-20 cm atstumo, kad pavir&scaron;ius b\u016bt\u0173 blizgus, tiesiog nuvalykite pavir&scaron;i\u0173 &scaron;luoste.<\/p>\n<p>Laikyti nuo +5&deg;C iki +50&deg;C temperat\u016broje.<\/p>\n<p>Geriausias: 3 metai nuo pagaminimo datos.<\/p>\n<p><\/body><br \/>\n<\/html><\/p>\n<p><strong>Sud\u0117tis:<\/strong> 5 % arba daugiau, bet ma\u017eiau kaip 30 % alifatini\u0173 angliavandenili\u0173 (propanas, butanas, isobutanas). Kvapai\/ Hexyl Cinnamal, Limonene, Linalool. Konservantas\/ Sodium Benzoate.<\/p>\n<p>\n<strong><img decoding=\"async\" alt=\"\" src=\"file:\/\/\/C:\/Users\/masha\/Desktop\/GHS%2002.jpg\" style=\"height:40px; width:40px\" \/>GHS02&nbsp;Pavojinga<\/strong><br \/>\n<strong>H222<\/strong> Ypa\u010d degus aerozolis.<br \/>\n<strong>\u041d229<\/strong> Sl\u0117gin\u0117 talpykla. Kaitinama gali sprogti.<br \/>\nP102 Laikyti vaikams neprieinamoje vietoje.<br \/>\nP103 Prie&scaron; naudojim\u0105 perskaityti etiket\u0119.<br \/>\nP210 Laikyti atokiau nuo &scaron;ilumos &scaron;altini\u0173, kar&scaron;t\u0173 pavir&scaron;i\u0173, \u017eie\u017eirb\u0173, atviros liepsnos arba kit\u0173 degimo &scaron;altini\u0173. Ner\u016bkyti.<br \/>\nP211 Nepurk&scaron;ti \u012f atvir\u0105 liepsn\u0105 arba kitus degimo &scaron;altinius.<br \/>\nP251 Nepradurti ir nedeginti net panaudoto.<br \/>\nP410+P412 Saugoti nuo saul\u0117s &scaron;viesos. Nelaikyti auk&scaron;tesn\u0117je kaip 50 o C\/122 o F temperat\u016broje<br \/>\n&nbsp;<\/p>\n","protected":false},"excerpt":{"rendered":"<p>Bald\u0173 poliravimas pa&scaron;alina ne&scaron;varumus, dulkes d\u0117mes nepa\u017eeisdamas medini\u0173 bald\u0173. Lakuotas pavir&scaron;ius ilgai i&scaron;laiko blizges\u012f. Unikali formul\u0117 turi malon\u0173 aromat\u0105. Naudojimas: prie&scaron; naudojim\u0105 supurtykite skardin\u0119, laikykite j\u0105 vertikaliai ir purk&scaron;kite i&scaron; 10-20 cm atstumo, kad pavir&scaron;ius b\u016bt\u0173 blizgus, tiesiog nuvalykite pavir&scaron;i\u0173 &scaron;luoste. Laikyti nuo +5&deg;C iki +50&deg;C temperat\u016broje. Geriausias: 3 metai nuo pagaminimo datos. Sud\u0117tis: 5 [&#8230;]\n","protected":false},"featured_media":92490,"template":"","meta":[],"product_cat":[1728],"product_tag":[],"class_list":{"0":"post-52033","1":"product","2":"type-product","3":"status-publish","4":"has-post-thumbnail","6":"product_brand-blyskavka_ua-lt","7":"product_cat-valymo-reikmenys-ir-namu-apyvokos-prekes","9":"first","10":"instock","11":"taxable","12":"shipping-taxable","13":"product-type-simple"},"_links":{"self":[{"href":"https:\/\/e.kosmolat.eu\/lt\/wp-json\/wp\/v2\/product\/52033","targetHints":{"allow":["GET"]}}],"collection":[{"href":"https:\/\/e.kosmolat.eu\/lt\/wp-json\/wp\/v2\/product"}],"about":[{"href":"https:\/\/e.kosmolat.eu\/lt\/wp-json\/wp\/v2\/types\/product"}],"wp:featuredmedia":[{"embeddable":true,"href":"https:\/\/e.kosmolat.eu\/lt\/wp-json\/wp\/v2\/media\/92490"}],"wp:attachment":[{"href":"https:\/\/e.kosmolat.eu\/lt\/wp-json\/wp\/v2\/media?parent=52033"}],"wp:term":[{"taxonomy":"product_cat","embeddable":true,"href":"https:\/\/e.kosmolat.eu\/lt\/wp-json\/wp\/v2\/product_cat?post=52033"},{"taxonomy":"product_tag","embeddable":true,"href":"https:\/\/e.kosmolat.eu\/lt\/wp-json\/wp\/v2\/product_tag?post=52033"}],"curies":[{"name":"wp","href":"https:\/\/api.w.org\/{rel}","templated":true}]}}