{"id":51966,"date":"2024-05-22T04:03:30","date_gmt":"2024-05-22T04:03:30","guid":{"rendered":"https:\/\/e.kosmolat.eu\/product\/masazas-ella-sildosa-150-ml\/"},"modified":"2025-05-01T05:29:10","modified_gmt":"2025-05-01T05:29:10","slug":"masazas-ella-sildosa-150-ml","status":"publish","type":"product","link":"https:\/\/e.kosmolat.eu\/lt\/produktas\/masazas-ella-sildosa-150-ml\/","title":{"rendered":"MIRROLLA Sildantis Masa\u017einis aliejus, 150 ml"},"content":{"rendered":"<p>Masa\u017einis aliejus -MIRROLLA &#8211; idealiai parinktas gydom\u0173j\u0173 aliejini\u0173 ekstrakt\u0173 ir \u0161iuolaikini\u0173 pranc\u016bzi\u0161k\u0173 parfumuot\u0173 kompozicij\u0173 kompleksas, suteikia odai mink\u0161tum\u0105 ir aksomin\u0119 spalv\u0105 &#8211; &#8220;Ka\u0161emiro&#8221; efektas. Gerai pasiskirsto po k\u016bn\u0105, gerai \u012fsigeria ir giliai prasiskverbia \u012f odos sluoksnius, prisotina aktyviomis med\u017eiagomis.<br \/>\nRaudonas pipiras &#8211; turi \u0161ildant\u012f poveik\u012f.<br \/>\nDilgel\u0117 &#8211; pagerina kraujo apytak\u0105.<br \/>\nKamparas &#8211; turi \u0161ildan\u010di\u0173 savybi\u0173.<br \/>\nVitaminas E &#8211; antioksidantas, l\u0117tina sen\u0117jimo proces\u0105.<\/p>\n<p>&#8211; Greitai su\u0161ildo k\u016bn\u0105<br \/>\n&#8211; Giliai \u0161ildo raumenys<br \/>\n-L\u0117tina sen\u0117jimo proces\u0105<\/p>\n<p>NAUDOJIMO B\u016aDAS: u\u017etepkite ant problemini\u0173 k\u016bno viet\u0173.<\/p>\n<p>ATSARGUMO PRIEMON\u0116S: individualus netoleravimas. Tik i\u0161oriniam naudojimui.<\/p>\n","protected":false},"excerpt":{"rendered":"<p>Masa\u017einis aliejus -MIRROLLA &#8211; idealiai parinktas gydom\u0173j\u0173 aliejini\u0173 ekstrakt\u0173 ir \u0161iuolaikini\u0173 pranc\u016bzi\u0161k\u0173 parfumuot\u0173 kompozicij\u0173 kompleksas, suteikia odai mink\u0161tum\u0105 ir aksomin\u0119 spalv\u0105 &#8211; &#8220;Ka\u0161emiro&#8221; efektas. Gerai pasiskirsto po k\u016bn\u0105, gerai \u012fsigeria ir giliai prasiskverbia \u012f odos sluoksnius, prisotina aktyviomis med\u017eiagomis. Raudonas pipiras &#8211; turi \u0161ildant\u012f poveik\u012f. Dilgel\u0117 &#8211; pagerina kraujo apytak\u0105. Kamparas &#8211; turi \u0161ildan\u010di\u0173 savybi\u0173. [&#8230;]\n","protected":false},"featured_media":51968,"template":"","meta":[],"product_cat":[1390],"product_tag":[],"class_list":{"0":"post-51966","1":"product","2":"type-product","3":"status-publish","4":"has-post-thumbnail","6":"product_brand-malina-akcija-lt","7":"product_cat-kremai-aliejai-kuno-pienelis","9":"first","10":"instock","11":"taxable","12":"shipping-taxable","13":"product-type-simple"},"_links":{"self":[{"href":"https:\/\/e.kosmolat.eu\/lt\/wp-json\/wp\/v2\/product\/51966","targetHints":{"allow":["GET"]}}],"collection":[{"href":"https:\/\/e.kosmolat.eu\/lt\/wp-json\/wp\/v2\/product"}],"about":[{"href":"https:\/\/e.kosmolat.eu\/lt\/wp-json\/wp\/v2\/types\/product"}],"wp:featuredmedia":[{"embeddable":true,"href":"https:\/\/e.kosmolat.eu\/lt\/wp-json\/wp\/v2\/media\/51968"}],"wp:attachment":[{"href":"https:\/\/e.kosmolat.eu\/lt\/wp-json\/wp\/v2\/media?parent=51966"}],"wp:term":[{"taxonomy":"product_cat","embeddable":true,"href":"https:\/\/e.kosmolat.eu\/lt\/wp-json\/wp\/v2\/product_cat?post=51966"},{"taxonomy":"product_tag","embeddable":true,"href":"https:\/\/e.kosmolat.eu\/lt\/wp-json\/wp\/v2\/product_tag?post=51966"}],"curies":[{"name":"wp","href":"https:\/\/api.w.org\/{rel}","templated":true}]}}