{"id":51844,"date":"2024-05-17T06:36:26","date_gmt":"2024-05-17T06:36:26","guid":{"rendered":"https:\/\/e.kosmolat.eu\/product\/ae%d1%8f-%d0%bc%d1%83e%d1%87c%d0%bd-77-%d0%bce-for-men-77-ml\/"},"modified":"2026-04-02T06:19:40","modified_gmt":"2026-04-02T06:19:40","slug":"effect-odekolons-viriesiem-77-ml","status":"publish","type":"product","link":"https:\/\/e.kosmolat.eu\/lt\/produktas\/effect-odekolons-viriesiem-77-ml\/","title":{"rendered":"EFFECT Vyrams Odekolonas, 77 ml"},"content":{"rendered":"<p>Etilo alkoholio, t\u016brio proc., 62,5&plusmn;1,0.<\/p>\n<p><strong>Atsargumo priemon\u0117s:<\/strong> Nenaudoti &scaron;alia ugnies. Vengti patekimo \u012f akis.<\/p>\n<p>Laikymo temperat\u016bra nuo +5&deg;\u0421 iki + 25&deg;\u0421.&nbsp;<br \/>\n&nbsp;<\/p>\n","protected":false},"excerpt":{"rendered":"<p>Etilo alkoholio, t\u016brio proc., 62,5&plusmn;1,0. Atsargumo priemon\u0117s: Nenaudoti &scaron;alia ugnies. Vengti patekimo \u012f akis. Laikymo temperat\u016bra nuo +5&deg;\u0421 iki + 25&deg;\u0421.&nbsp; &nbsp;<\/p>\n","protected":false},"featured_media":92646,"template":"","meta":[],"product_cat":[1317],"product_tag":[],"class_list":{"0":"post-51844","1":"product","2":"type-product","3":"status-publish","4":"has-post-thumbnail","6":"product_brand-effekt_ua-lt","7":"product_cat-odekolonai-ir-losjonai","9":"first","10":"instock","11":"taxable","12":"shipping-taxable","13":"product-type-simple"},"_links":{"self":[{"href":"https:\/\/e.kosmolat.eu\/lt\/wp-json\/wp\/v2\/product\/51844","targetHints":{"allow":["GET"]}}],"collection":[{"href":"https:\/\/e.kosmolat.eu\/lt\/wp-json\/wp\/v2\/product"}],"about":[{"href":"https:\/\/e.kosmolat.eu\/lt\/wp-json\/wp\/v2\/types\/product"}],"wp:featuredmedia":[{"embeddable":true,"href":"https:\/\/e.kosmolat.eu\/lt\/wp-json\/wp\/v2\/media\/92646"}],"wp:attachment":[{"href":"https:\/\/e.kosmolat.eu\/lt\/wp-json\/wp\/v2\/media?parent=51844"}],"wp:term":[{"taxonomy":"product_cat","embeddable":true,"href":"https:\/\/e.kosmolat.eu\/lt\/wp-json\/wp\/v2\/product_cat?post=51844"},{"taxonomy":"product_tag","embeddable":true,"href":"https:\/\/e.kosmolat.eu\/lt\/wp-json\/wp\/v2\/product_tag?post=51844"}],"curies":[{"name":"wp","href":"https:\/\/api.w.org\/{rel}","templated":true}]}}