{"id":51836,"date":"2024-05-17T06:06:24","date_gmt":"2024-05-17T06:06:24","guid":{"rendered":"https:\/\/e.kosmolat.eu\/product\/%d0%baaec%d0%bda-%d0%basa%d1%81%d0%bda%d1%8f-77%d0%bce-viburnum-red-77-ml\/"},"modified":"2026-04-22T11:44:47","modified_gmt":"2026-04-22T11:44:47","slug":"effect-sarkana-irbene-odekolons-77-ml","status":"publish","type":"product","link":"https:\/\/e.kosmolat.eu\/lt\/produktas\/effect-sarkana-irbene-odekolons-77-ml\/","title":{"rendered":"EFFECT Raudonasis putinas Odekolonas, 77 ml"},"content":{"rendered":"<p>Etilo alkoholio, t\u016brio proc., 62,5&plusmn;1,0.<\/p>\n<p><strong>Atsargumo priemon\u0117s:<\/strong> Nenaudoti &scaron;alia ugnies. Vengti patekimo \u012f akis.<\/p>\n<p>Laikymo temperat\u016bra nuo +5&deg;\u0421 iki + 25&deg;\u0421.&nbsp;<br \/>\n&nbsp;<\/p>\n","protected":false},"excerpt":{"rendered":"<p>Etilo alkoholio, t\u016brio proc., 62,5&plusmn;1,0. Atsargumo priemon\u0117s: Nenaudoti &scaron;alia ugnies. Vengti patekimo \u012f akis. Laikymo temperat\u016bra nuo +5&deg;\u0421 iki + 25&deg;\u0421.&nbsp; &nbsp;<\/p>\n","protected":false},"featured_media":92470,"template":"","meta":[],"product_cat":[2181],"product_tag":[],"class_list":{"0":"post-51836","1":"product","2":"type-product","3":"status-publish","4":"has-post-thumbnail","6":"product_brand-effekt_ua-lt","7":"product_cat-bez-kategorijas-lt","9":"first","10":"instock","11":"taxable","12":"shipping-taxable","13":"product-type-simple"},"_links":{"self":[{"href":"https:\/\/e.kosmolat.eu\/lt\/wp-json\/wp\/v2\/product\/51836","targetHints":{"allow":["GET"]}}],"collection":[{"href":"https:\/\/e.kosmolat.eu\/lt\/wp-json\/wp\/v2\/product"}],"about":[{"href":"https:\/\/e.kosmolat.eu\/lt\/wp-json\/wp\/v2\/types\/product"}],"wp:featuredmedia":[{"embeddable":true,"href":"https:\/\/e.kosmolat.eu\/lt\/wp-json\/wp\/v2\/media\/92470"}],"wp:attachment":[{"href":"https:\/\/e.kosmolat.eu\/lt\/wp-json\/wp\/v2\/media?parent=51836"}],"wp:term":[{"taxonomy":"product_cat","embeddable":true,"href":"https:\/\/e.kosmolat.eu\/lt\/wp-json\/wp\/v2\/product_cat?post=51836"},{"taxonomy":"product_tag","embeddable":true,"href":"https:\/\/e.kosmolat.eu\/lt\/wp-json\/wp\/v2\/product_tag?post=51836"}],"curies":[{"name":"wp","href":"https:\/\/api.w.org\/{rel}","templated":true}]}}