{"id":51820,"date":"2024-05-17T04:09:22","date_gmt":"2024-05-17T04:09:22","guid":{"rendered":"https:\/\/e.kosmolat.eu\/product\/skin-love-kr-zeleja-ar-alveju-kombinet-un-jutigai-sejas-adai-60-g\/"},"modified":"2025-09-20T05:12:24","modified_gmt":"2025-09-20T05:12:24","slug":"skin-love-kr-zeleja-ar-alveju-kombinet-un-jutigai-sejas-adai-60-g","status":"publish","type":"product","link":"https:\/\/e.kosmolat.eu\/lt\/produktas\/skin-love-kr-zeleja-ar-alveju-kombinet-un-jutigai-sejas-adai-60-g\/","title":{"rendered":"BELKOSMEX Skin Love Kremas-gelis su alavijais mi\u0161riai ir jautriai veido odai, 60 g"},"content":{"rendered":"<p>Aloe Vera sultys ramina, gaivina, tonizuoja, &scaron;alina &scaron;erpetojim\u0105, dr\u0117kina ir atkuria od\u0105.<\/p>\n<p><strong>Naudojimas:<\/strong> tepkite ant &scaron;varios, sausos veido, kaklo ir dekolt\u0117 odos. &Scaron;velniai paskirstykite palei masa\u017eo linijas. Tinka kaip makia\u017eo pagrindas.<\/p>\n<p>Laikyti nuo +5 &deg;C iki +25 &deg;C temperat\u016broje.<\/p>\n<p><strong>Geriausias: <\/strong>36 m\u0117n. nuo pagaminimo datos.<br \/>\n&nbsp;<\/p>\n","protected":false},"excerpt":{"rendered":"<p>Aloe Vera sultys ramina, gaivina, tonizuoja, &scaron;alina &scaron;erpetojim\u0105, dr\u0117kina ir atkuria od\u0105. Naudojimas: tepkite ant &scaron;varios, sausos veido, kaklo ir dekolt\u0117 odos. &Scaron;velniai paskirstykite palei masa\u017eo linijas. Tinka kaip makia\u017eo pagrindas. Laikyti nuo +5 &deg;C iki +25 &deg;C temperat\u016broje. Geriausias: 36 m\u0117n. nuo pagaminimo datos. &nbsp;<\/p>\n","protected":false},"featured_media":92622,"template":"","meta":[],"product_cat":[1322],"product_tag":[],"class_list":{"0":"post-51820","1":"product","2":"type-product","3":"status-publish","4":"has-post-thumbnail","6":"product_brand-belkosmex_by-lt","7":"product_cat-veido-kremai","9":"first","10":"outofstock","11":"taxable","12":"shipping-taxable","13":"product-type-simple"},"_links":{"self":[{"href":"https:\/\/e.kosmolat.eu\/lt\/wp-json\/wp\/v2\/product\/51820","targetHints":{"allow":["GET"]}}],"collection":[{"href":"https:\/\/e.kosmolat.eu\/lt\/wp-json\/wp\/v2\/product"}],"about":[{"href":"https:\/\/e.kosmolat.eu\/lt\/wp-json\/wp\/v2\/types\/product"}],"wp:featuredmedia":[{"embeddable":true,"href":"https:\/\/e.kosmolat.eu\/lt\/wp-json\/wp\/v2\/media\/92622"}],"wp:attachment":[{"href":"https:\/\/e.kosmolat.eu\/lt\/wp-json\/wp\/v2\/media?parent=51820"}],"wp:term":[{"taxonomy":"product_cat","embeddable":true,"href":"https:\/\/e.kosmolat.eu\/lt\/wp-json\/wp\/v2\/product_cat?post=51820"},{"taxonomy":"product_tag","embeddable":true,"href":"https:\/\/e.kosmolat.eu\/lt\/wp-json\/wp\/v2\/product_tag?post=51820"}],"curies":[{"name":"wp","href":"https:\/\/api.w.org\/{rel}","templated":true}]}}