{"id":51796,"date":"2024-05-17T04:06:39","date_gmt":"2024-05-17T04:06:39","guid":{"rendered":"https:\/\/e.kosmolat.eu\/product\/skin-love-kr-ar-c-vitaminu-kombnin-un-taukainai-sejas-adai-60-g\/"},"modified":"2025-09-20T05:11:40","modified_gmt":"2025-09-20T05:11:40","slug":"skin-love-kr-ar-c-vitaminu-kombnin-un-taukainai-sejas-adai-60-g","status":"publish","type":"product","link":"https:\/\/e.kosmolat.eu\/lt\/produktas\/skin-love-kr-ar-c-vitaminu-kombnin-un-taukainai-sejas-adai-60-g\/","title":{"rendered":"BELKOSMEX Skin Love Cream su vitaminu C mi\u0161riai ir riebiai odai, 60 g"},"content":{"rendered":"<p>Vitaminas C l\u0117tina sen\u0117jimo proces\u0105 ir suteikia antioksidacin\u0119 apsaug\u0105, padidina elastingum\u0105 ir pagerina veido spalv\u0105, suteikia odai &scaron;veln\u0173 &scaron;vyt\u0117jim\u0105 ir glotnum\u0105.<\/p>\n<p><strong>Naudojimas:<\/strong> tepkite ant &scaron;varios, sausos veido, kaklo ir dekolt\u0117 odos. &Scaron;velniai paskirstykite palei masa\u017eo linijas. Tinka kaip makia\u017eo pagrindas.<\/p>\n<p>Laikyti nuo +5 &deg;C iki +25 &deg;C temperat\u016broje.<\/p>\n<p><strong>Geriausias: <\/strong>36 m\u0117n. nuo pagaminimo datos.<br \/>\n&nbsp;<\/p>\n","protected":false},"excerpt":{"rendered":"<p>Vitaminas C l\u0117tina sen\u0117jimo proces\u0105 ir suteikia antioksidacin\u0119 apsaug\u0105, padidina elastingum\u0105 ir pagerina veido spalv\u0105, suteikia odai &scaron;veln\u0173 &scaron;vyt\u0117jim\u0105 ir glotnum\u0105. Naudojimas: tepkite ant &scaron;varios, sausos veido, kaklo ir dekolt\u0117 odos. &Scaron;velniai paskirstykite palei masa\u017eo linijas. Tinka kaip makia\u017eo pagrindas. Laikyti nuo +5 &deg;C iki +25 &deg;C temperat\u016broje. Geriausias: 36 m\u0117n. nuo pagaminimo datos. &nbsp;<\/p>\n","protected":false},"featured_media":78494,"template":"","meta":[],"product_cat":[1322],"product_tag":[],"class_list":{"0":"post-51796","1":"product","2":"type-product","3":"status-publish","4":"has-post-thumbnail","6":"product_brand-belkosmex_by-lt","7":"product_cat-veido-kremai","9":"first","10":"outofstock","11":"taxable","12":"shipping-taxable","13":"product-type-simple"},"_links":{"self":[{"href":"https:\/\/e.kosmolat.eu\/lt\/wp-json\/wp\/v2\/product\/51796","targetHints":{"allow":["GET"]}}],"collection":[{"href":"https:\/\/e.kosmolat.eu\/lt\/wp-json\/wp\/v2\/product"}],"about":[{"href":"https:\/\/e.kosmolat.eu\/lt\/wp-json\/wp\/v2\/types\/product"}],"wp:featuredmedia":[{"embeddable":true,"href":"https:\/\/e.kosmolat.eu\/lt\/wp-json\/wp\/v2\/media\/78494"}],"wp:attachment":[{"href":"https:\/\/e.kosmolat.eu\/lt\/wp-json\/wp\/v2\/media?parent=51796"}],"wp:term":[{"taxonomy":"product_cat","embeddable":true,"href":"https:\/\/e.kosmolat.eu\/lt\/wp-json\/wp\/v2\/product_cat?post=51796"},{"taxonomy":"product_tag","embeddable":true,"href":"https:\/\/e.kosmolat.eu\/lt\/wp-json\/wp\/v2\/product_tag?post=51796"}],"curies":[{"name":"wp","href":"https:\/\/api.w.org\/{rel}","templated":true}]}}