{"id":51788,"date":"2024-05-17T04:03:47","date_gmt":"2024-05-17T04:03:47","guid":{"rendered":"https:\/\/e.kosmolat.eu\/product\/shelley-sausais-sampuns-tropical-100-ml\/"},"modified":"2025-09-20T04:00:03","modified_gmt":"2025-09-20T04:00:03","slug":"i_shelley-sausais-sampuns-tropical-100-ml","status":"publish","type":"product","link":"https:\/\/e.kosmolat.eu\/lt\/produktas\/i_shelley-sausais-sampuns-tropical-100-ml\/","title":{"rendered":"I_SHELLEY Sausas \u0161amp\u016bnas Tropical, 100 ml"},"content":{"rendered":"<p>Atgaivina, pagyvina, nereikalauja skalavimo. Tinka vis\u0173 tip\u0173 plaukams.&Scaron;amp\u016bnas sugeria riebum\u0105 i&scaron; plauk\u0173, suteikia plaukams apimties plaukus tampa lengva &scaron;ukuoti.<\/p>\n<p><strong>Naudojimas:<\/strong><br \/>\nTik 3 paprasti \u017eingsniai:<br \/>\n1: prie&scaron; naudojim\u0105 suplakite buteliuk\u0105. Buteliuk\u0105 laikykite 30 cm atstumu nuo saus\u0173 plauk\u0173, padalinkite plaukus ir tolygiai pur&scaron;kite.<br \/>\n2: Pir&scaron;t\u0173 galiukais gerai \u012fmasa\u017euokite &scaron;aknis.<br \/>\n3: I&scaron;&scaron;ukuokite plaukus, kad pa&scaron;alintum\u0117te pertekli\u0173, tada formuokite plaukus.<br \/>\n&nbsp;<\/p>\n<p><strong><img decoding=\"async\" alt=\"\" src=\"file:\/\/\/C:\/Users\/masha\/Desktop\/GHS%2002.jpg\" style=\"height:40px; width:40px\" \/>GHS02 Pavojinga<\/strong><br \/>\n<strong>H222<\/strong> Ypa\u010d degus aerozolis.<br \/>\n<strong>H229 <\/strong>Sl\u0117gin\u0117 talpykla. Kaitinama gali sprogti.<br \/>\nP102 Laikyti vaikams neprieinamoje vietoje<br \/>\nP210 Laikyti atokiau nuo &scaron;ilumos &scaron;altini\u0173, kar&scaron;t\u0173 pavir&scaron;i\u0173, \u017eie\u017eirb\u0173, atviros liepsnos arba kit\u0173 degimo &scaron;altini\u0173. Ner\u016bkyti.<br \/>\nP211 Nepurk&scaron;ti \u012f atvir\u0105 liepsn\u0105 arba kitus degimo &scaron;altinius.<br \/>\nP251 Nepradurti ir nedeginti net panaudoto.<br \/>\nP410+P412 Saugoti nuo saul\u0117s &scaron;viesos. Nelaikyti auk&scaron;tesn\u0117je kaip 50 &deg;C \/122 &deg;F temperat\u016broje.<br \/>\n&nbsp;<\/p>\n","protected":false},"excerpt":{"rendered":"<p>Atgaivina, pagyvina, nereikalauja skalavimo. Tinka vis\u0173 tip\u0173 plaukams.&Scaron;amp\u016bnas sugeria riebum\u0105 i&scaron; plauk\u0173, suteikia plaukams apimties plaukus tampa lengva &scaron;ukuoti. Naudojimas: Tik 3 paprasti \u017eingsniai: 1: prie&scaron; naudojim\u0105 suplakite buteliuk\u0105. Buteliuk\u0105 laikykite 30 cm atstumu nuo saus\u0173 plauk\u0173, padalinkite plaukus ir tolygiai pur&scaron;kite. 2: Pir&scaron;t\u0173 galiukais gerai \u012fmasa\u017euokite &scaron;aknis. 3: I&scaron;&scaron;ukuokite plaukus, kad pa&scaron;alintum\u0117te pertekli\u0173, tada [&#8230;]\n","protected":false},"featured_media":78019,"template":"","meta":[],"product_cat":[1251],"product_tag":[],"class_list":{"0":"post-51788","1":"product","2":"type-product","3":"status-publish","4":"has-post-thumbnail","6":"product_brand-statestrong_gb-lt","7":"product_cat-sampunai","9":"first","10":"outofstock","11":"taxable","12":"shipping-taxable","13":"product-type-simple"},"_links":{"self":[{"href":"https:\/\/e.kosmolat.eu\/lt\/wp-json\/wp\/v2\/product\/51788","targetHints":{"allow":["GET"]}}],"collection":[{"href":"https:\/\/e.kosmolat.eu\/lt\/wp-json\/wp\/v2\/product"}],"about":[{"href":"https:\/\/e.kosmolat.eu\/lt\/wp-json\/wp\/v2\/types\/product"}],"wp:featuredmedia":[{"embeddable":true,"href":"https:\/\/e.kosmolat.eu\/lt\/wp-json\/wp\/v2\/media\/78019"}],"wp:attachment":[{"href":"https:\/\/e.kosmolat.eu\/lt\/wp-json\/wp\/v2\/media?parent=51788"}],"wp:term":[{"taxonomy":"product_cat","embeddable":true,"href":"https:\/\/e.kosmolat.eu\/lt\/wp-json\/wp\/v2\/product_cat?post=51788"},{"taxonomy":"product_tag","embeddable":true,"href":"https:\/\/e.kosmolat.eu\/lt\/wp-json\/wp\/v2\/product_tag?post=51788"}],"curies":[{"name":"wp","href":"https:\/\/api.w.org\/{rel}","templated":true}]}}