{"id":51766,"date":"2024-05-16T04:09:19","date_gmt":"2024-05-16T04:09:19","guid":{"rendered":"https:\/\/e.kosmolat.eu\/product\/cl-ideala-ada-micelar-udens-3-in-1-kombin-un-probl-adai-390-ml\/"},"modified":"2026-03-30T08:22:00","modified_gmt":"2026-03-30T08:22:00","slug":"cl-ideala-ada-micelar-udens-3-in-1-kombin-un-probl-adai-390-ml","status":"publish","type":"product","link":"https:\/\/e.kosmolat.eu\/lt\/produktas\/cl-ideala-ada-micelar-udens-3-in-1-kombin-un-probl-adai-390-ml\/","title":{"rendered":"\u010cISTAJA LINIJA Ideali oda Micelinis vanduo 3 in 1 mi\u0161riai ir probleminei odai, 390 ml"},"content":{"rendered":"<ul>\n<li>Valo makia\u017e\u0105<\/li>\n<li>Ramina<\/li>\n<li>Matina<\/li>\n<\/ul>\n<p>Micelinis vanduo su itin efektyviais ingredientais pa&scaron;alina makia\u017e\u0105 be trynimo &nbsp;ar lipnumo, nedirgindamas aki\u0173. Tinka mi&scaron;riai ir probleminei odai.<\/p>\n<p><strong>Veiksmingoje formul\u0117je yra:<\/strong><\/p>\n<ul>\n<li><strong>Cinkas:<\/strong> reguliuoja riebal\u0173 gamyb\u0105 ir matina od\u0105.<\/li>\n<li><strong>\u017dalioji arbata:<\/strong> ramina ir suteikia odai sveik\u0105 veido spalv\u0105.<\/li>\n<\/ul>\n<p><strong>Naudojimas: <\/strong>u\u017etepkite &scaron;iek tiek produkto ant vatos diskelio ir &scaron;velniai nuvalykite veid\u0105. Nor\u0117dami pa&scaron;alinti aki\u0173 makia\u017e\u0105, u\u017emerkite akis kelias sekundes palaikykite diskel\u012f ant aki\u0173 vok\u0173, tada atsargiai nuvalykite makia\u017e\u0105. Vengti patekimo \u012f akis.<\/p>\n<p><strong>Laikymo s\u0105lygos:<\/strong> nuo 0 &ordm;C iki +25 &ordm;C.<br \/>\n&nbsp;<\/p>\n","protected":false},"excerpt":{"rendered":"<p>Valo makia\u017e\u0105 Ramina Matina Micelinis vanduo su itin efektyviais ingredientais pa&scaron;alina makia\u017e\u0105 be trynimo &nbsp;ar lipnumo, nedirgindamas aki\u0173. Tinka mi&scaron;riai ir probleminei odai. Veiksmingoje formul\u0117je yra: Cinkas: reguliuoja riebal\u0173 gamyb\u0105 ir matina od\u0105. \u017dalioji arbata: ramina ir suteikia odai sveik\u0105 veido spalv\u0105. Naudojimas: u\u017etepkite &scaron;iek tiek produkto ant vatos diskelio ir &scaron;velniai nuvalykite veid\u0105. Nor\u0117dami [&#8230;]\n","protected":false},"featured_media":92638,"template":"","meta":[],"product_cat":[2181],"product_tag":[],"class_list":{"0":"post-51766","1":"product","2":"type-product","3":"status-publish","4":"has-post-thumbnail","6":"product_brand-unilever-ua-lt","7":"product_cat-bez-kategorijas-lt","9":"first","10":"instock","11":"taxable","12":"shipping-taxable","13":"product-type-simple"},"_links":{"self":[{"href":"https:\/\/e.kosmolat.eu\/lt\/wp-json\/wp\/v2\/product\/51766","targetHints":{"allow":["GET"]}}],"collection":[{"href":"https:\/\/e.kosmolat.eu\/lt\/wp-json\/wp\/v2\/product"}],"about":[{"href":"https:\/\/e.kosmolat.eu\/lt\/wp-json\/wp\/v2\/types\/product"}],"wp:featuredmedia":[{"embeddable":true,"href":"https:\/\/e.kosmolat.eu\/lt\/wp-json\/wp\/v2\/media\/92638"}],"wp:attachment":[{"href":"https:\/\/e.kosmolat.eu\/lt\/wp-json\/wp\/v2\/media?parent=51766"}],"wp:term":[{"taxonomy":"product_cat","embeddable":true,"href":"https:\/\/e.kosmolat.eu\/lt\/wp-json\/wp\/v2\/product_cat?post=51766"},{"taxonomy":"product_tag","embeddable":true,"href":"https:\/\/e.kosmolat.eu\/lt\/wp-json\/wp\/v2\/product_tag?post=51766"}],"curies":[{"name":"wp","href":"https:\/\/api.w.org\/{rel}","templated":true}]}}