{"id":51693,"date":"2024-05-15T12:55:52","date_gmt":"2024-05-15T12:55:52","guid":{"rendered":"https:\/\/e.kosmolat.eu\/product\/dr-retteri-castor-oil-100ml\/"},"modified":"2026-04-20T12:32:19","modified_gmt":"2026-04-20T12:32:19","slug":"dr-retter-ricinella-100-ml","status":"publish","type":"product","link":"https:\/\/e.kosmolat.eu\/lt\/produktas\/dr-retter-ricinella-100-ml\/","title":{"rendered":"DR. RETTER Ricinos aliejus, 100 ml"},"content":{"rendered":"<p>Maitina ir apsaugo od\u0105 nuo \u017ealingo i&scaron;orin\u0117s aplinkos poveikio.&nbsp;Ypa\u010d rekomenduojamas sausos ir &scaron;iurk&scaron;\u010dios rank\u0173 ir koj\u0173 odos prie\u017ei\u016brai. Taip pat tinka blakstien\u0173 ir antaki\u0173 prie\u017ei\u016brai. Puikiai maitina galvos od\u0105. Praturtintas vitaminais ir mineralais.<\/p>\n<p>Naudokite veido ir\/ar k\u016bno odos maitinimui ir dr\u0117kinimui.<\/p>\n<p><strong>Sud\u0117tis: <\/strong>100% ricinos aliejus.<\/p>\n<p>Vengti patekimo \u012f akis. Patekus \u012f akis, nedelsiant praplauti dideliu kiekiu vandens.<\/p>\n<p>Laikyti sausoje, tamsioje, apsaugotoje nuo tiesiogini\u0173 saul\u0117s spinduli\u0173, ne auk&scaron;tesn\u0117je negu +25&deg;C temperat\u016broje, vaikams nepasiekiamoje vietoje.<br \/>\n&nbsp;<\/p>\n","protected":false},"excerpt":{"rendered":"<p>Maitina ir apsaugo od\u0105 nuo \u017ealingo i&scaron;orin\u0117s aplinkos poveikio.&nbsp;Ypa\u010d rekomenduojamas sausos ir &scaron;iurk&scaron;\u010dios rank\u0173 ir koj\u0173 odos prie\u017ei\u016brai. Taip pat tinka blakstien\u0173 ir antaki\u0173 prie\u017ei\u016brai. Puikiai maitina galvos od\u0105. Praturtintas vitaminais ir mineralais. Naudokite veido ir\/ar k\u016bno odos maitinimui ir dr\u0117kinimui. Sud\u0117tis: 100% ricinos aliejus. Vengti patekimo \u012f akis. Patekus \u012f akis, nedelsiant praplauti dideliu [&#8230;]\n","protected":false},"featured_media":92506,"template":"","meta":[],"product_cat":[1621],"product_tag":[],"class_list":{"0":"post-51693","1":"product","2":"type-product","3":"status-publish","4":"has-post-thumbnail","6":"product_brand-skinlite-lt","7":"product_cat-aliejai","9":"first","10":"instock","11":"taxable","12":"shipping-taxable","13":"product-type-simple"},"_links":{"self":[{"href":"https:\/\/e.kosmolat.eu\/lt\/wp-json\/wp\/v2\/product\/51693","targetHints":{"allow":["GET"]}}],"collection":[{"href":"https:\/\/e.kosmolat.eu\/lt\/wp-json\/wp\/v2\/product"}],"about":[{"href":"https:\/\/e.kosmolat.eu\/lt\/wp-json\/wp\/v2\/types\/product"}],"wp:featuredmedia":[{"embeddable":true,"href":"https:\/\/e.kosmolat.eu\/lt\/wp-json\/wp\/v2\/media\/92506"}],"wp:attachment":[{"href":"https:\/\/e.kosmolat.eu\/lt\/wp-json\/wp\/v2\/media?parent=51693"}],"wp:term":[{"taxonomy":"product_cat","embeddable":true,"href":"https:\/\/e.kosmolat.eu\/lt\/wp-json\/wp\/v2\/product_cat?post=51693"},{"taxonomy":"product_tag","embeddable":true,"href":"https:\/\/e.kosmolat.eu\/lt\/wp-json\/wp\/v2\/product_tag?post=51693"}],"curies":[{"name":"wp","href":"https:\/\/api.w.org\/{rel}","templated":true}]}}