{"id":51689,"date":"2024-05-15T11:06:18","date_gmt":"2024-05-15T11:06:18","guid":{"rendered":"https:\/\/e.kosmolat.eu\/product\/dr-sante-biotin-hair-hair-loss-control-ua%d0%bc%d0%bf%d1%83%d0%bdu-250-%d0%bce\/"},"modified":"2025-09-20T05:05:44","modified_gmt":"2025-09-20T05:05:44","slug":"i_dr-s-biotin-hair-hair-loss-control-sampuns-250-ml","status":"publish","type":"product","link":"https:\/\/e.kosmolat.eu\/lt\/produktas\/i_dr-s-biotin-hair-hair-loss-control-sampuns-250-ml\/","title":{"rendered":"I_DR.SANTE BIOTIN HAIR Hair Loss Control \u0160amp\u016bnas, 250 ml"},"content":{"rendered":"<p>BIOTIN HAIR plauk\u0173 slinkimo kontrol\u0117s serija &ndash; vitamin\u0173 terapija plauk\u0173 tankumui ir tvirtumui su biotinu ir provitaminu B5. Sud\u0117tyje yra fitantriolio.&nbsp;<\/p>\n<p><strong>Naudojimas:<\/strong> paskirstykite ant dr\u0117gn\u0173 plauk\u0173, suputokite, nuplaukite vandeniu.<\/p>\n<p><strong>Atsargumo priemon\u0117s: <\/strong>patekus \u012f akis, praplauti vandeniu. Galimas individualus jautrumas atskiriems komponentams.<\/p>\n<p>Laikyti nuo +5 &deg;C iki +25 &deg;C temperat\u016broje.<br \/>\n&nbsp;<\/p>\n","protected":false},"excerpt":{"rendered":"<p>BIOTIN HAIR plauk\u0173 slinkimo kontrol\u0117s serija &ndash; vitamin\u0173 terapija plauk\u0173 tankumui ir tvirtumui su biotinu ir provitaminu B5. Sud\u0117tyje yra fitantriolio.&nbsp; Naudojimas: paskirstykite ant dr\u0117gn\u0173 plauk\u0173, suputokite, nuplaukite vandeniu. Atsargumo priemon\u0117s: patekus \u012f akis, praplauti vandeniu. Galimas individualus jautrumas atskiriems komponentams. Laikyti nuo +5 &deg;C iki +25 &deg;C temperat\u016broje. &nbsp;<\/p>\n","protected":false},"featured_media":92510,"template":"","meta":[],"product_cat":[1251],"product_tag":[],"class_list":{"0":"post-51689","1":"product","2":"type-product","3":"status-publish","4":"has-post-thumbnail","6":"product_brand-elfa_ua-lt","7":"product_cat-sampunai","9":"first","10":"outofstock","11":"taxable","12":"shipping-taxable","13":"product-type-simple"},"_links":{"self":[{"href":"https:\/\/e.kosmolat.eu\/lt\/wp-json\/wp\/v2\/product\/51689","targetHints":{"allow":["GET"]}}],"collection":[{"href":"https:\/\/e.kosmolat.eu\/lt\/wp-json\/wp\/v2\/product"}],"about":[{"href":"https:\/\/e.kosmolat.eu\/lt\/wp-json\/wp\/v2\/types\/product"}],"wp:featuredmedia":[{"embeddable":true,"href":"https:\/\/e.kosmolat.eu\/lt\/wp-json\/wp\/v2\/media\/92510"}],"wp:attachment":[{"href":"https:\/\/e.kosmolat.eu\/lt\/wp-json\/wp\/v2\/media?parent=51689"}],"wp:term":[{"taxonomy":"product_cat","embeddable":true,"href":"https:\/\/e.kosmolat.eu\/lt\/wp-json\/wp\/v2\/product_cat?post=51689"},{"taxonomy":"product_tag","embeddable":true,"href":"https:\/\/e.kosmolat.eu\/lt\/wp-json\/wp\/v2\/product_tag?post=51689"}],"curies":[{"name":"wp","href":"https:\/\/api.w.org\/{rel}","templated":true}]}}