{"id":51660,"date":"2024-05-15T05:36:17","date_gmt":"2024-05-15T05:36:17","guid":{"rendered":"https:\/\/e.kosmolat.eu\/?post_type=product&#038;p=51660"},"modified":"2025-09-20T05:11:25","modified_gmt":"2025-09-20T05:11:25","slug":"wellness-touch-universals-krems-ar-juras-sali-130-g","status":"publish","type":"product","link":"https:\/\/e.kosmolat.eu\/lt\/produktas\/wellness-touch-universals-krems-ar-juras-sali-130-g\/","title":{"rendered":"BELKOSMEX Wellness Touch Universalus kremas su j\u016bros druska, 130 g"},"content":{"rendered":"<p>Tinka veido ir k\u016bno odai. Kremas sukurtas palaikyti dr\u0117gm\u0117s lyg\u012f, i&scaron;laikyti elastingum\u0105 ir atkurti od\u0105.&nbsp;Efektyviai mink&scaron;tina ir turi atkuriam\u0105j\u012f poveik\u012f. Sud\u0117tyje esantis j\u016bros druskos ir dumbli\u0173 kompleksas u\u017etikrina, kad oda b\u016bt\u0173 prisotinta nauding\u0173j\u0173 med\u017eiag\u0173 ir mineral\u0173, suteikia gaiv\u0173 atspalv\u012f, atkuria odos tonus\u0105 ir pagerina jos b\u016bkl\u0119. Avokad\u0173, simondsij\u0173 ir pukenetij\u0173 aliejai prisotina od\u0105 vitaminais ir mikroelementais, efektyviai &scaron;alindami i&scaron;saus\u0117jim\u0105.<\/p>\n<p><strong>Naudojimas: <\/strong>tepkite ant sausos, &scaron;varios veido, kaklo ir k\u016bno odos. Tinka kaip makia\u017eo pagrindas.<\/p>\n<p>Laikyti nuo +5 &deg;C iki +25 &deg;C temperat\u016broje. Atidarius laikyti tamsioje vietoje. Venkite tiesiogini\u0173 saul\u0117s spinduli\u0173.<\/p>\n<p><strong>Geriausias: <\/strong>36 m\u0117n. nuo pagaminimo datos.<br \/>\n&nbsp;<\/p>\n","protected":false},"excerpt":{"rendered":"<p>Tinka veido ir k\u016bno odai. Kremas sukurtas palaikyti dr\u0117gm\u0117s lyg\u012f, i&scaron;laikyti elastingum\u0105 ir atkurti od\u0105.&nbsp;Efektyviai mink&scaron;tina ir turi atkuriam\u0105j\u012f poveik\u012f. Sud\u0117tyje esantis j\u016bros druskos ir dumbli\u0173 kompleksas u\u017etikrina, kad oda b\u016bt\u0173 prisotinta nauding\u0173j\u0173 med\u017eiag\u0173 ir mineral\u0173, suteikia gaiv\u0173 atspalv\u012f, atkuria odos tonus\u0105 ir pagerina jos b\u016bkl\u0119. Avokad\u0173, simondsij\u0173 ir pukenetij\u0173 aliejai prisotina od\u0105 vitaminais ir [&#8230;]\n","protected":false},"featured_media":92610,"template":"","meta":[],"product_cat":[1322],"product_tag":[],"class_list":{"0":"post-51660","1":"product","2":"type-product","3":"status-publish","4":"has-post-thumbnail","6":"product_brand-belkosmex_by-lt","7":"product_cat-veido-kremai","9":"first","10":"outofstock","11":"taxable","12":"shipping-taxable","13":"product-type-simple"},"_links":{"self":[{"href":"https:\/\/e.kosmolat.eu\/lt\/wp-json\/wp\/v2\/product\/51660","targetHints":{"allow":["GET"]}}],"collection":[{"href":"https:\/\/e.kosmolat.eu\/lt\/wp-json\/wp\/v2\/product"}],"about":[{"href":"https:\/\/e.kosmolat.eu\/lt\/wp-json\/wp\/v2\/types\/product"}],"wp:featuredmedia":[{"embeddable":true,"href":"https:\/\/e.kosmolat.eu\/lt\/wp-json\/wp\/v2\/media\/92610"}],"wp:attachment":[{"href":"https:\/\/e.kosmolat.eu\/lt\/wp-json\/wp\/v2\/media?parent=51660"}],"wp:term":[{"taxonomy":"product_cat","embeddable":true,"href":"https:\/\/e.kosmolat.eu\/lt\/wp-json\/wp\/v2\/product_cat?post=51660"},{"taxonomy":"product_tag","embeddable":true,"href":"https:\/\/e.kosmolat.eu\/lt\/wp-json\/wp\/v2\/product_tag?post=51660"}],"curies":[{"name":"wp","href":"https:\/\/api.w.org\/{rel}","templated":true}]}}