{"id":51616,"date":"2024-05-15T04:08:11","date_gmt":"2024-05-15T04:08:11","guid":{"rendered":"https:\/\/e.kosmolat.eu\/product\/i_za-ricinella-matu-mazgasanai-un-stiprinasanai-250-ml\/"},"modified":"2025-09-19T15:39:29","modified_gmt":"2025-09-19T15:39:29","slug":"i_za-ricinella-matu-mazgasanai-un-stiprinasanai-250-ml","status":"publish","type":"product","link":"https:\/\/e.kosmolat.eu\/lt\/produktas\/i_za-ricinella-matu-mazgasanai-un-stiprinasanai-250-ml\/","title":{"rendered":"Zelenaja \u0104pteka Aliejus plauk\u0173 plovimui ir stiprinimui (ricinos aliejus)"},"content":{"rendered":"<p>\u0160velniai valo ir neriebalina plauk\u0173, lengvai nusiplaunu \u0161iltu vandeniu. Ricinos aliejus turtingas riebi\u0173 r\u016bg\u0161\u010di\u0173, tarp kuri\u0173 naudingiausias yra ricinolio r\u016bg\u0161tis. Efektyviai atkuria pa\u017eeist\u0173 plauk\u0173 strukt\u016br\u0105, skatina j\u0173 augim\u0105. Rekomenduojama valyti pa\u017eeistus, silpnus plaukus, linkusius \u012f slinkim\u0105.<\/p>\n<p>NAUDOJIMO B\u016aDAS: U\u017etepti ant dr\u0117gn\u0173 plauk\u0173, \u0161velniai pamasa\u017euoti, kol suputos, nuplauti vandeniu. Naudoti vietoj \u0161amp\u016bno 1-2 kartus per savait\u0119.<\/p>\n<p>LAIKYMO S\u0104LYGOS: nuo +5 \u00b0 C iki +25 \u00b0 C.<\/p>\n","protected":false},"excerpt":{"rendered":"<p>\u0160velniai valo ir neriebalina plauk\u0173, lengvai nusiplaunu \u0161iltu vandeniu. Ricinos aliejus turtingas riebi\u0173 r\u016bg\u0161\u010di\u0173, tarp kuri\u0173 naudingiausias yra ricinolio r\u016bg\u0161tis. Efektyviai atkuria pa\u017eeist\u0173 plauk\u0173 strukt\u016br\u0105, skatina j\u0173 augim\u0105. Rekomenduojama valyti pa\u017eeistus, silpnus plaukus, linkusius \u012f slinkim\u0105. NAUDOJIMO B\u016aDAS: U\u017etepti ant dr\u0117gn\u0173 plauk\u0173, \u0161velniai pamasa\u017euoti, kol suputos, nuplauti vandeniu. Naudoti vietoj \u0161amp\u016bno 1-2 kartus per savait\u0119. [&#8230;]\n","protected":false},"featured_media":78934,"template":"","meta":[],"product_cat":[1345],"product_tag":[],"class_list":{"0":"post-51616","1":"product","2":"type-product","3":"status-publish","4":"has-post-thumbnail","6":"product_brand-elfa_ua-lt","7":"product_cat-kitos-plauku-prieziuros-priemones","9":"first","10":"outofstock","11":"taxable","12":"shipping-taxable","13":"product-type-simple"},"_links":{"self":[{"href":"https:\/\/e.kosmolat.eu\/lt\/wp-json\/wp\/v2\/product\/51616","targetHints":{"allow":["GET"]}}],"collection":[{"href":"https:\/\/e.kosmolat.eu\/lt\/wp-json\/wp\/v2\/product"}],"about":[{"href":"https:\/\/e.kosmolat.eu\/lt\/wp-json\/wp\/v2\/types\/product"}],"wp:featuredmedia":[{"embeddable":true,"href":"https:\/\/e.kosmolat.eu\/lt\/wp-json\/wp\/v2\/media\/78934"}],"wp:attachment":[{"href":"https:\/\/e.kosmolat.eu\/lt\/wp-json\/wp\/v2\/media?parent=51616"}],"wp:term":[{"taxonomy":"product_cat","embeddable":true,"href":"https:\/\/e.kosmolat.eu\/lt\/wp-json\/wp\/v2\/product_cat?post=51616"},{"taxonomy":"product_tag","embeddable":true,"href":"https:\/\/e.kosmolat.eu\/lt\/wp-json\/wp\/v2\/product_tag?post=51616"}],"curies":[{"name":"wp","href":"https:\/\/api.w.org\/{rel}","templated":true}]}}