{"id":51608,"date":"2024-05-15T04:07:47","date_gmt":"2024-05-15T04:07:47","guid":{"rendered":"https:\/\/e.kosmolat.eu\/product\/i_za-dadzu-ella-matu-mazgasanai-un-stiprinasanai-250-ml\/"},"modified":"2025-09-19T15:39:14","modified_gmt":"2025-09-19T15:39:14","slug":"i_za-dadzu-ella-matu-mazgasanai-un-stiprinasanai-250-ml","status":"publish","type":"product","link":"https:\/\/e.kosmolat.eu\/lt\/produktas\/i_za-dadzu-ella-matu-mazgasanai-un-stiprinasanai-250-ml\/","title":{"rendered":"Zelenaja \u0104pteka Aliejus plauk\u0173 plovimui Nuo plauk\u0173 slinkimo (varnal\u0117\u0161\u0173)"},"content":{"rendered":"<p>Priemon\u0117 nuo plauk\u0173 slinkimo ir nuplikimo. Ramina galvos od\u0105, atstato pa\u017eeist\u0173 plauk\u0173 strukt\u016br\u0105, skatina atsinaujinimo proces\u0105.<\/p>\n<p>NAUDOJIMO B\u016aDAS; U\u017etepti ant dr\u0117gn\u0173 paluk\u0173, \u0161velniai masa\u017euoti kol suputos, nuplauti vandeniu. Naudoti vietoj \u0161amp\u016bno 1-2 kartus per savait\u0119.<\/p>\n<p>LAIKYMO S\u0104LYGOS: nuo +5 \u00b0 C iki +25 \u00b0 C.<\/p>\n","protected":false},"excerpt":{"rendered":"<p>Priemon\u0117 nuo plauk\u0173 slinkimo ir nuplikimo. Ramina galvos od\u0105, atstato pa\u017eeist\u0173 plauk\u0173 strukt\u016br\u0105, skatina atsinaujinimo proces\u0105. NAUDOJIMO B\u016aDAS; U\u017etepti ant dr\u0117gn\u0173 paluk\u0173, \u0161velniai masa\u017euoti kol suputos, nuplauti vandeniu. Naudoti vietoj \u0161amp\u016bno 1-2 kartus per savait\u0119. LAIKYMO S\u0104LYGOS: nuo +5 \u00b0 C iki +25 \u00b0 C.<\/p>\n","protected":false},"featured_media":78930,"template":"","meta":[],"product_cat":[1345],"product_tag":[],"class_list":{"0":"post-51608","1":"product","2":"type-product","3":"status-publish","4":"has-post-thumbnail","6":"product_brand-elfa_ua-lt","7":"product_cat-kitos-plauku-prieziuros-priemones","9":"first","10":"outofstock","11":"taxable","12":"shipping-taxable","13":"product-type-simple"},"_links":{"self":[{"href":"https:\/\/e.kosmolat.eu\/lt\/wp-json\/wp\/v2\/product\/51608","targetHints":{"allow":["GET"]}}],"collection":[{"href":"https:\/\/e.kosmolat.eu\/lt\/wp-json\/wp\/v2\/product"}],"about":[{"href":"https:\/\/e.kosmolat.eu\/lt\/wp-json\/wp\/v2\/types\/product"}],"wp:featuredmedia":[{"embeddable":true,"href":"https:\/\/e.kosmolat.eu\/lt\/wp-json\/wp\/v2\/media\/78930"}],"wp:attachment":[{"href":"https:\/\/e.kosmolat.eu\/lt\/wp-json\/wp\/v2\/media?parent=51608"}],"wp:term":[{"taxonomy":"product_cat","embeddable":true,"href":"https:\/\/e.kosmolat.eu\/lt\/wp-json\/wp\/v2\/product_cat?post=51608"},{"taxonomy":"product_tag","embeddable":true,"href":"https:\/\/e.kosmolat.eu\/lt\/wp-json\/wp\/v2\/product_tag?post=51608"}],"curies":[{"name":"wp","href":"https:\/\/api.w.org\/{rel}","templated":true}]}}