{"id":51584,"date":"2024-05-15T04:06:11","date_gmt":"2024-05-15T04:06:11","guid":{"rendered":"https:\/\/e.kosmolat.eu\/product\/dr-s-dizdadzu-serija-sampuns-pret-matu-izkrisanu-200-ml\/"},"modified":"2025-09-20T05:07:14","modified_gmt":"2025-09-20T05:07:14","slug":"i_dr-s-dizdadzu-serija-sampuns-pret-matu-izkrisanu-200-ml","status":"publish","type":"product","link":"https:\/\/e.kosmolat.eu\/lt\/produktas\/i_dr-s-dizdadzu-serija-sampuns-pret-matu-izkrisanu-200-ml\/","title":{"rendered":"I_DR. SANTE Varnal\u0117\u0161\u0173 serija \u0160amp\u016bnas nuo plauk\u0173 slinkimo, 200 ml"},"content":{"rendered":"<p>Stimuliuoja plauk\u0173 augim\u0105. Kasdieniniam naudojimui. Vis\u0173 tip\u0173 plaukams.&nbsp;<strong>Did\u017ei\u0173j\u0173 varnal\u0117&scaron;\u0173, juod\u0173j\u0173 ridik\u0173, arti&scaron;ok\u0173 ekstraktai<\/strong> prisotina folikulus maitinan\u010diomis med\u017eiagomis, kurios skatina sveik\u0173 plauk\u0173 augim\u0105. <strong>Raudon\u0173j\u0173 pipir\u0173 ekstraktas, eukalipt\u0173, imbier\u0173, cinamono eteriniai aliejai <\/strong>tonizuoja, skatina mikrocirkuliacij\u0105 vir&scaron;utiniuose odos sluoksniuose, pagerina folikul\u0173 maitinim\u0105. <strong>Kvie\u010di\u0173 proteinai ir pantenolis<\/strong> dr\u0117kina ir maitina plaukus. &Scaron;amp\u016bno sud\u0117tyje n\u0117ra SLES, SLS, da\u017eikli\u0173 ir silikono.<\/p>\n<p><strong>Naudojimo b\u016bdas:<\/strong> reikiam\u0105 &scaron;amp\u016bno kiek\u012f u\u017etepkite ant dr\u0117gn\u0173 plauk\u0173, suputokite, tada nuplaukite vandeniu.<\/p>\n<p><strong>Atsargumo priemon\u0117s:<\/strong> patekus \u012f akis, praplauti vandeniu. Galimas individualus jautrumas atskiriems komponentams.<\/p>\n<p>Laikyti nuo +5&deg;C iki +25&deg;C temperat\u016broje.<\/p>\n<p><strong>Geriausias: <\/strong>30 m\u0117nesi\u0173 nuo pagaminimo datos.<br \/>\n&nbsp;<\/p>\n","protected":false},"excerpt":{"rendered":"<p>Stimuliuoja plauk\u0173 augim\u0105. Kasdieniniam naudojimui. Vis\u0173 tip\u0173 plaukams.&nbsp;Did\u017ei\u0173j\u0173 varnal\u0117&scaron;\u0173, juod\u0173j\u0173 ridik\u0173, arti&scaron;ok\u0173 ekstraktai prisotina folikulus maitinan\u010diomis med\u017eiagomis, kurios skatina sveik\u0173 plauk\u0173 augim\u0105. Raudon\u0173j\u0173 pipir\u0173 ekstraktas, eukalipt\u0173, imbier\u0173, cinamono eteriniai aliejai tonizuoja, skatina mikrocirkuliacij\u0105 vir&scaron;utiniuose odos sluoksniuose, pagerina folikul\u0173 maitinim\u0105. Kvie\u010di\u0173 proteinai ir pantenolis dr\u0117kina ir maitina plaukus. &Scaron;amp\u016bno sud\u0117tyje n\u0117ra SLES, SLS, da\u017eikli\u0173 ir silikono. [&#8230;]\n","protected":false},"featured_media":92534,"template":"","meta":[],"product_cat":[1251],"product_tag":[],"class_list":{"0":"post-51584","1":"product","2":"type-product","3":"status-publish","4":"has-post-thumbnail","6":"product_brand-elfa_ua-lt","7":"product_cat-sampunai","9":"first","10":"outofstock","11":"taxable","12":"shipping-taxable","13":"product-type-simple"},"_links":{"self":[{"href":"https:\/\/e.kosmolat.eu\/lt\/wp-json\/wp\/v2\/product\/51584","targetHints":{"allow":["GET"]}}],"collection":[{"href":"https:\/\/e.kosmolat.eu\/lt\/wp-json\/wp\/v2\/product"}],"about":[{"href":"https:\/\/e.kosmolat.eu\/lt\/wp-json\/wp\/v2\/types\/product"}],"wp:featuredmedia":[{"embeddable":true,"href":"https:\/\/e.kosmolat.eu\/lt\/wp-json\/wp\/v2\/media\/92534"}],"wp:attachment":[{"href":"https:\/\/e.kosmolat.eu\/lt\/wp-json\/wp\/v2\/media?parent=51584"}],"wp:term":[{"taxonomy":"product_cat","embeddable":true,"href":"https:\/\/e.kosmolat.eu\/lt\/wp-json\/wp\/v2\/product_cat?post=51584"},{"taxonomy":"product_tag","embeddable":true,"href":"https:\/\/e.kosmolat.eu\/lt\/wp-json\/wp\/v2\/product_tag?post=51584"}],"curies":[{"name":"wp","href":"https:\/\/api.w.org\/{rel}","templated":true}]}}