{"id":51552,"date":"2024-05-15T04:03:57","date_gmt":"2024-05-15T04:03:57","guid":{"rendered":"https:\/\/e.kosmolat.eu\/product\/i_dd-sejas-un-kermena-krems-kazas-piens-250-ml\/"},"modified":"2026-04-22T10:23:45","modified_gmt":"2026-04-22T10:23:45","slug":"dd-sejas-un-kermena-krems-kazas-piens-250-ml","status":"publish","type":"product","link":"https:\/\/e.kosmolat.eu\/lt\/produktas\/dd-sejas-un-kermena-krems-kazas-piens-250-ml\/","title":{"rendered":"THE DOCTOR HEALTH &#038; CARE  Kremas O\u017ekos pienas 3in1 Maitinimas ir mink\u0161tinimas, 250 ml"},"content":{"rendered":"<p>Veiksmingai r\u016bpinasi oda, padeda i&scaron;saugoti jos &scaron;velnum\u0105, glotnum\u0105 ir elastingum\u0105. Piene esantys nat\u016bral\u016bs komponentai prisotina dr\u0117gme ir maitina, padeda pa&scaron;alinti paraudimus ir pastebimai pagerina odos b\u016bkl\u0119.<\/p>\n<p><strong>Naudojimo b\u016bdas: <\/strong>tepti ant sausos, &scaron;varios odos.<\/p>\n<p><strong>Atsargumo priemon\u0117s: <\/strong>padid\u0117j\u0119s individualus jautrumas atskiriems komponentams.<\/p>\n<p>Laikyti nuo +5&deg;C iki +25&deg;C temperat\u016broje.<br \/>\n&nbsp;<\/p>\n","protected":false},"excerpt":{"rendered":"<p>Veiksmingai r\u016bpinasi oda, padeda i&scaron;saugoti jos &scaron;velnum\u0105, glotnum\u0105 ir elastingum\u0105. Piene esantys nat\u016bral\u016bs komponentai prisotina dr\u0117gme ir maitina, padeda pa&scaron;alinti paraudimus ir pastebimai pagerina odos b\u016bkl\u0119. Naudojimo b\u016bdas: tepti ant sausos, &scaron;varios odos. Atsargumo priemon\u0117s: padid\u0117j\u0119s individualus jautrumas atskiriems komponentams. Laikyti nuo +5&deg;C iki +25&deg;C temperat\u016broje. &nbsp;<\/p>\n","protected":false},"featured_media":87542,"template":"","meta":[],"product_cat":[2181],"product_tag":[],"class_list":{"0":"post-51552","1":"product","2":"type-product","3":"status-publish","4":"has-post-thumbnail","6":"product_brand-elfa_ua-lt","7":"product_cat-bez-kategorijas-lt","9":"first","10":"instock","11":"taxable","12":"shipping-taxable","13":"product-type-simple"},"_links":{"self":[{"href":"https:\/\/e.kosmolat.eu\/lt\/wp-json\/wp\/v2\/product\/51552","targetHints":{"allow":["GET"]}}],"collection":[{"href":"https:\/\/e.kosmolat.eu\/lt\/wp-json\/wp\/v2\/product"}],"about":[{"href":"https:\/\/e.kosmolat.eu\/lt\/wp-json\/wp\/v2\/types\/product"}],"wp:featuredmedia":[{"embeddable":true,"href":"https:\/\/e.kosmolat.eu\/lt\/wp-json\/wp\/v2\/media\/87542"}],"wp:attachment":[{"href":"https:\/\/e.kosmolat.eu\/lt\/wp-json\/wp\/v2\/media?parent=51552"}],"wp:term":[{"taxonomy":"product_cat","embeddable":true,"href":"https:\/\/e.kosmolat.eu\/lt\/wp-json\/wp\/v2\/product_cat?post=51552"},{"taxonomy":"product_tag","embeddable":true,"href":"https:\/\/e.kosmolat.eu\/lt\/wp-json\/wp\/v2\/product_tag?post=51552"}],"curies":[{"name":"wp","href":"https:\/\/api.w.org\/{rel}","templated":true}]}}