{"id":51536,"date":"2024-05-14T04:04:24","date_gmt":"2024-05-14T04:04:24","guid":{"rendered":"https:\/\/e.kosmolat.eu\/product\/dr-s-collagen-hair-sampuns-volume-boost-250-ml\/"},"modified":"2025-09-19T22:39:38","modified_gmt":"2025-09-19T22:39:38","slug":"i_dr-s-collagen-hair-sampuns-volume-boost-250-ml","status":"publish","type":"product","link":"https:\/\/e.kosmolat.eu\/lt\/produktas\/i_dr-s-collagen-hair-sampuns-volume-boost-250-ml\/","title":{"rendered":"I_DR.SANTE Collagen Hair Volume Boost \u0160amp\u016bnas, 250 ml"},"content":{"rendered":"<p>Dr.Sant&eacute; Collagen hair Volume boost &ndash; gro\u017eio rei&scaron;kinys stipriems ir gra\u017eiems plaukams nuo &scaron;akn\u0173 iki galiuk\u0173. Dr\u0117kinanti, itin didel\u0117s apimties energija neapsunkinanti plauk\u0173. Apsauga nuo l\u016b\u017ei\u0173 per vis\u0105 ilg\u012f.<\/p>\n<p><strong>Naudojimas:<\/strong> tepkite ant dr\u0117gn\u0173 plauk\u0173, suputokite, nuplaukite vandeniu.<\/p>\n<p><strong>Atsargumo priemon\u0117s: <\/strong>padid\u0117j\u0119s individualus jautrumas atskiriems komponentams.<br \/>\n&nbsp;<\/p>\n","protected":false},"excerpt":{"rendered":"<p>Dr.Sant&eacute; Collagen hair Volume boost &ndash; gro\u017eio rei&scaron;kinys stipriems ir gra\u017eiems plaukams nuo &scaron;akn\u0173 iki galiuk\u0173. Dr\u0117kinanti, itin didel\u0117s apimties energija neapsunkinanti plauk\u0173. Apsauga nuo l\u016b\u017ei\u0173 per vis\u0105 ilg\u012f. Naudojimas: tepkite ant dr\u0117gn\u0173 plauk\u0173, suputokite, nuplaukite vandeniu. Atsargumo priemon\u0117s: padid\u0117j\u0119s individualus jautrumas atskiriems komponentams. &nbsp;<\/p>\n","protected":false},"featured_media":86330,"template":"","meta":[],"product_cat":[1251],"product_tag":[],"class_list":{"0":"post-51536","1":"product","2":"type-product","3":"status-publish","4":"has-post-thumbnail","6":"product_brand-elfa_ua-lt","7":"product_cat-sampunai","9":"first","10":"outofstock","11":"taxable","12":"shipping-taxable","13":"product-type-simple"},"_links":{"self":[{"href":"https:\/\/e.kosmolat.eu\/lt\/wp-json\/wp\/v2\/product\/51536","targetHints":{"allow":["GET"]}}],"collection":[{"href":"https:\/\/e.kosmolat.eu\/lt\/wp-json\/wp\/v2\/product"}],"about":[{"href":"https:\/\/e.kosmolat.eu\/lt\/wp-json\/wp\/v2\/types\/product"}],"wp:featuredmedia":[{"embeddable":true,"href":"https:\/\/e.kosmolat.eu\/lt\/wp-json\/wp\/v2\/media\/86330"}],"wp:attachment":[{"href":"https:\/\/e.kosmolat.eu\/lt\/wp-json\/wp\/v2\/media?parent=51536"}],"wp:term":[{"taxonomy":"product_cat","embeddable":true,"href":"https:\/\/e.kosmolat.eu\/lt\/wp-json\/wp\/v2\/product_cat?post=51536"},{"taxonomy":"product_tag","embeddable":true,"href":"https:\/\/e.kosmolat.eu\/lt\/wp-json\/wp\/v2\/product_tag?post=51536"}],"curies":[{"name":"wp","href":"https:\/\/api.w.org\/{rel}","templated":true}]}}