{"id":51504,"date":"2024-05-14T04:02:28","date_gmt":"2024-05-14T04:02:28","guid":{"rendered":"https:\/\/e.kosmolat.eu\/product\/dr-hc-sampuns-maks-energ-ker-argi-biot-946-ml\/"},"modified":"2025-07-08T14:39:54","modified_gmt":"2025-07-08T14:39:54","slug":"i_the-doctor-hc-sampuns-maks-energ-ker-argi-biot-946-ml","status":"publish","type":"product","link":"https:\/\/e.kosmolat.eu\/lt\/produktas\/i_the-doctor-hc-sampuns-maks-energ-ker-argi-biot-946-ml\/","title":{"rendered":"I_THE DOCTOR HEALTH &#038; CARE \u0160amp\u016bnas Maksimali energija, Keratinas + Argininas + Biotinas, 946 ml"},"content":{"rendered":"<p>Speciali formul\u0117 su keratino, arginino ir biotino kompleksu.<\/p>\n<p><strong>Naudojimas:<\/strong> tepkite ant dr\u0117gn\u0173 plauk\u0173, suputokite, nuplaukite vandeniu.<\/p>\n<p><strong>Atsargumo priemon\u0117s: <\/strong>Patekus \u012f akis, kruop\u0161\u010diai nuplaukite dideliu kiekiu vandens. Galimas individualus jautrumas atskiriems produkto komponentams.<\/p>\n<p><strong>Laikymo s\u0105lygos: <\/strong>nuo +5 &deg;C iki +25 &deg;C.&nbsp;<\/p>\n<p><strong>Geriausdias: <\/strong>30 m\u0117n. nuo pagaminimo datos<br \/>\n&nbsp;<\/p>\n","protected":false},"excerpt":{"rendered":"<p>Speciali formul\u0117 su keratino, arginino ir biotino kompleksu. Naudojimas: tepkite ant dr\u0117gn\u0173 plauk\u0173, suputokite, nuplaukite vandeniu. Atsargumo priemon\u0117s: Patekus \u012f akis, kruop\u0161\u010diai nuplaukite dideliu kiekiu vandens. Galimas individualus jautrumas atskiriems produkto komponentams. Laikymo s\u0105lygos: nuo +5 &deg;C iki +25 &deg;C.&nbsp; Geriausdias: 30 m\u0117n. nuo pagaminimo datos &nbsp;<\/p>\n","protected":false},"featured_media":51506,"template":"","meta":[],"product_cat":[1251],"product_tag":[],"class_list":{"0":"post-51504","1":"product","2":"type-product","3":"status-publish","4":"has-post-thumbnail","6":"product_brand-elfa_ua-lt","7":"product_cat-sampunai","9":"first","10":"outofstock","11":"taxable","12":"shipping-taxable","13":"product-type-simple"},"_links":{"self":[{"href":"https:\/\/e.kosmolat.eu\/lt\/wp-json\/wp\/v2\/product\/51504","targetHints":{"allow":["GET"]}}],"collection":[{"href":"https:\/\/e.kosmolat.eu\/lt\/wp-json\/wp\/v2\/product"}],"about":[{"href":"https:\/\/e.kosmolat.eu\/lt\/wp-json\/wp\/v2\/types\/product"}],"wp:featuredmedia":[{"embeddable":true,"href":"https:\/\/e.kosmolat.eu\/lt\/wp-json\/wp\/v2\/media\/51506"}],"wp:attachment":[{"href":"https:\/\/e.kosmolat.eu\/lt\/wp-json\/wp\/v2\/media?parent=51504"}],"wp:term":[{"taxonomy":"product_cat","embeddable":true,"href":"https:\/\/e.kosmolat.eu\/lt\/wp-json\/wp\/v2\/product_cat?post=51504"},{"taxonomy":"product_tag","embeddable":true,"href":"https:\/\/e.kosmolat.eu\/lt\/wp-json\/wp\/v2\/product_tag?post=51504"}],"curies":[{"name":"wp","href":"https:\/\/api.w.org\/{rel}","templated":true}]}}