{"id":51497,"date":"2024-05-11T04:08:26","date_gmt":"2024-05-11T04:08:26","guid":{"rendered":"https:\/\/e.kosmolat.eu\/product\/i_elskin-sejas-maska-avokado-10g\/"},"modified":"2025-06-30T12:02:24","modified_gmt":"2025-06-30T12:02:24","slug":"i_elskin-sejas-maska-avokado-10g","status":"publish","type":"product","link":"https:\/\/e.kosmolat.eu\/lt\/produktas\/i_elskin-sejas-maska-avokado-10g\/","title":{"rendered":"I_El&#8217;Skin Butter Mask &#8220;Avocado&#8221;, 10g"},"content":{"rendered":"<p>Sviestin\u0117 kauk\u0117 &quot;Avokadas&quot; skatina aktyvi\u0105 odos mityb\u0105 ir mink\u0161tinim\u0105, pa\u0161alina lupim\u0105si ir tempimo jausm\u0105.<br \/>\nTanki kauk\u0117s konsistencija liesdama od\u0105 tirpsta ir puikiai susigeria, ilgai i\u0161laiko dr\u0117gm\u0117s poj\u016bt\u012f.<br \/>\nAvokad\u0173 aliejus atkuria apsaugines odos funkcijas, didina jos stangrum\u0105 ir elastingum\u0105, pasi\u017eymi mink\u0161tinan\u010diomis ir antioksidacin\u0117mis savyb\u0117mis, saugo nuo dr\u0117gm\u0117s praradimo, tod\u0117l oda tampa \u0161velni ir elastinga, prisotinta vitaminais, gra\u017eina odai sveik\u0105 i\u0161vaizd\u0105.<br \/>\n* Kauk\u0117s poveikis pagr\u012fstas atskir\u0173 komponent\u0173 veikimu.<br \/>\nNaudojimo b\u016bdas<br \/>\nAtidarykite pakuot\u0119.<br \/>\nU\u017etepkite kauk\u0119 ant nuvalyto veido, vengdami srities aplink akis ir l\u016bpas.<br \/>\n&Scaron;velniai masa\u017euokite 2-3 minutes. Palikite kauk\u0119 dar 3-5 minutes, nuplaukite v\u0117siu\/\u0161iltu vandeniu.<br \/>\n*Naudoti 2-3 kartus per savait\u0119 arba pagal poreik\u012f.<\/p>\n<p>Atsargumo priemon\u0117s:<br \/>\nVenkite naudoti ant pa\u017eeistos, sudirgusios ar saul\u0117je &nbsp;nudegusios odos.<br \/>\nNenaudokite produkto, jei yra jautrumas vienam i\u0161 komponent\u0173. Jei naudojimo metu oda parausta arba sudirgsta, nutraukite naudojim\u0105 ir kreipkit\u0117s \u012f gydytoj\u0105.<br \/>\nVengti patekimo \u012f akis, patekus \u012f akis, nuplauti vandeniu.<br \/>\nLaikyti vaikams nepasiekiamoje vietoje, nuo 0 iki 25 C temperat\u016broje. Venkite tiesiogini\u0173 saul\u0117s spinduli\u0173.<br \/>\nTik i\u0161oriniam naudojimui. Nenuryti!<br \/>\n&nbsp;<\/p>\n","protected":false},"excerpt":{"rendered":"<p>Sviestin\u0117 kauk\u0117 &quot;Avokadas&quot; skatina aktyvi\u0105 odos mityb\u0105 ir mink\u0161tinim\u0105, pa\u0161alina lupim\u0105si ir tempimo jausm\u0105. Tanki kauk\u0117s konsistencija liesdama od\u0105 tirpsta ir puikiai susigeria, ilgai i\u0161laiko dr\u0117gm\u0117s poj\u016bt\u012f. Avokad\u0173 aliejus atkuria apsaugines odos funkcijas, didina jos stangrum\u0105 ir elastingum\u0105, pasi\u017eymi mink\u0161tinan\u010diomis ir antioksidacin\u0117mis savyb\u0117mis, saugo nuo dr\u0117gm\u0117s praradimo, tod\u0117l oda tampa \u0161velni ir elastinga, prisotinta vitaminais, [&#8230;]\n","protected":false},"featured_media":14905,"template":"","meta":[],"product_cat":[2181],"product_tag":[],"class_list":{"0":"post-51497","1":"product","2":"type-product","3":"status-publish","4":"has-post-thumbnail","6":"product_brand-skinlite-lt","7":"product_cat-bez-kategorijas-lt","9":"first","10":"outofstock","11":"taxable","12":"shipping-taxable","13":"product-type-simple"},"_links":{"self":[{"href":"https:\/\/e.kosmolat.eu\/lt\/wp-json\/wp\/v2\/product\/51497","targetHints":{"allow":["GET"]}}],"collection":[{"href":"https:\/\/e.kosmolat.eu\/lt\/wp-json\/wp\/v2\/product"}],"about":[{"href":"https:\/\/e.kosmolat.eu\/lt\/wp-json\/wp\/v2\/types\/product"}],"wp:featuredmedia":[{"embeddable":true,"href":"https:\/\/e.kosmolat.eu\/lt\/wp-json\/wp\/v2\/media\/14905"}],"wp:attachment":[{"href":"https:\/\/e.kosmolat.eu\/lt\/wp-json\/wp\/v2\/media?parent=51497"}],"wp:term":[{"taxonomy":"product_cat","embeddable":true,"href":"https:\/\/e.kosmolat.eu\/lt\/wp-json\/wp\/v2\/product_cat?post=51497"},{"taxonomy":"product_tag","embeddable":true,"href":"https:\/\/e.kosmolat.eu\/lt\/wp-json\/wp\/v2\/product_tag?post=51497"}],"curies":[{"name":"wp","href":"https:\/\/api.w.org\/{rel}","templated":true}]}}