{"id":51457,"date":"2024-05-11T04:05:06","date_gmt":"2024-05-11T04:05:06","guid":{"rendered":"https:\/\/e.kosmolat.eu\/product\/relouis-emotion-proof-udensnotur-skropstu-tusa-melna-10-g\/"},"modified":"2025-09-20T04:59:35","modified_gmt":"2025-09-20T04:59:35","slug":"relouis-emotion-proof-udensnotur-skropstu-tusa-melna-10-g","status":"publish","type":"product","link":"https:\/\/e.kosmolat.eu\/lt\/produktas\/relouis-emotion-proof-udensnotur-skropstu-tusa-melna-10-g\/","title":{"rendered":"RELOUIS Emotion Proof Tu\u0161as vandeniui atsparus Juodas, 10 g"},"content":{"rendered":"<p><strong>Naudojimas:<\/strong> tepkite blakstienas &scaron;epet\u0117liu.<\/p>\n<p>Nor\u0117dami pa&scaron;alinti blakstien\u0173 tu&scaron;\u0105, naudokite dviej\u0173 fazi\u0173 makia\u017eo valikl\u012f.<\/p>\n<p>Laikyti nuo +5 iki +25 &deg;C temperat\u016broje.<br \/>\n&nbsp;<\/p>\n","protected":false},"excerpt":{"rendered":"<p>Naudojimas: tepkite blakstienas &scaron;epet\u0117liu. Nor\u0117dami pa&scaron;alinti blakstien\u0173 tu&scaron;\u0105, naudokite dviej\u0173 fazi\u0173 makia\u017eo valikl\u012f. Laikyti nuo +5 iki +25 &deg;C temperat\u016broje. &nbsp;<\/p>\n","protected":false},"featured_media":92410,"template":"","meta":[],"product_cat":[1382],"product_tag":[],"class_list":{"0":"post-51457","1":"product","2":"type-product","3":"status-publish","4":"has-post-thumbnail","6":"product_brand-relui-bel_by-lt","7":"product_cat-tusai","9":"first","10":"outofstock","11":"taxable","12":"shipping-taxable","13":"product-type-simple"},"_links":{"self":[{"href":"https:\/\/e.kosmolat.eu\/lt\/wp-json\/wp\/v2\/product\/51457","targetHints":{"allow":["GET"]}}],"collection":[{"href":"https:\/\/e.kosmolat.eu\/lt\/wp-json\/wp\/v2\/product"}],"about":[{"href":"https:\/\/e.kosmolat.eu\/lt\/wp-json\/wp\/v2\/types\/product"}],"wp:featuredmedia":[{"embeddable":true,"href":"https:\/\/e.kosmolat.eu\/lt\/wp-json\/wp\/v2\/media\/92410"}],"wp:attachment":[{"href":"https:\/\/e.kosmolat.eu\/lt\/wp-json\/wp\/v2\/media?parent=51457"}],"wp:term":[{"taxonomy":"product_cat","embeddable":true,"href":"https:\/\/e.kosmolat.eu\/lt\/wp-json\/wp\/v2\/product_cat?post=51457"},{"taxonomy":"product_tag","embeddable":true,"href":"https:\/\/e.kosmolat.eu\/lt\/wp-json\/wp\/v2\/product_tag?post=51457"}],"curies":[{"name":"wp","href":"https:\/\/api.w.org\/{rel}","templated":true}]}}