{"id":51348,"date":"2024-05-09T13:20:38","date_gmt":"2024-05-09T13:20:38","guid":{"rendered":"https:\/\/e.kosmolat.eu\/?post_type=product&#038;p=51348"},"modified":"2026-04-23T07:11:44","modified_gmt":"2026-04-23T07:11:44","slug":"sp-barojoss-krems-bern-un-pieaugus-sudrabs-a-vitamins-cinks-50-g","status":"publish","type":"product","link":"https:\/\/e.kosmolat.eu\/lt\/produktas\/sp-barojoss-krems-bern-un-pieaugus-sudrabs-a-vitamins-cinks-50-g\/","title":{"rendered":"SPASATEL Maitinamasis kremas vaikams ir suaugusiems Sidabras + Vitaminas A + Cinkas, 50 g"},"content":{"rendered":"<p>Atkuriamasis kremas su sidabro koloidais vaikams ir suaugusiems. Tepkite ant &scaron;varios ir sausos odos. Kosmetikos gaminys.<\/p>\n<p>Sud\u0117tyje yra vitamino A. Prie&scaron; naudojant atsi\u017evelgti \u012f paros doze.<\/p>\n<p>Laikyti nuo +2&deg;C iki +25&deg;C temperat\u016broje.<br \/>\n&nbsp;<\/p>\n","protected":false},"excerpt":{"rendered":"<p>Atkuriamasis kremas su sidabro koloidais vaikams ir suaugusiems. Tepkite ant &scaron;varios ir sausos odos. Kosmetikos gaminys. Sud\u0117tyje yra vitamino A. Prie&scaron; naudojant atsi\u017evelgti \u012f paros doze. Laikyti nuo +2&deg;C iki +25&deg;C temperat\u016broje. &nbsp;<\/p>\n","protected":false},"featured_media":92698,"template":"","meta":[],"product_cat":[1390],"product_tag":[],"class_list":{"0":"post-51348","1":"product","2":"type-product","3":"status-publish","4":"has-post-thumbnail","6":"product_brand-elpis-lt","7":"product_cat-kremai-aliejai-kuno-pienelis","9":"first","10":"instock","11":"taxable","12":"shipping-taxable","13":"product-type-simple"},"_links":{"self":[{"href":"https:\/\/e.kosmolat.eu\/lt\/wp-json\/wp\/v2\/product\/51348","targetHints":{"allow":["GET"]}}],"collection":[{"href":"https:\/\/e.kosmolat.eu\/lt\/wp-json\/wp\/v2\/product"}],"about":[{"href":"https:\/\/e.kosmolat.eu\/lt\/wp-json\/wp\/v2\/types\/product"}],"wp:featuredmedia":[{"embeddable":true,"href":"https:\/\/e.kosmolat.eu\/lt\/wp-json\/wp\/v2\/media\/92698"}],"wp:attachment":[{"href":"https:\/\/e.kosmolat.eu\/lt\/wp-json\/wp\/v2\/media?parent=51348"}],"wp:term":[{"taxonomy":"product_cat","embeddable":true,"href":"https:\/\/e.kosmolat.eu\/lt\/wp-json\/wp\/v2\/product_cat?post=51348"},{"taxonomy":"product_tag","embeddable":true,"href":"https:\/\/e.kosmolat.eu\/lt\/wp-json\/wp\/v2\/product_tag?post=51348"}],"curies":[{"name":"wp","href":"https:\/\/api.w.org\/{rel}","templated":true}]}}