{"id":51340,"date":"2024-05-09T09:36:30","date_gmt":"2024-05-09T09:36:30","guid":{"rendered":"https:\/\/e.kosmolat.eu\/?post_type=product&#038;p=51340"},"modified":"2026-04-23T05:54:54","modified_gmt":"2026-04-23T05:54:54","slug":"cistjuna-akrila-vannu-tirisanas-lidzeklis-500-ml","status":"publish","type":"product","link":"https:\/\/e.kosmolat.eu\/lt\/produktas\/cistjuna-akrila-vannu-tirisanas-lidzeklis-500-ml\/","title":{"rendered":"\u010cISTIUNIA Valiklis akrilin\u0117ms vonioms, 500 ml"},"content":{"rendered":"<p>Akrilini\u0173 voni\u0173, du&scaron;o kabin\u0173, kriaukli\u0173, plyteli\u0173, keramikos, mai&scaron;ytuv\u0173 valiklis. Veiksmingai pa&scaron;alina muilo nuos\u0117das, kalki\u0173 nuos\u0117das ir r\u016bdis.<\/p>\n<p><strong>Naudojimas: <\/strong>pasukite purk&scaron;tuk\u0105 \u012f darbin\u0119 pad\u0117t\u012f. purk&scaron;kite produkt\u0105 ant u\u017eter&scaron;to pavir&scaron;iaus. Palikite 2-3 minutes (leiskite produktui paveikti ne&scaron;varumus). Patrinkite dr\u0117gnu skudur\u0117liu arba kempine. Tada nuplaukite vandeniu ir nuvalykite pavir&scaron;i\u0173 sausai. Pasukite purk&scaron;tuk\u0105 \u012f nedarbin\u0119 pad\u0117t\u012f. &nbsp;Jei yra didelis u\u017eter&scaron;imas, pakartokite proced\u016br\u0105.<\/p>\n<p><strong>Atsargumo priemon\u0117s: <\/strong>naudokite grie\u017etai taip, kaip nurodyta. Nenaudokite ant pa\u017eeist\u0173 pavir&scaron;i\u0173 ar marmuro. Galimas individualus jautrumas atskiriems komponentams.<\/p>\n<p><strong>Sud\u0117tis:<\/strong> 5 % arba daugiau, bet ma\u017eiau kaip 15 % pieno r\u016bg&scaron;ties, ma\u017eiau kaip 5 % &nbsp;nejonini\u0173 &nbsp;aktyvi\u0173j\u0173 pavir&scaron;iaus med\u017eiagos. Kvapai\/ Linalool. Konservavimo med\u017eiaga: Benzisothiazolinone\/ Methylisothiazolinone.<\/p>\n<p>&nbsp;<\/p>\n<p>\n<strong><img decoding=\"async\" alt=\"\" src=\"file:\/\/\/C:\/Users\/masha\/Desktop\/GHS07.png\" style=\"height:40px; width:40px\" \/>GHS07&nbsp;Atsargiai<\/strong><br \/>\n<strong>H317<\/strong> Gali sukelti alergin\u0119 odos reakcij\u0105.<br \/>\n<strong>EUH071<\/strong> \u0116sdina kv\u0117pavimo takus.<\/p>\n<p>P102 Laikyti vaikams neprieinamoje vietoje<br \/>\nP261 Stengtis ne\u012fkv\u0117pti aerozolio.<br \/>\nP280 M\u016bv\u0117ti apsaugines pir&scaron;tines.<br \/>\nP302+P352 PATEKUS ANT ODOS: Nuplauti dideliu kiekiu muilo ir vandens<br \/>\nP333+P313 Jeigu sudirginama oda arba j\u0105 i&scaron;beria: kreiptis \u012f gydytoj\u0105.<br \/>\nP501 Turin\u012f\/talpykl\u0105 i&scaron;pilti (i&scaron;mesti) &#8211; sunaudot\u0105 &nbsp;pakuot\u0117 utilizuoti &nbsp;kaip buitines atliekas.<\/p>\n<p>Laikyti nuo +5&deg;C iki +25&deg;C temperat\u016broje, saugoti nuo tiesiogini\u0173 saul\u0117s spinduli\u0173.<\/p>\n<p><strong>Geriausias:<\/strong> 24 m\u0117nesiai nuo pagaminimo datos.<br \/>\n&nbsp;<\/p>\n","protected":false},"excerpt":{"rendered":"<p>Akrilini\u0173 voni\u0173, du&scaron;o kabin\u0173, kriaukli\u0173, plyteli\u0173, keramikos, mai&scaron;ytuv\u0173 valiklis. Veiksmingai pa&scaron;alina muilo nuos\u0117das, kalki\u0173 nuos\u0117das ir r\u016bdis. Naudojimas: pasukite purk&scaron;tuk\u0105 \u012f darbin\u0119 pad\u0117t\u012f. purk&scaron;kite produkt\u0105 ant u\u017eter&scaron;to pavir&scaron;iaus. Palikite 2-3 minutes (leiskite produktui paveikti ne&scaron;varumus). Patrinkite dr\u0117gnu skudur\u0117liu arba kempine. Tada nuplaukite vandeniu ir nuvalykite pavir&scaron;i\u0173 sausai. Pasukite purk&scaron;tuk\u0105 \u012f nedarbin\u0119 pad\u0117t\u012f. &nbsp;Jei yra didelis [&#8230;]\n","protected":false},"featured_media":92642,"template":"","meta":[],"product_cat":[1453],"product_tag":[],"class_list":{"0":"post-51340","1":"product","2":"type-product","3":"status-publish","4":"has-post-thumbnail","6":"product_brand-elfa_ua-lt","7":"product_cat-vonios-kambariui-ir-tualetui","9":"first","10":"outofstock","11":"taxable","12":"shipping-taxable","13":"product-type-simple"},"_links":{"self":[{"href":"https:\/\/e.kosmolat.eu\/lt\/wp-json\/wp\/v2\/product\/51340","targetHints":{"allow":["GET"]}}],"collection":[{"href":"https:\/\/e.kosmolat.eu\/lt\/wp-json\/wp\/v2\/product"}],"about":[{"href":"https:\/\/e.kosmolat.eu\/lt\/wp-json\/wp\/v2\/types\/product"}],"wp:featuredmedia":[{"embeddable":true,"href":"https:\/\/e.kosmolat.eu\/lt\/wp-json\/wp\/v2\/media\/92642"}],"wp:attachment":[{"href":"https:\/\/e.kosmolat.eu\/lt\/wp-json\/wp\/v2\/media?parent=51340"}],"wp:term":[{"taxonomy":"product_cat","embeddable":true,"href":"https:\/\/e.kosmolat.eu\/lt\/wp-json\/wp\/v2\/product_cat?post=51340"},{"taxonomy":"product_tag","embeddable":true,"href":"https:\/\/e.kosmolat.eu\/lt\/wp-json\/wp\/v2\/product_tag?post=51340"}],"curies":[{"name":"wp","href":"https:\/\/api.w.org\/{rel}","templated":true}]}}