{"id":51332,"date":"2024-05-09T07:36:16","date_gmt":"2024-05-09T07:36:16","guid":{"rendered":"https:\/\/e.kosmolat.eu\/?post_type=product&#038;p=51332"},"modified":"2026-04-15T12:00:57","modified_gmt":"2026-04-15T12:00:57","slug":"the-dr-hc-cica-sejas-krems-ar-azijas-centellu-nomierinoss-30-ml","status":"publish","type":"product","link":"https:\/\/e.kosmolat.eu\/lt\/produktas\/the-dr-hc-cica-sejas-krems-ar-azijas-centellu-nomierinoss-30-ml\/","title":{"rendered":"THE DOCTOR HEALTH &#038; CARE Cica veido kremas su centella asiatica Raminantis, 30 ml"},"content":{"rendered":"<p>Jautriai ir sausai odai.<\/p>\n<ul>\n<li>suteikia komforto jausm\u0105;<\/li>\n<li>mink&scaron;tina ir ramina;<\/li>\n<li>apsaugo od\u0105 nuo i&scaron;orini\u0173 dirgikli\u0173;<\/li>\n<li>rekomenduojama pabuvus &scaron;altyje ir saul\u0117je.<\/li>\n<\/ul>\n<p><strong>Naudojimo instrukcijos: <\/strong>tepkite ant &scaron;varios odos lengvais judesiais i&scaron;ilgai masa\u017eo linij\u0173.<\/p>\n<p><strong>Atsargumo priemon\u0117s:<\/strong> galimas padid\u0117j\u0119s individualus jautrumas atskiriems komponentams.<\/p>\n<p>Laikyti nuo +5 &deg;\u0421 iki +25 &deg;\u0421 temperat\u016broje.<\/p>\n<p><strong>Geriausias:<\/strong> 30 m\u0117nesiai nuo pagaminimo datos.<br \/>\n&nbsp;<\/p>\n","protected":false},"excerpt":{"rendered":"<p>Jautriai ir sausai odai. suteikia komforto jausm\u0105; mink&scaron;tina ir ramina; apsaugo od\u0105 nuo i&scaron;orini\u0173 dirgikli\u0173; rekomenduojama pabuvus &scaron;altyje ir saul\u0117je. Naudojimo instrukcijos: tepkite ant &scaron;varios odos lengvais judesiais i&scaron;ilgai masa\u017eo linij\u0173. Atsargumo priemon\u0117s: galimas padid\u0117j\u0119s individualus jautrumas atskiriems komponentams. Laikyti nuo +5 &deg;\u0421 iki +25 &deg;\u0421 temperat\u016broje. Geriausias: 30 m\u0117nesiai nuo pagaminimo datos. &nbsp;<\/p>\n","protected":false},"featured_media":92542,"template":"","meta":[],"product_cat":[1322],"product_tag":[],"class_list":{"0":"post-51332","1":"product","2":"type-product","3":"status-publish","4":"has-post-thumbnail","6":"product_brand-elfa_ua-lt","7":"product_cat-veido-kremai","9":"first","10":"instock","11":"taxable","12":"shipping-taxable","13":"product-type-simple"},"_links":{"self":[{"href":"https:\/\/e.kosmolat.eu\/lt\/wp-json\/wp\/v2\/product\/51332","targetHints":{"allow":["GET"]}}],"collection":[{"href":"https:\/\/e.kosmolat.eu\/lt\/wp-json\/wp\/v2\/product"}],"about":[{"href":"https:\/\/e.kosmolat.eu\/lt\/wp-json\/wp\/v2\/types\/product"}],"wp:featuredmedia":[{"embeddable":true,"href":"https:\/\/e.kosmolat.eu\/lt\/wp-json\/wp\/v2\/media\/92542"}],"wp:attachment":[{"href":"https:\/\/e.kosmolat.eu\/lt\/wp-json\/wp\/v2\/media?parent=51332"}],"wp:term":[{"taxonomy":"product_cat","embeddable":true,"href":"https:\/\/e.kosmolat.eu\/lt\/wp-json\/wp\/v2\/product_cat?post=51332"},{"taxonomy":"product_tag","embeddable":true,"href":"https:\/\/e.kosmolat.eu\/lt\/wp-json\/wp\/v2\/product_tag?post=51332"}],"curies":[{"name":"wp","href":"https:\/\/api.w.org\/{rel}","templated":true}]}}