{"id":51308,"date":"2024-05-08T06:50:25","date_gmt":"2024-05-08T06:50:25","guid":{"rendered":"https:\/\/e.kosmolat.eu\/?post_type=product&#038;p=51308"},"modified":"2025-09-20T05:06:44","modified_gmt":"2025-09-20T05:06:44","slug":"i_master-lux-prof-tonejos-matu-maska-tonis-4-vars-200-ml","status":"publish","type":"product","link":"https:\/\/e.kosmolat.eu\/lt\/produktas\/i_master-lux-prof-tonejos-matu-maska-tonis-4-vars-200-ml\/","title":{"rendered":"I_MASTER LUX Professional Tonuojanti  plauk\u0173 kauk\u0117, tonas 4 Varinis, 200 ml"},"content":{"rendered":"<p>K\u016brybiniam laikinam &scaron;viesint\u0173 ir &scaron;viesi\u0173 plauk\u0173 da\u017eymui ry&scaron;kiais arba pasteliniais atspalviais. Formul\u0117, pagr\u012fsta tiesioginiais pigmentais su keratinu ir pantenoliu. Sud\u0117tyje n\u0117ra amoniako. Nesimai&scaron;o su oksidatoriumi. Linijos spalvos sumai&scaron;omos, kad b\u016bt\u0173 sukurti atskiri atspalviai. Nor\u0117dami i&scaron;gauti pastelinius atspalvius, su kauke sumai&scaron;ykite &nbsp;Bespalv\u012f ton\u0105 (00 Clear).<\/p>\n<p><strong>NAUDOJIMAS: <\/strong>m\u016bv\u0117kite pir&scaron;tines. Tonuojan\u010di\u0105 &nbsp;kauk\u0119 tolygiai paskirstykite ant i&scaron;plaut\u0173, rank&scaron;luos\u010diu nusausint\u0173 plauk\u0173. &Scaron;ukomis tolygiai paskirstykite per vis\u0105 ilg\u012f. Da\u017eymo laikas 5-20 minu\u010di\u0173, priklausomai nuo norimo atspalvio intensyvumo. Nuplaukite vandeniu. Spalvos stabilumas priklauso nuo pasirinkto atspalvio, plauk\u0173 strukt\u016bros ir naudojimo laiko. Spalva i&scaron;lieka iki 10 plauk\u0173 plovim\u0173.<\/p>\n<p><strong>ATSARGUMO PRIEMON\u0116S:<\/strong> atid\u017eiai perskaitykite naudojimo instrukcij\u0105. Nerekomenduojama jaunesniems nei 16 met\u0173 asmenims. Gali pasireik&scaron;ti alergin\u0117 reakcija. Laikinos juodosios chna tatuiruot\u0117s padidina alergin\u0117s reakcijos rizik\u0105. Nor\u0117dami atlikti jautrumo test\u0105, nedidel\u012f kiek\u012f plonu sluoksniu u\u017etepkite ant vidin\u0117s alk\u016bn\u0117s pus\u0117s ir palikite 30 minu\u010di\u0173. Kruop&scaron;\u010diai nuplaukite mi&scaron;in\u012f &scaron;iltu vandeniu. Jei bandymo metu arba per 24 valandas atsiranda reakcija, &scaron;io gaminio nenaudokite. Nenaudoti, jei: i&scaron;b\u0117r\u0117 veid\u0105, jautri, pa\u017eeista, sudirgusi galvos oda, jau buvo pasirei&scaron;kusios alergin\u0117s reakcijos po da\u017eymo ar laikinos tatuiruot\u0117s juod\u0105ja chna. Vengti patekimo \u012f akis! Patekus \u012f akis, nedelsiant jas praplauti vandeniu.<\/p>\n<p><strong>LAIKYMO S\u0104LYGOS:<\/strong> laikyti nuo +5&deg;C iki +25&deg;C temperat\u016broje. Laikymo metu produktas neturi b\u016bti veikiamas tiesiogini\u0173 saul\u0117s spinduli\u0173. Neleid\u017eiama produkto laikyti ma\u017eesniu nei 0,5 m atstumu nuo \u012fjungt\u0173 &scaron;ildymo prietais\u0173. Laikyti vaikams nepasiekiamoje vietoje Tu&scaron;\u010dias pakuotes i&scaron;meskite kaip buitines atliekas.<br \/>\n&nbsp;<\/p>\n","protected":false},"excerpt":{"rendered":"<p>K\u016brybiniam laikinam &scaron;viesint\u0173 ir &scaron;viesi\u0173 plauk\u0173 da\u017eymui ry&scaron;kiais arba pasteliniais atspalviais. Formul\u0117, pagr\u012fsta tiesioginiais pigmentais su keratinu ir pantenoliu. Sud\u0117tyje n\u0117ra amoniako. Nesimai&scaron;o su oksidatoriumi. Linijos spalvos sumai&scaron;omos, kad b\u016bt\u0173 sukurti atskiri atspalviai. Nor\u0117dami i&scaron;gauti pastelinius atspalvius, su kauke sumai&scaron;ykite &nbsp;Bespalv\u012f ton\u0105 (00 Clear). NAUDOJIMAS: m\u016bv\u0117kite pir&scaron;tines. Tonuojan\u010di\u0105 &nbsp;kauk\u0119 tolygiai paskirstykite ant i&scaron;plaut\u0173, rank&scaron;luos\u010diu nusausint\u0173 [&#8230;]\n","protected":false},"featured_media":92526,"template":"","meta":[],"product_cat":[1299],"product_tag":[],"class_list":{"0":"post-51308","1":"product","2":"type-product","3":"status-publish","4":"has-post-thumbnail","6":"product_brand-supermash_ua-lt","7":"product_cat-tonizuojancios-priemones-plaukams","9":"first","10":"outofstock","11":"taxable","12":"shipping-taxable","13":"product-type-simple"},"_links":{"self":[{"href":"https:\/\/e.kosmolat.eu\/lt\/wp-json\/wp\/v2\/product\/51308","targetHints":{"allow":["GET"]}}],"collection":[{"href":"https:\/\/e.kosmolat.eu\/lt\/wp-json\/wp\/v2\/product"}],"about":[{"href":"https:\/\/e.kosmolat.eu\/lt\/wp-json\/wp\/v2\/types\/product"}],"wp:featuredmedia":[{"embeddable":true,"href":"https:\/\/e.kosmolat.eu\/lt\/wp-json\/wp\/v2\/media\/92526"}],"wp:attachment":[{"href":"https:\/\/e.kosmolat.eu\/lt\/wp-json\/wp\/v2\/media?parent=51308"}],"wp:term":[{"taxonomy":"product_cat","embeddable":true,"href":"https:\/\/e.kosmolat.eu\/lt\/wp-json\/wp\/v2\/product_cat?post=51308"},{"taxonomy":"product_tag","embeddable":true,"href":"https:\/\/e.kosmolat.eu\/lt\/wp-json\/wp\/v2\/product_tag?post=51308"}],"curies":[{"name":"wp","href":"https:\/\/api.w.org\/{rel}","templated":true}]}}