{"id":51227,"date":"2024-05-07T13:27:22","date_gmt":"2024-05-07T13:27:22","guid":{"rendered":"https:\/\/e.kosmolat.eu\/product\/antimicrobial-care\/"},"modified":"2026-04-17T07:58:39","modified_gmt":"2026-04-17T07:58:39","slug":"shik-intimo-antimicrobial-care-intimas-hig-lidz-300-g","status":"publish","type":"product","link":"https:\/\/e.kosmolat.eu\/lt\/produktas\/shik-intimo-antimicrobial-care-intimas-hig-lidz-300-g\/","title":{"rendered":"SHIK INTIMO Antimicrobial Care Intymios higienos priemon\u0117, 300 g"},"content":{"rendered":"<p>&Scaron;velnus produktas turi ramun\u0117li\u0173, alavij\u0173, medetk\u0173 ir sald\u017ei\u0173j\u0173 migdol\u0173 ekstrakt\u0173. Turi raminam\u0173j\u0173 ir atkuriam\u0173j\u0173 savybi\u0173. Suteikia komforto ir &scaron;vie\u017eumo.<\/p>\n<p><strong>Naudojimas:<\/strong> u\u017etepkite reikiam\u0105 kiek\u012f priemon\u0117s intymiose k\u016bno vietose, suputokite, nuplaukite vandeniu.<\/p>\n<p><strong>Atsargumo priemon\u0117s:<\/strong>&nbsp;tik i&scaron;oriniam naudojimui. Patekus \u012f akis, jas gerai i&scaron;plauti dideliu kiekiu tekan\u010diu vandeniu.<\/p>\n<p>Laikyti nuo +5 &deg;\u0421 iki +25 &deg;\u0421 temperat\u016broje, saugoti nuo tiesiogini\u0173 saul\u0117s spinduli\u0173.<\/p>\n<p><strong>Geriausias:<\/strong> 36 m\u0117n. nuo pagaminimo datos.<br \/>\n&nbsp;<\/p>\n","protected":false},"excerpt":{"rendered":"<p>&Scaron;velnus produktas turi ramun\u0117li\u0173, alavij\u0173, medetk\u0173 ir sald\u017ei\u0173j\u0173 migdol\u0173 ekstrakt\u0173. Turi raminam\u0173j\u0173 ir atkuriam\u0173j\u0173 savybi\u0173. Suteikia komforto ir &scaron;vie\u017eumo. Naudojimas: u\u017etepkite reikiam\u0105 kiek\u012f priemon\u0117s intymiose k\u016bno vietose, suputokite, nuplaukite vandeniu. Atsargumo priemon\u0117s:&nbsp;tik i&scaron;oriniam naudojimui. Patekus \u012f akis, jas gerai i&scaron;plauti dideliu kiekiu tekan\u010diu vandeniu. Laikyti nuo +5 &deg;\u0421 iki +25 &deg;\u0421 temperat\u016broje, saugoti nuo tiesiogini\u0173 [&#8230;]\n","protected":false},"featured_media":92486,"template":"","meta":[],"product_cat":[2181],"product_tag":[],"class_list":{"0":"post-51227","1":"product","2":"type-product","3":"status-publish","4":"has-post-thumbnail","6":"product_brand-slobozanskij-milovar_ua-lt","7":"product_cat-bez-kategorijas-lt","9":"first","10":"instock","11":"taxable","12":"shipping-taxable","13":"product-type-simple"},"_links":{"self":[{"href":"https:\/\/e.kosmolat.eu\/lt\/wp-json\/wp\/v2\/product\/51227","targetHints":{"allow":["GET"]}}],"collection":[{"href":"https:\/\/e.kosmolat.eu\/lt\/wp-json\/wp\/v2\/product"}],"about":[{"href":"https:\/\/e.kosmolat.eu\/lt\/wp-json\/wp\/v2\/types\/product"}],"wp:featuredmedia":[{"embeddable":true,"href":"https:\/\/e.kosmolat.eu\/lt\/wp-json\/wp\/v2\/media\/92486"}],"wp:attachment":[{"href":"https:\/\/e.kosmolat.eu\/lt\/wp-json\/wp\/v2\/media?parent=51227"}],"wp:term":[{"taxonomy":"product_cat","embeddable":true,"href":"https:\/\/e.kosmolat.eu\/lt\/wp-json\/wp\/v2\/product_cat?post=51227"},{"taxonomy":"product_tag","embeddable":true,"href":"https:\/\/e.kosmolat.eu\/lt\/wp-json\/wp\/v2\/product_tag?post=51227"}],"curies":[{"name":"wp","href":"https:\/\/api.w.org\/{rel}","templated":true}]}}