{"id":51084,"date":"2024-05-04T08:29:05","date_gmt":"2024-05-04T08:29:05","guid":{"rendered":"https:\/\/e.kosmolat.eu\/product\/fj-krems-sviests-kermenim-apelsins-mango-225-ml\/"},"modified":"2026-04-21T07:43:54","modified_gmt":"2026-04-21T07:43:54","slug":"fj-krems-sviests-kermenim-apelsins-mango-225-ml","status":"publish","type":"product","link":"https:\/\/e.kosmolat.eu\/lt\/produktas\/fj-krems-sviests-kermenim-apelsins-mango-225-ml\/","title":{"rendered":"FRESH JUICE K\u016bno kremas-sviestas Orange &#038; Mango, 225 ml"},"content":{"rendered":"<p>Maitina ir mink&scaron;tina sausiausi\u0105 od\u0105, lengvai susigeria nepalikdamas lipnumo jausmo. Sud\u0117tis praturtinta apelsin\u0173 eteriniais aliejais, burno\u010di\u0173 aliejumi ir mang\u0173 ekstraktu.<br \/>\nDermatologi&scaron;kai patikrintas.<\/p>\n<p><strong>Naudojimas: <\/strong>Tepkite ant &scaron;varios, sausos odos lengvais masa\u017euojamaisiais judesiais.<\/p>\n<p><strong>Atsargumo priemon\u0117s: <\/strong>individualus jautrumas atskiriems komponentams.<br \/>\n&nbsp;<\/p>\n","protected":false},"excerpt":{"rendered":"<p>Maitina ir mink&scaron;tina sausiausi\u0105 od\u0105, lengvai susigeria nepalikdamas lipnumo jausmo. Sud\u0117tis praturtinta apelsin\u0173 eteriniais aliejais, burno\u010di\u0173 aliejumi ir mang\u0173 ekstraktu. Dermatologi&scaron;kai patikrintas. Naudojimas: Tepkite ant &scaron;varios, sausos odos lengvais masa\u017euojamaisiais judesiais. Atsargumo priemon\u0117s: individualus jautrumas atskiriems komponentams. &nbsp;<\/p>\n","protected":false},"featured_media":80478,"template":"","meta":[],"product_cat":[1621],"product_tag":[],"class_list":{"0":"post-51084","1":"product","2":"type-product","3":"status-publish","4":"has-post-thumbnail","6":"product_brand-elfa_ua-lt","7":"product_cat-aliejai","9":"first","10":"instock","11":"taxable","12":"shipping-taxable","13":"product-type-simple"},"_links":{"self":[{"href":"https:\/\/e.kosmolat.eu\/lt\/wp-json\/wp\/v2\/product\/51084","targetHints":{"allow":["GET"]}}],"collection":[{"href":"https:\/\/e.kosmolat.eu\/lt\/wp-json\/wp\/v2\/product"}],"about":[{"href":"https:\/\/e.kosmolat.eu\/lt\/wp-json\/wp\/v2\/types\/product"}],"wp:featuredmedia":[{"embeddable":true,"href":"https:\/\/e.kosmolat.eu\/lt\/wp-json\/wp\/v2\/media\/80478"}],"wp:attachment":[{"href":"https:\/\/e.kosmolat.eu\/lt\/wp-json\/wp\/v2\/media?parent=51084"}],"wp:term":[{"taxonomy":"product_cat","embeddable":true,"href":"https:\/\/e.kosmolat.eu\/lt\/wp-json\/wp\/v2\/product_cat?post=51084"},{"taxonomy":"product_tag","embeddable":true,"href":"https:\/\/e.kosmolat.eu\/lt\/wp-json\/wp\/v2\/product_tag?post=51084"}],"curies":[{"name":"wp","href":"https:\/\/api.w.org\/{rel}","templated":true}]}}