{"id":51040,"date":"2024-05-04T01:27:16","date_gmt":"2024-05-04T01:27:16","guid":{"rendered":"https:\/\/e.kosmolat.eu\/product\/i_sila-lidz-paklaju-mebelu-tekstila-tirisanai-500-g\/"},"modified":"2026-04-23T07:44:26","modified_gmt":"2026-04-23T07:44:26","slug":"sila-professional-univers-lidz-jebkadu-virsmu-pakl-mikst-meb-un-tekstila-tirisanai-500-g","status":"publish","type":"product","link":"https:\/\/e.kosmolat.eu\/lt\/produktas\/sila-professional-univers-lidz-jebkadu-virsmu-pakl-mikst-meb-un-tekstila-tirisanai-500-g\/","title":{"rendered":"SILA PROFESSIONAL  Universali priemon\u0117,  bet koki\u0173 pavir\u0161i\u0173 plovimui ir valymui, Kilimai, mink\u0161ti ba"},"content":{"rendered":"<ul>\n<li>&Scaron;velniai pa\u0161alina ne\u0161varumus nuo pavir\u0161i\u0173, giliai \u012fsiskverbia \u012f kilim\u0173 audini\u0173 ir apmu\u0161al\u0173 pluo\u0161tus (tinka sintetiniams ir nat\u016braliems gaminiams).<\/li>\n<li>Pasi\u017eymi ilgalaikiu antimikrobiniu poveikiu.<\/li>\n<li>Sud\u0117tyje yra nemaloni\u0173 kvap\u0173 (gyv\u016bn\u0173, \u017euvies, tabako ir kt.) neutralizatoriaus.<\/li>\n<li>Nedirgina kv\u0117pavimo tak\u0173.<\/li>\n<\/ul>\n<p><strong>Naudojimo instrukcija: <\/strong>pavir\u0161iams: pasukite purk\u0161tuvo antgal\u012f \u012f darbin\u0119 pad\u0117t\u012f. Nor\u0117dami purk\u0161ti: pakelkite pur\u0161kimo groteles, kad susidaryt\u0173 putos &#8211; nuleiskite pur\u0161kimo groteles. Tolygiai purk\u0161ti 15-20 cm atstumu tiesiai ant u\u017eter\u0161to pavir\u0161iaus, palikti kelioms sekund\u0117ms, nuvalyti dr\u0117gna \u0161luoste ar kempine. Esant dideliam u\u017eter\u0161imui, palikite priemon\u0119 ant pavir\u0161iaus ilgesniam laikui arba pakartokite proced\u016br\u0105. Pasukite purk\u0161tuv\u0105 \u012f nedarbin\u0119 pad\u0117t\u012f. Tekstil\u0117s gaminiams valyti naudokite put\u0173 purk\u0161tuv\u0105. Ant gaminio u\u017etepkite put\u0173, nuvalykite \u0161epet\u0117liu arba kempine. Palikite i\u0161d\u017ei\u016bti. Po d\u017eiovinimo jis lengvai valomas dulki\u0173 siurbliu. Prie\u0161 naudodami gle\u017enus daiktus, i\u0161bandykite ant nedidel\u0117s nepastebimos vietos.<\/p>\n<p><strong>Atsargumo priemon\u0117s:<\/strong> Venkite \u012fkv\u0117pti pur\u0161kiamojo skys\u010dio. Rekomenduojama m\u016bv\u0117ti gumines pir\u0161tines. Po darbo nusiplaukite rankas. Patekus \u012f akis ar skrand\u012f, gerai nuplaukite dideliu kiekiu vandens. Jei reikia, kreipkit\u0117s medicinin\u0117s pagalbos. Nemai\u0161yti su kitais preparatais. Po naudojimo i\u0161meskite kaip buitines atliekas.<\/p>\n<p><strong>Laikymo s\u0105lygos: <\/strong>laikyti vaikams nepasiekiamoje vietoje. Laikyti gamintojo u\u017edarytoje pakuot\u0117je vertikalioje pad\u0117tyje toliau nuo \u0161ildymo prietais\u0173, apsaugotoje nuo dr\u0117gm\u0117s ir tiesiogini\u0173 saul\u0117s spinduli\u0173, esant temperat\u016brai nuo +5&deg;C iki +25&deg;C, toliau nuo maisto ir gyvuli\u0173 pa\u0161aro.<\/p>\n<p>Galiojimo terminas 24 m\u0117nesiai.<\/p>\n<p><strong>Sud\u0117tis: <\/strong>ma\u017eiau kaip, 5 % &nbsp;nejonini\u0173 &nbsp;aktyvi\u0173j\u0173 pavir\u0161inio med\u017eiagos, ma\u017eiau kaip 5 % amfoterini\u0173 aktyvi\u0173j\u0173 pavir\u0161inio med\u017eiagos. Kvapai. Konservavimo med\u017eiaga: Benzisothiazolinone\/ Methylisothiazolinone. Da\u017eai.<\/p>\n<p>&nbsp;<\/p>\n<p><strong><img decoding=\"async\" alt=\"\" src=\"data:image\/png;base64,iVBORw0KGgoAAAANSUhEUgAAAD0AAAA6CAYAAAF0YGHHAAAAAXNSR0IArs4c6QAAAARnQU1BAACxjwv8YQUAAAAJcEhZcwAAFxEAABcRAcom8z8AAA+BSURBVFhH3ZkJcJTVHcCZFjoda0dH2zo9ZEZQqMYKckhCjs29m2Szm4tcmywEkkAuwg2RyDWgCIicQgVRUDkGoUUkFdQEqJbIIZUICKjhDkj2Pr5vvz3+ff\/\/vs1BDpKQIPU3s7O737u\/9\/7n69Up9CFDAHG886Yff9SIbthAKvThmD11AS9iLYc+xR97qayspG\/n6LQaqmBf\/gosWrSIPshbb71F3yAfCVQBMarCvQ85juiRLl7UiH74X6lQSAg\/yR+1xDE2dSH\/2QWwe\/3wpxsn5uPazIl9aXCOfujAxkpC4eg8fFhbW0uFSEFBAZiSFd5KQlSgu+k7yMnJgYULF4Lz9KnGXkRleDWVcoT1q1rOwzYqdjIWGn1dt4axILMf\/9kx9LKhoPd\/FgwAD\/NHd4bNojc2uh394CdBXLwoiVdriVSYE6TnZ2rDhg0QFRUFubm5UFxcDMOHD6dXhxjChoOrZNwHvBlbfFbiO4ZIfypEPv\/8c1Cr1fyfl5dffhmeeOIJ6tCHddYkEGaUbObdsEOiCLphKR7Hi9vGsW8PeKIC2n7TYkLUJgOXnaZYphaCoA4382p3xpieqNAN7g+GCH8QUpW7+ePO4cjVVPKfnUNKirxizs8CiA1pe62tIcpDHLalC2jNrrOnAdp7WU2BmGAQP9xFDX249Tpwhg9vvwOICQLnyWO8yW1IEtjYUeZVmwORI8D9400wGo2wbt06iIuLozbp6ekQFhYGWq2W\/ptu78DBpgQuF7jdbrhx4wbY7Xaq6EOlUsGSJUvg8OHD9N\/g68DMzm9TPvroI\/6rkQEDBkBRURF9fBh9HeiDB8PXZ840qE\/8oNrwIZfL4bvvvoPZs2fTf1SQ1vLJg6gxog8dRgV3QufvB6bNmx\/lzRpBEWwPfdDg9rfLHP4Cr9oc1Di8SvsIEawDl5M38yoFXtQxPFH+4NbVg4XNhD\/qHHhw+M\/uxa4Kr6EXHB+GK\/sVf9yz2JUyE1p765wZ9D6dR4\/QuQFFIHiqKv7Cq3UvrvhQ0I98Duwb19Kgt+O6comZjf7giRgB9uWLgnmzrmMoLX0Y5IGgH+EHjoOf8mHaxyPYAc2SyIRGWvhSIe+q4+jLpj2HClD\/\/FO0ojNMdE+dOkViO3bsWJg+fTq8++67pH3QdO3btw\/mzZsHZWVl8MYbb8AHH3xAE0GjamXyIU4r\/jvvum3EPI3KxY44Gg+PyUgdICaTCd5\/\/33+r22wHhIeHg47d+6EmTNn0n+jPAgMoUPBma85yIdqxJqdMMfO1KI+4G9UuSmoSw8cOECdKZVK\/rR19Ho9nD59GvLz8xvUZ1NMYzNIU0iaxMt8aLQAbF+Z3rG\/\/XeqtH79epTPhk9oaCj4+\/s3e9aUxMRE0tezZs2i\/1lZzPC1gutiLbl5wDwO1kdzhOhgmw7FaPYUXr3zeDwe\/qsR6RgXR+Yd3ygre4wP1zpSbOgFAzut5jGjePOuIW7dDPrAQWT+Pfv3\/4Z33zHsqsgKE9NiBiZuncE6bxagIrJE+ou8q67jTFa8bGUKHn339jDnadipZvKtll3iTbsPU2qcVmIaTD9kAHgcIh+SiRJ7rUb2hsSUmCO8as9xKzt9GET7MyXiB1Y2qDU1biUvujdcnVX0qLNphHgvsJTP8IPoADDLhoA4vfgN\/rhnMRfkyDzMOdCPeAaMqggwMXUpTczbxYt7BkNOSoqTaSQylxaz94ApgsDITrUzP\/swr9a9SOO14x0oXkOeRLVFg\/owJimYjh4GrnHp3oC\/u5CyksrRyBjIyLRUlQjKMxmIrPgrvNndIWaqVlvRsjFv5U5YSsfT4GJyvIk37xpCVsJOU9gwFvy17iy3hnXuLNAFPw\/2ZLmTd9M5xGT5ITw0xmQ577Lj2NetIBPsUUe2NI3tYUuIOo0urylDRR0dOnQItm3bRrYYA7EXX3yRXCWNRgPnzp2DpUuXkkeCLtT+\/fvh+o+3QHz3La+18rrNfXjXbSMlyy\/jPpnHZ9OgSEZGBmzcuJFyDfHx8RTEoQ+G4dSYMWMoOvTz8wOFQkHOAkaNiFSxh\/wziJPBrbNnf8uHaIkUG1JPfvZL06mhj8jISHA4HPxf63zxxRcslJVo9RhtfvbZZyCKIjiPVYP+BWbhmLzbduz4Mx+qEUdcoKAPeR6si+fxrpiImL1KIi0tjb5v3bpF361RXV0NqampUFNTAxUVFbQVPpw1\/2XuMfNMmIfr2L7lWT4kO0hKmac1537Tpk3k4vbt2xciIiLuuOry8nLyWPFV19fX86de3JdqQTfkKQAmIZYNKx7rheGKnh1\/qeoAr9KcBx98kL7b80AxmMdzkJ2dDQMHDiRHsrCwEH744Qdew4uHbYF+JFNCylDoZUuRLyVPg0UWPthLaPg89NBDNGjv3r0bnslkMl6Tya3VCpmZmbBgwQI64a+\/\/jqcOHGClzbHnJ9N8a41K2kV64eZueTYyRgQU\/bMKTVLDLT22bp1K+\/KC+79448\/Ti7wpUuXYM+ePZCXlwdXrlzhNZjPnRLjzbwlRFTToD4sqXEaCc0d7sMd9rI9MI9yO8aYYPLLxKSY\/\/DhmuPUKCPcLMzRP\/8kuOt\/5M3uDgPz1TArIKXF7eDDtI4xO9nrUw0dAK7vz\/PmXQOVh4W9XntqfMf8spt52v4gZ1Eliwqc33zNu+kE7HXjebEyA2ManbKYd9sxrpeU\/B4UI0HH\/Grp397Mfodg2gonLLHDKoxNn8C76xzX5s59AIM9HXMAxF3beM9t4zHoyC1ysn01TdCqeDddYy7ALyjSZJZGYBanLdyXL5JEYOLSMikvkje\/e8SoILcueDDYlr\/Ch2rEdfZMQ5ToKSt5hjfpPsSYACtZLxak+XB++QXQVRDzs+vnzuiZTBHCrFgd2mvL9BKQKg+QyGAWjxR\/TyMpZef0TD7RvYG4ELh2\/PgDvKjncarDjrBXf\/fx8L1CmDurnys99giw0+9WhoFjZulSdlR+wYt\/XhiLxg5zJkWdQwHAzDrGfagezCzuQ39QmJj\/3lmPp22f8P8J67RChUMVXkcBLlss5hctUwvAY7OC8\/NDZDxRMI24+BjmjxZoD1iPHfojb\/7\/hSknQyuqZVYJIz+m9tBe2uaXgYeZsdtxHq8GY2I0qUJMkEL0SHDmaY6L+3YP4N3d30iZiZNFeYgbHUkd03Lo1WBA1\/SWpS1cP3zHYjc1+eJ4z4W5UWdO6nlp4\/phvPv7BzThzjGpr+DxxFSYjskqpsWE9zbx5XQOd911iiHxdKB9crPTImWq64TXl8n5kD8d1z788AEpPX4T2iy8eNQx5YQyKu77J5\/+3eEx6MFaPo1u91FEJOZOSqkKs3XJAi2fwr3DvGPH7x2j5BXo\/2DuWcd8IbywkJhs9ghOJ9gWzydRwahTYHLPlKNLnDNzOp9Sz3Fz2rT+4ihlNZodjJHQ8cOkjetMDZ9dSzB7cPbsWbpmwiunN998E44cOUJleNEyadIkWLx4MWzZsgV27dpFZbW1ta3GZoiwYS0YmLbXBz5HN+ygjgDr9ImvVQH05tPsHmyT8odJCREXaLFsIIz3zOO14LrYGJPX1JyC4OBgWLFiBaxdu5ai3KqqKlqwxWKhaBYXc\/78eZgwYQK89tprUFxcDGvWrKGExMWLFyn6vXDhAtW9evUqHDx4EPbu3QvLli2DlJQUuH79Oh+Nxbof7gLDSKY7WBxixsUrQ0GanL\/lJsCDfNpdQyjOiZSYjXVzG4uLtZTmNbvHawpmxfr06QODBg2iNA1mTJYvX04Tx8XgdVpbO2iz2eDmzZvw1Vdf0Ut49dVX6UIyKioKHnnkESgtLeU1vVhZfexJ+vRfpEd0THFightig8FVoN0H3377O76MjmEfnaIRVTKbxCJuTFziMbaSjRW8I7bCsWPHKIGyefNm\/qTr4CnAzF5RURH9x\/SUWq2m3c\/NzaWb2JKSEirz4Tz+JRjVkUzj\/9Vr65m+ceVqvhQqKvp7V9UGNm3yZCE6qLmNXb+SqdGWuyMIAuU9v\/7aG9zjsZ04cSLlwD755BMq+\/jjj6mssziZ4lq9ejWlOFetWkW\/AwMDKbMYHR1Nz9qCbH26iq6z8HSSrR+TfM62dXNzW28bk7bMZ2MxbMJcmbBlI++mbb7\/\/nvo168fXT3jkUQZ1Wq1lEJDWe0qR48epR3FXN727dtJueFxx4zY5cuXea32cV+\/CuaCMeyUPk1KF5iIOibmrfEuOE35Drp9ZmYDMd1qiAoAce8\/eNNGvvnmG8rvoaJauXIlfXxKC3OAeE2OVFZW0k40rYcfVEa7d++mOrfjcrmoHaZocSdRm2OiGjPqqO0x3YtKEMGMKmp9zLRj0rM9PPW3wDKlkC5A0I\/AjJ+Ym7maFo6YkxRzREWQx45JUNztF54G+5rlvDnAunXrGhKfXf3gEW0NvDE\/efIkjBo1CgICAih7P3r0aDrOPo1dV1fXkGrGZCvuOCq\/1nAzq2LK5O4s7nKUP5gToi5Zpk74A5tHS4T0uDwxNkBwYPTDdh41tnXRS7gdvMueBReGooFKbM6cOTB\/\/nyyAlOmTCEN\/vbbb9MVBppBfFlNcZ44CsYkObmveB2NkZ2YIq82l894mi+vfUSNSuWICap3oblidhDfmmVGCbjZkbnfkA59Cga8JvV\/hjxEiAkGS1L0Hturc\/\/El9M57JrkYClWdpnywGirmUY3jcsA9806PuRPh+Ojf4IBRTHgWe9iFUEgZKp2MK+oe7wzvTb5OVuc7DR5Zajl2c4b0+LBdf5bPoV7h7CRuaLME0NXFHWQgylimyZhGSv6JZ9u93ItP7uvoAw\/hEl4lBtUeMb4MJD+c9g7ox7Cw2TdtnQhnTQdi7hEtlh3nAxEbUopn1rPU1ta+rCgjtzpi7Tw2gv9ckflfj7N7sHDFBZelaJOwfBSZLG1XSGzWcdn5\/Gp3Huqqub2FpPlq\/Gyke78mHzRfcD2LXzaXcN9ow7ME7QNiQRMbotxsutCyTgFH\/r+QEyJLWcav4mtfwbsa5mtv820tIfrUi2YspLIVJIbyRYrJUbUGnIzB\/Nh7k+EVOV4ITrY4bX1Q0A3+EmwLVnQ7t2n878nvDYWY3QmLh7W1pmk+NJcNrX7L2l6EnOGOtkWG2IiWx\/C4vChT4H1xcngsVr4UpmNPVzpTQOP4DaWhYa2JPley6Kynr+n6UnMGQkyR1zgFY\/P1uMCc9LAGBtKOW+vjQ0EQaPeVlVb+2ve7OeBRZvuZ1eG1njTTUwLM9m3R4\/0OLKT8GqnD6\/28+RqUfajYrqy0jo6ZQZ\/dA\/p1et\/E8GyXiEuhVQAAAAASUVORK5CYII=\" style=\"height:38px; width:40px\" \/>GHS05 Pavojinga<\/strong><br \/>\nH318 Smarkiai pa\u017eeid\u017eia akis<br \/>\nH315 Dirgina od\u0105 &nbsp; &nbsp; &nbsp;<br \/>\nP102 Laikyti vaikams neprieinamoje vietoje.<br \/>\nP260 Ne\u012fkv\u0117pti aerozolio.<br \/>\nP264 Po naudojimo kruop\u0161\u010diai nuplaukite rankas<br \/>\nP280 M\u016bv\u0117ti apsaugines pir\u0161tines\/d\u0117v\u0117ti apsauginius drabu\u017eius\/naudoti aki\u0173 (veido) apsaugos priemones.<br \/>\nP305+P351+P338 Patekus \u012f akis: Kelias minutes atsargiai plauti vandeniu. I\u0161imti kontaktinius l\u0119\u0161ius, jeigu jie yra ir jeigu lengvai galima tai padaryti. Toliau plauti akis.<br \/>\nP310 Nedelsiant skambinti \u012f apsinuodijim\u0173 kontrol\u0117s ir informacijos biur\u0105 arba kreiptis \u012f gydytoj\u0105<br \/>\nP302+P352 Patekus ant odos: Nuplauti dideliu kiekiu muilo ir vandens<br \/>\nP332+P313 Jeigu sudirginama oda: kreiptis \u012f gydytoj\u0105<br \/>\nP321 Specialus gydymas (\u017er. \u0161ioje etiket\u0117je).<br \/>\n&nbsp;<\/p>\n","protected":false},"excerpt":{"rendered":"<p>&Scaron;velniai pa\u0161alina ne\u0161varumus nuo pavir\u0161i\u0173, giliai \u012fsiskverbia \u012f kilim\u0173 audini\u0173 ir apmu\u0161al\u0173 pluo\u0161tus (tinka sintetiniams ir nat\u016braliems gaminiams). Pasi\u017eymi ilgalaikiu antimikrobiniu poveikiu. Sud\u0117tyje yra nemaloni\u0173 kvap\u0173 (gyv\u016bn\u0173, \u017euvies, tabako ir kt.) neutralizatoriaus. Nedirgina kv\u0117pavimo tak\u0173. Naudojimo instrukcija: pavir\u0161iams: pasukite purk\u0161tuvo antgal\u012f \u012f darbin\u0119 pad\u0117t\u012f. Nor\u0117dami purk\u0161ti: pakelkite pur\u0161kimo groteles, kad susidaryt\u0173 putos &#8211; nuleiskite pur\u0161kimo [&#8230;]\n","protected":false},"featured_media":98543,"template":"","meta":[],"product_cat":[1461],"product_tag":[],"class_list":{"0":"post-51040","1":"product","2":"type-product","3":"status-publish","4":"has-post-thumbnail","6":"product_brand-slobozanskij-milovar_ua-lt","7":"product_cat-kitos-valymo-priemones","9":"first","10":"instock","11":"taxable","12":"shipping-taxable","13":"product-type-simple"},"_links":{"self":[{"href":"https:\/\/e.kosmolat.eu\/lt\/wp-json\/wp\/v2\/product\/51040","targetHints":{"allow":["GET"]}}],"collection":[{"href":"https:\/\/e.kosmolat.eu\/lt\/wp-json\/wp\/v2\/product"}],"about":[{"href":"https:\/\/e.kosmolat.eu\/lt\/wp-json\/wp\/v2\/types\/product"}],"wp:featuredmedia":[{"embeddable":true,"href":"https:\/\/e.kosmolat.eu\/lt\/wp-json\/wp\/v2\/media\/98543"}],"wp:attachment":[{"href":"https:\/\/e.kosmolat.eu\/lt\/wp-json\/wp\/v2\/media?parent=51040"}],"wp:term":[{"taxonomy":"product_cat","embeddable":true,"href":"https:\/\/e.kosmolat.eu\/lt\/wp-json\/wp\/v2\/product_cat?post=51040"},{"taxonomy":"product_tag","embeddable":true,"href":"https:\/\/e.kosmolat.eu\/lt\/wp-json\/wp\/v2\/product_tag?post=51040"}],"curies":[{"name":"wp","href":"https:\/\/api.w.org\/{rel}","templated":true}]}}