{"id":50960,"date":"2024-05-04T00:15:07","date_gmt":"2024-05-04T00:15:07","guid":{"rendered":"https:\/\/e.kosmolat.eu\/product\/relouis-kiss-me-again-ton-skidr-lupu-kr-tonis-03-3-5-g\/"},"modified":"2025-09-20T04:51:41","modified_gmt":"2025-09-20T04:51:41","slug":"relouis-03-kiss-me-again-toneta-skidra-lupu-krasa-3-5-g","status":"publish","type":"product","link":"https:\/\/e.kosmolat.eu\/lt\/produktas\/relouis-03-kiss-me-again-toneta-skidra-lupu-krasa-3-5-g\/","title":{"rendered":"RELOUIS Kiss Me Again Tonuotas gelinjs l\u016bpd\u017eis, tonas 03, 3.5 g"},"content":{"rendered":"<p><strong>Naudojimo instrukcijos:<\/strong> Tepkite gelin\u012f l\u016bpda\u017e\u012f aplikatoriumi.<\/p>\n<p>Laikyti nuo +5 &deg;C iki +25 &deg;C temperat\u016broje.<br \/>\n&nbsp;<\/p>\n","protected":false},"excerpt":{"rendered":"<p>Naudojimo instrukcijos: Tepkite gelin\u012f l\u016bpda\u017e\u012f aplikatoriumi. Laikyti nuo +5 &deg;C iki +25 &deg;C temperat\u016broje. &nbsp;<\/p>\n","protected":false},"featured_media":92262,"template":"","meta":[],"product_cat":[1273],"product_tag":[],"class_list":{"0":"post-50960","1":"product","2":"type-product","3":"status-publish","4":"has-post-thumbnail","6":"product_brand-relui-bel_by-lt","7":"product_cat-lupu-blizgesys","9":"first","10":"outofstock","11":"taxable","12":"shipping-taxable","13":"product-type-simple"},"_links":{"self":[{"href":"https:\/\/e.kosmolat.eu\/lt\/wp-json\/wp\/v2\/product\/50960","targetHints":{"allow":["GET"]}}],"collection":[{"href":"https:\/\/e.kosmolat.eu\/lt\/wp-json\/wp\/v2\/product"}],"about":[{"href":"https:\/\/e.kosmolat.eu\/lt\/wp-json\/wp\/v2\/types\/product"}],"wp:featuredmedia":[{"embeddable":true,"href":"https:\/\/e.kosmolat.eu\/lt\/wp-json\/wp\/v2\/media\/92262"}],"wp:attachment":[{"href":"https:\/\/e.kosmolat.eu\/lt\/wp-json\/wp\/v2\/media?parent=50960"}],"wp:term":[{"taxonomy":"product_cat","embeddable":true,"href":"https:\/\/e.kosmolat.eu\/lt\/wp-json\/wp\/v2\/product_cat?post=50960"},{"taxonomy":"product_tag","embeddable":true,"href":"https:\/\/e.kosmolat.eu\/lt\/wp-json\/wp\/v2\/product_tag?post=50960"}],"curies":[{"name":"wp","href":"https:\/\/api.w.org\/{rel}","templated":true}]}}