{"id":50920,"date":"2024-05-03T23:40:13","date_gmt":"2024-05-03T23:40:13","guid":{"rendered":"https:\/\/e.kosmolat.eu\/product\/relouis-fashion-gloss-lupu-spid-ar-spogula-efektu-tonis-01-3-7-g\/"},"modified":"2025-09-20T04:29:55","modified_gmt":"2025-09-20T04:29:55","slug":"relouis-01-fashion-gloss-lupu-spid-ar-spogula-efektu-3-7-g","status":"publish","type":"product","link":"https:\/\/e.kosmolat.eu\/lt\/produktas\/relouis-01-fashion-gloss-lupu-spid-ar-spogula-efektu-3-7-g\/","title":{"rendered":"RELOUIS Fashion Gloss L\u016bp\u0173 blizgis su veidrodiniu efektu, tonas 01, 3,7 g"},"content":{"rendered":"<p><strong>Naudojimo instrukcija:<\/strong> aplikatoriumi u\u017etepkite l\u016bp\u0173 blizges\u012f.<\/p>\n<p>Laikyti nuo +5&deg;C iki +25&deg;C temperat\u016broje.<br \/>\n&nbsp;<\/p>\n","protected":false},"excerpt":{"rendered":"<p>Naudojimo instrukcija: aplikatoriumi u\u017etepkite l\u016bp\u0173 blizges\u012f. Laikyti nuo +5&deg;C iki +25&deg;C temperat\u016broje. &nbsp;<\/p>\n","protected":false},"featured_media":91942,"template":"","meta":[],"product_cat":[1273],"product_tag":[],"class_list":{"0":"post-50920","1":"product","2":"type-product","3":"status-publish","4":"has-post-thumbnail","6":"product_brand-relui-bel_by-lt","7":"product_cat-lupu-blizgesys","9":"first","10":"outofstock","11":"taxable","12":"shipping-taxable","13":"product-type-simple"},"_links":{"self":[{"href":"https:\/\/e.kosmolat.eu\/lt\/wp-json\/wp\/v2\/product\/50920","targetHints":{"allow":["GET"]}}],"collection":[{"href":"https:\/\/e.kosmolat.eu\/lt\/wp-json\/wp\/v2\/product"}],"about":[{"href":"https:\/\/e.kosmolat.eu\/lt\/wp-json\/wp\/v2\/types\/product"}],"wp:featuredmedia":[{"embeddable":true,"href":"https:\/\/e.kosmolat.eu\/lt\/wp-json\/wp\/v2\/media\/91942"}],"wp:attachment":[{"href":"https:\/\/e.kosmolat.eu\/lt\/wp-json\/wp\/v2\/media?parent=50920"}],"wp:term":[{"taxonomy":"product_cat","embeddable":true,"href":"https:\/\/e.kosmolat.eu\/lt\/wp-json\/wp\/v2\/product_cat?post=50920"},{"taxonomy":"product_tag","embeddable":true,"href":"https:\/\/e.kosmolat.eu\/lt\/wp-json\/wp\/v2\/product_tag?post=50920"}],"curies":[{"name":"wp","href":"https:\/\/api.w.org\/{rel}","templated":true}]}}