{"id":50904,"date":"2024-05-03T10:50:37","date_gmt":"2024-05-03T10:50:37","guid":{"rendered":"https:\/\/e.kosmolat.eu\/product\/bespoke-men-gin-and-citrus-woods-parfimerijas-udens-100ml\/"},"modified":"2026-04-17T07:55:33","modified_gmt":"2026-04-17T07:55:33","slug":"bespoke-men-gin-and-citrus-woods-parfimerijas-udens-100ml","status":"publish","type":"product","link":"https:\/\/e.kosmolat.eu\/lt\/produktas\/bespoke-men-gin-and-citrus-woods-parfimerijas-udens-100ml\/","title":{"rendered":"BESPOKE LONDON Parfumuotas vanduo  vyrams Gin and Citrus Woods, 100 ml"},"content":{"rendered":"<p><strong>Atsargumo priemon\u0117s:<\/strong> Degi, lengvai u\u017esiliepsnojanti. Nenaudokite \u0161alia ugnies, liepsnos ar \u0161ilumos \u0161altini\u0173.<\/p>\n","protected":false},"excerpt":{"rendered":"<p>Atsargumo priemon\u0117s: Degi, lengvai u\u017esiliepsnojanti. Nenaudokite \u0161alia ugnies, liepsnos ar \u0161ilumos \u0161altini\u0173.<\/p>\n","protected":false},"featured_media":105212,"template":"","meta":[],"product_cat":[2181],"product_tag":[],"class_list":{"0":"post-50904","1":"product","2":"type-product","3":"status-publish","4":"has-post-thumbnail","6":"product_brand-incos_gb-lt","7":"product_cat-bez-kategorijas-lt","9":"first","10":"instock","11":"taxable","12":"shipping-taxable","13":"product-type-simple"},"_links":{"self":[{"href":"https:\/\/e.kosmolat.eu\/lt\/wp-json\/wp\/v2\/product\/50904","targetHints":{"allow":["GET"]}}],"collection":[{"href":"https:\/\/e.kosmolat.eu\/lt\/wp-json\/wp\/v2\/product"}],"about":[{"href":"https:\/\/e.kosmolat.eu\/lt\/wp-json\/wp\/v2\/types\/product"}],"wp:featuredmedia":[{"embeddable":true,"href":"https:\/\/e.kosmolat.eu\/lt\/wp-json\/wp\/v2\/media\/105212"}],"wp:attachment":[{"href":"https:\/\/e.kosmolat.eu\/lt\/wp-json\/wp\/v2\/media?parent=50904"}],"wp:term":[{"taxonomy":"product_cat","embeddable":true,"href":"https:\/\/e.kosmolat.eu\/lt\/wp-json\/wp\/v2\/product_cat?post=50904"},{"taxonomy":"product_tag","embeddable":true,"href":"https:\/\/e.kosmolat.eu\/lt\/wp-json\/wp\/v2\/product_tag?post=50904"}],"curies":[{"name":"wp","href":"https:\/\/api.w.org\/{rel}","templated":true}]}}