{"id":50899,"date":"2024-05-03T08:23:39","date_gmt":"2024-05-03T08:23:39","guid":{"rendered":"https:\/\/e.kosmolat.eu\/product\/i_davanu-komplekts-bioton-for-men-nr-21\/"},"modified":"2025-06-12T09:42:23","modified_gmt":"2025-06-12T09:42:23","slug":"i_davanu-komplekts-bioton-for-men-nr-21","status":"publish","type":"product","link":"https:\/\/e.kosmolat.eu\/lt\/produktas\/i_davanu-komplekts-bioton-for-men-nr-21\/","title":{"rendered":"I_BIOTON COSMETICS Dovan\u0173 rink Vyrams Nr. 21 (Du\u0161o \u017eel\u0117, 250 ml + Dr\u0117kinamasis skutimosi kremas, 7"},"content":{"rendered":"<p>1) Du\u0161o Gekis &bdquo;Vynuog\u0117s ir figos&ldquo; vyrams puikiai tonizuoja ir valo od\u0105, nepersausindama. Vynuogi\u0173 ekstraktas pasi\u017eymi antioksidaciniu poveikiu, skatina odos regeneracij\u0105. Fig\u0173 ekstraktas, kuriame gausu vitamin\u0173 ir mineral\u0173, didina apsaugin\u0119 odos funkcij\u0105, suteikia energijos. Du\u0161o \u017eel\u0117 suteikia \u0161vie\u017eumo, gaivumo ir \u0161varos poj\u016bt\u012f.<\/p>\n<p><strong>Naudojimas:<\/strong> u\u017etepkite gel\u012f ant delno ar kempin\u0117s, lengvais judesiais suputokite tepkite ant k\u016bno, nuplaukite vandeniu.<\/p>\n<p><strong>Tinkamumo laikas:<\/strong> 30 m\u0117nesi\u0173. Laikyti nuo 0 &deg;C iki +25 &deg;C temperat\u016broje.<\/p>\n<p>2) Skutimosi kremas turi malon\u0173 v\u0117sinant\u012f poveik\u012f, u\u017etikrina skland\u0173 skutimosi peiliuko slydim\u0105 per od\u0105. Kreme esantis vitamin\u0173 ir alavijo ekstrakto kompleksas apsaugo nuo sudirginimo, ma\u017eina paraudim\u0105, ramina ir mink\u0161tina od\u0105, suteikia gaivumo poj\u016bt\u012f. Oda tampa lygi ir maloni liesti. Produktas tinka vis\u0173 tip\u0173 odai.<\/p>\n<p><strong>Naudojimas: <\/strong>Naudodami \u0161epet\u0117l\u012f, sukamaisiais judesiais tolygiai paskirstykite krem\u0105 ant visos odos.<\/p>\n<p><strong>Atsargumo priemon\u0117s: <\/strong>Tik i\u0161oriniam naudojimui. Saugoti nuo vaik\u0173 ir gyv\u016bn\u0173.<\/p>\n<p><strong>Tinkamumo laikas:<\/strong> 24 m\u0117nesiai. Laikyti nuo +5 &deg;C iki +25 &deg;C temperat\u016broje.<br \/>\n&nbsp;<\/p>\n","protected":false},"excerpt":{"rendered":"<p>1) Du\u0161o Gekis &bdquo;Vynuog\u0117s ir figos&ldquo; vyrams puikiai tonizuoja ir valo od\u0105, nepersausindama. Vynuogi\u0173 ekstraktas pasi\u017eymi antioksidaciniu poveikiu, skatina odos regeneracij\u0105. Fig\u0173 ekstraktas, kuriame gausu vitamin\u0173 ir mineral\u0173, didina apsaugin\u0119 odos funkcij\u0105, suteikia energijos. Du\u0161o \u017eel\u0117 suteikia \u0161vie\u017eumo, gaivumo ir \u0161varos poj\u016bt\u012f. Naudojimas: u\u017etepkite gel\u012f ant delno ar kempin\u0117s, lengvais judesiais suputokite tepkite ant k\u016bno, [&#8230;]\n","protected":false},"featured_media":13029,"template":"","meta":[],"product_cat":[1858],"product_tag":[],"class_list":{"0":"post-50899","1":"product","2":"type-product","3":"status-publish","4":"has-post-thumbnail","6":"product_brand-bioton_ua-lt","7":"product_cat-dovanu-rinkiniai-vyrams","9":"first","10":"instock","11":"taxable","12":"shipping-taxable","13":"product-type-simple"},"_links":{"self":[{"href":"https:\/\/e.kosmolat.eu\/lt\/wp-json\/wp\/v2\/product\/50899","targetHints":{"allow":["GET"]}}],"collection":[{"href":"https:\/\/e.kosmolat.eu\/lt\/wp-json\/wp\/v2\/product"}],"about":[{"href":"https:\/\/e.kosmolat.eu\/lt\/wp-json\/wp\/v2\/types\/product"}],"wp:featuredmedia":[{"embeddable":true,"href":"https:\/\/e.kosmolat.eu\/lt\/wp-json\/wp\/v2\/media\/13029"}],"wp:attachment":[{"href":"https:\/\/e.kosmolat.eu\/lt\/wp-json\/wp\/v2\/media?parent=50899"}],"wp:term":[{"taxonomy":"product_cat","embeddable":true,"href":"https:\/\/e.kosmolat.eu\/lt\/wp-json\/wp\/v2\/product_cat?post=50899"},{"taxonomy":"product_tag","embeddable":true,"href":"https:\/\/e.kosmolat.eu\/lt\/wp-json\/wp\/v2\/product_tag?post=50899"}],"curies":[{"name":"wp","href":"https:\/\/api.w.org\/{rel}","templated":true}]}}