{"id":50888,"date":"2024-05-02T21:55:39","date_gmt":"2024-05-02T21:55:39","guid":{"rendered":"https:\/\/e.kosmolat.eu\/product\/dehidrejoss-toniks-rokam-100-ml\/"},"modified":"2025-09-19T22:08:00","modified_gmt":"2025-09-19T22:08:00","slug":"dehidrejoss-toniks-rokam-100-ml","status":"publish","type":"product","link":"https:\/\/e.kosmolat.eu\/lt\/produktas\/dehidrejoss-toniks-rokam-100-ml\/","title":{"rendered":"MILV Sausinantis tonikas rankoms. 100 ml"},"content":{"rendered":"<p>Tonikas skirtas rank\u0173 odos valymui prie\u0161 maniki\u016bro proced\u016br\u0105. Turi sausinant\u012f poveik\u012f. Sud\u0117tyje yra dr\u0117kinan\u010di\u0173 ingredient\u0173. Efektyviai pa\u0161alina dr\u0117gm\u0117s pertekli\u0173 nuo odos pavir\u0161iaus jos nesausindamas. Turi malon\u0173 aromat\u0105. Idealiai tinka ruo\u0161iantis fotografuoti ir filmuoti. Naudojimas: prie\u0161 ir po maniki\u016bro proced\u016bros rankas u\u017etepkite nedidel\u012f toniko kiek\u012f. Atsargumo priemon\u0117s: Tik i\u0161oriniam naudojimui. Saugoti nuo vaik\u0173. Laikymo s\u0105lygos: laikyti nuo +5&deg;C iki +25&deg;C temperat\u016broje. Venkite tiesiogini\u0173 saul\u0117s spinduli\u0173.<\/p>\n","protected":false},"excerpt":{"rendered":"<p>Tonikas skirtas rank\u0173 odos valymui prie\u0161 maniki\u016bro proced\u016br\u0105. Turi sausinant\u012f poveik\u012f. Sud\u0117tyje yra dr\u0117kinan\u010di\u0173 ingredient\u0173. Efektyviai pa\u0161alina dr\u0117gm\u0117s pertekli\u0173 nuo odos pavir\u0161iaus jos nesausindamas. Turi malon\u0173 aromat\u0105. Idealiai tinka ruo\u0161iantis fotografuoti ir filmuoti. Naudojimas: prie\u0161 ir po maniki\u016bro proced\u016bros rankas u\u017etepkite nedidel\u012f toniko kiek\u012f. Atsargumo priemon\u0117s: Tik i\u0161oriniam naudojimui. Saugoti nuo vaik\u0173. Laikymo s\u0105lygos: laikyti [&#8230;]\n","protected":false},"featured_media":85802,"template":"","meta":[],"product_cat":[1304],"product_tag":[],"class_list":{"0":"post-50888","1":"product","2":"type-product","3":"status-publish","4":"has-post-thumbnail","6":"product_brand-malina-akcija-lt","7":"product_cat-ranku-prieziuros-kosmetika","9":"first","10":"outofstock","11":"taxable","12":"shipping-taxable","13":"product-type-simple"},"_links":{"self":[{"href":"https:\/\/e.kosmolat.eu\/lt\/wp-json\/wp\/v2\/product\/50888","targetHints":{"allow":["GET"]}}],"collection":[{"href":"https:\/\/e.kosmolat.eu\/lt\/wp-json\/wp\/v2\/product"}],"about":[{"href":"https:\/\/e.kosmolat.eu\/lt\/wp-json\/wp\/v2\/types\/product"}],"wp:featuredmedia":[{"embeddable":true,"href":"https:\/\/e.kosmolat.eu\/lt\/wp-json\/wp\/v2\/media\/85802"}],"wp:attachment":[{"href":"https:\/\/e.kosmolat.eu\/lt\/wp-json\/wp\/v2\/media?parent=50888"}],"wp:term":[{"taxonomy":"product_cat","embeddable":true,"href":"https:\/\/e.kosmolat.eu\/lt\/wp-json\/wp\/v2\/product_cat?post=50888"},{"taxonomy":"product_tag","embeddable":true,"href":"https:\/\/e.kosmolat.eu\/lt\/wp-json\/wp\/v2\/product_tag?post=50888"}],"curies":[{"name":"wp","href":"https:\/\/api.w.org\/{rel}","templated":true}]}}