{"id":50880,"date":"2024-05-02T21:32:44","date_gmt":"2024-05-02T21:32:44","guid":{"rendered":"https:\/\/e.kosmolat.eu\/product\/bad-girl-lidzeklis-matu-tonesanai-electric-vibe-neona-dzeltens-150-ml\/"},"modified":"2025-09-19T21:49:34","modified_gmt":"2025-09-19T21:49:34","slug":"bad-girl-lidzeklis-matu-tonesanai-electric-vibe-neona-dzeltens-150-ml","status":"publish","type":"product","link":"https:\/\/e.kosmolat.eu\/lt\/produktas\/bad-girl-lidzeklis-matu-tonesanai-electric-vibe-neona-dzeltens-150-ml\/","title":{"rendered":"BAD GIRL Plauk\u0173 da\u017eai ELECTRIC VIBE Neonin\u0117 geltona, 150 ml"},"content":{"rendered":"<p>Revoliuciniai tiesioginio veikimo da\u017eai k\u016brybi\u0161koms, ilgai i\u0161liekan\u010dioms spalvoms. 16 mading\u0173 atspalvi\u0173, kuriuos suk\u016br\u0117 profesional\u016bs koloristai, kad namuose atrodyt\u0173 \u012fsp\u016bdingai. Atspalviai gali b\u016bti naudojami atskirai ar sumai\u0161yti tarpusavyje. Ideali konsistencija suteikia tolygi\u0105 spalv\u0105 per vis\u0105 plauk\u0173 ilg\u012f. Patogus aplikatorius tiksliam paskirstymui ir ry\u0161kiems spalv\u0173 per\u0117jimams. Keratino kompleksas &nbsp;apsaugo ir i\u0161lygina plauko pavir\u0161i\u0173. Vitaminas E ir lin\u0173 s\u0117men\u0173 aliejus dr\u0117kina ir suteikia plaukams blizgesio. Atspalvio patvarumas ir intensyvumas priklauso nuo plauk\u0173 strukt\u016bros ir akytumo. Did\u017eiausias sodrumas, &nbsp;9&ndash;10 lygis. Didel\u0117 pigment\u0173 koncentracija. Sodri spalva net po 10 plauk\u0173 plovim\u0173. Netepa drabu\u017ei\u0173, interjero daikt\u0173 ir vonios pavir\u0161iaus, v\u0117liau naudojant \u0161amp\u016bn\u0105. Gryni atspalviai net po plovimo kar\u0161tu vandeniu. Patvarumas iki 100 dien\u0173.<br \/>\nNaudojimo instrukcijos: m\u016bv\u0117kite pir\u0161tines. Spalv\u0173 mi\u0161in\u012f tolygiai u\u017etepkite ant \u0161vari\u0173, saus\u0173 plauk\u0173. Laikykite 20 &#8211; 30 minu\u010di\u0173. Pra\u0117jus ekspozicijos laikui, kruop\u0161\u010diai nuplaukite \u0161iltu vandeniu. Nenaudokite \u0161amp\u016bno. Nor\u0117dami gauti ry\u0161kiausi\u0105 rezultat\u0105, prie\u0161 naudodami produkt\u0105, turite pa\u0161viesinti plaukus. Nereikia mai\u0161yti su oksidatoriumi. N\u0117ra amoniako. Visos &bdquo;Bad girl&ldquo; spalvos gali b\u016bti mai\u0161omos tarpusavyje, siekiant individualaus atspalvio. Spalvos atsparumas priklauso nuo plauk\u0173 b\u016bkl\u0117s, ekspozicijos laiko ir tonavimo technikos. Norint i\u0161saugoti spalv\u0105 ateityje, rekomenduojame naudoti \u0161amp\u016bn\u0105 ir kondicionieri\u0173 da\u017eytiems plaukams. Pigmentui pa\u0161alinti nuo plauk\u0173 ir odos rekomenduojame naudoti REMOVER BAD GIRL.<br \/>\nD\u0116MESIO!<br \/>\nDa\u017e\u0173 spalva gali skirtis nuo gauto plauk\u0173 atspalvio.<br \/>\nPrie\u0161 naudojim\u0105 patikrinkite, ar n\u0117ra alergini\u0173 reakcij\u0173. Patekus \u012f akis, nuplaukite \u0161variu vandeniu. Jei da\u017eai patenka ant interjero daikt\u0173 ir vonios kambaryje esan\u010dio pavir\u0161iaus, nuplaukite juos sanitarini\u0173 prietais\u0173 valikliu. Laikyti vaikams nepasiekiamoje vietoje!<br \/>\n&nbsp;<\/p>\n","protected":false},"excerpt":{"rendered":"<p>Revoliuciniai tiesioginio veikimo da\u017eai k\u016brybi\u0161koms, ilgai i\u0161liekan\u010dioms spalvoms. 16 mading\u0173 atspalvi\u0173, kuriuos suk\u016br\u0117 profesional\u016bs koloristai, kad namuose atrodyt\u0173 \u012fsp\u016bdingai. Atspalviai gali b\u016bti naudojami atskirai ar sumai\u0161yti tarpusavyje. Ideali konsistencija suteikia tolygi\u0105 spalv\u0105 per vis\u0105 plauk\u0173 ilg\u012f. Patogus aplikatorius tiksliam paskirstymui ir ry\u0161kiems spalv\u0173 per\u0117jimams. Keratino kompleksas &nbsp;apsaugo ir i\u0161lygina plauko pavir\u0161i\u0173. Vitaminas E ir lin\u0173 [&#8230;]\n","protected":false},"featured_media":85422,"template":"","meta":[],"product_cat":[1442],"product_tag":[],"class_list":{"0":"post-50880","1":"product","2":"type-product","3":"status-publish","4":"has-post-thumbnail","6":"product_brand-vecie-kodi-lt","7":"product_cat-plauku-dazai-plauku-dazai","9":"first","10":"outofstock","11":"taxable","12":"shipping-taxable","13":"product-type-simple"},"_links":{"self":[{"href":"https:\/\/e.kosmolat.eu\/lt\/wp-json\/wp\/v2\/product\/50880","targetHints":{"allow":["GET"]}}],"collection":[{"href":"https:\/\/e.kosmolat.eu\/lt\/wp-json\/wp\/v2\/product"}],"about":[{"href":"https:\/\/e.kosmolat.eu\/lt\/wp-json\/wp\/v2\/types\/product"}],"wp:featuredmedia":[{"embeddable":true,"href":"https:\/\/e.kosmolat.eu\/lt\/wp-json\/wp\/v2\/media\/85422"}],"wp:attachment":[{"href":"https:\/\/e.kosmolat.eu\/lt\/wp-json\/wp\/v2\/media?parent=50880"}],"wp:term":[{"taxonomy":"product_cat","embeddable":true,"href":"https:\/\/e.kosmolat.eu\/lt\/wp-json\/wp\/v2\/product_cat?post=50880"},{"taxonomy":"product_tag","embeddable":true,"href":"https:\/\/e.kosmolat.eu\/lt\/wp-json\/wp\/v2\/product_tag?post=50880"}],"curies":[{"name":"wp","href":"https:\/\/api.w.org\/{rel}","templated":true}]}}